{"id":12313,"date":"2024-07-23T14:30:18","date_gmt":"2024-07-23T11:30:18","guid":{"rendered":"https:\/\/dev.glamuur.ee\/product\/ti-sento-milano-ear-charms-9182zi\/"},"modified":"2026-04-15T23:55:03","modified_gmt":"2026-04-15T20:55:03","slug":"ti-sento-milano-korva-volusid-9182zi","status":"publish","type":"product","link":"https:\/\/glamuur.ee\/et\/product\/ti-sento-milano-ear-charms-9182zi\/","title":{"rendered":"TI SENTO \u2013 Milano K\u00f5rvar\u00f5nga ripatsid"},"content":{"rendered":"<p>Need TI SENTO - Milano k\u00f5rvam\u00e4rgid annavad igale k\u00f5rvar\u00f5ngale romantilise v\u00e4limuse t\u00e4nu s\u00fcdamekujule. V\u00e4ikesed hartid on iga\u00fcks k\u00e4sitsi asetatud tsirkooniaga, mis annavad s\u00e4rava pinna. Ear Charms'e saab v\u00e4ga h\u00e4sti kanda \u00fcksikult h\u00f5bedast TI SENTO k\u00f5rvar\u00f5ngastel, kuid neid saab v\u00e4ga h\u00e4sti kombineerida ka kristallk\u00f5rvar\u00f5ngastega.<\/p>","protected":false},"excerpt":{"rendered":"<p>These TI SENTO \u2013 Milano Ear Charms give each earring a romantic apperance as a result of the hart shape. The little harts are each set by hand with Zirconia, which give a shining surface. The Ear Charms can very well be worn singularly on&#8230;<\/p>","protected":false},"featured_media":12314,"comment_status":"open","ping_status":"closed","template":"","meta":{"jetpack_post_was_ever_published":false},"product_brand":[],"product_cat":[72,144,941],"product_tag":[],"giftcard-category":[],"class_list":{"0":"post-12313","1":"product","2":"type-product","3":"status-publish","4":"has-post-thumbnail","6":"product_cat-ti-sento-milano","7":"product_cat-ti-sento-milano-ear-charms","8":"product_cat-valentines-day","9":"pa_material-silver","10":"pa_metal-color-silver","11":"pa_product-brand-ti-sento-milano","12":"pa_stone-color-white","13":"pa_type-category-ear-charms","15":"first","16":"instock","17":"featured","18":"taxable","19":"shipping-taxable","20":"purchasable","21":"product-type-simple"},"bundled_by":["251849","261066","251857"],"bundle_stock_status":"instock","bundle_stock_quantity":19,"bundle_virtual":false,"bundle_layout":"","bundle_add_to_cart_form_location":"","bundle_editable_in_cart":false,"bundle_sold_individually_context":"","bundle_item_grouping":"","bundle_min_size":"","bundle_max_size":"","bundle_price":[],"bundled_items":[],"bundle_sell_ids":[],"etheme_brands":{"errors":{"invalid_taxonomy":["Lubamatu taksonoomia."]},"error_data":[]},"_links":{"self":[{"href":"https:\/\/glamuur.ee\/et\/wp-json\/wp\/v2\/product\/12313","targetHints":{"allow":["GET"]}}],"collection":[{"href":"https:\/\/glamuur.ee\/et\/wp-json\/wp\/v2\/product"}],"about":[{"href":"https:\/\/glamuur.ee\/et\/wp-json\/wp\/v2\/types\/product"}],"replies":[{"embeddable":true,"href":"https:\/\/glamuur.ee\/et\/wp-json\/wp\/v2\/comments?post=12313"}],"wp:featuredmedia":[{"embeddable":true,"href":"https:\/\/glamuur.ee\/et\/wp-json\/wp\/v2\/media\/12314"}],"wp:attachment":[{"href":"https:\/\/glamuur.ee\/et\/wp-json\/wp\/v2\/media?parent=12313"}],"wp:term":[{"taxonomy":"product_brand","embeddable":true,"href":"https:\/\/glamuur.ee\/et\/wp-json\/wp\/v2\/product_brand?post=12313"},{"taxonomy":"product_cat","embeddable":true,"href":"https:\/\/glamuur.ee\/et\/wp-json\/wp\/v2\/product_cat?post=12313"},{"taxonomy":"product_tag","embeddable":true,"href":"https:\/\/glamuur.ee\/et\/wp-json\/wp\/v2\/product_tag?post=12313"},{"taxonomy":"giftcard-category","embeddable":true,"href":"https:\/\/glamuur.ee\/et\/wp-json\/wp\/v2\/giftcard-category?post=12313"}],"curies":[{"name":"wp","href":"https:\/\/api.w.org\/{rel}","templated":true}]}}