{"id":122609,"date":"2023-02-28T11:14:16","date_gmt":"2023-02-28T11:14:16","guid":{"rendered":"https:\/\/dev.glamuur.ee\/product\/bronzallure-bracelet-wsbz01933-c-blu\/"},"modified":"2025-04-30T16:57:11","modified_gmt":"2025-04-30T13:57:11","slug":"bronzallure-bracelet-wsbz01933-c-blu","status":"publish","type":"product","link":"https:\/\/glamuur.ee\/et\/product\/bronzallure-bracelet-wsbz01933-c-blu\/","title":{"rendered":"Bronzallure K\u00e4ev\u00f5ru"},"content":{"rendered":"<p>Ainulaadne k\u00e4ev\u00f5ru, millel on Kuldroosa paberkett ja helendavate kuubiliste tsirkooniumide v\u00f5i Prisma-kristallidega pav\u00e9-kiri. Sobib ideaalselt kandmiseks koos My Bronzallure isikup\u00e4rastatud loominguga. Avastage meie bijoux valik meie e-kaubanduses.<\/p><\/div>\n<p>*Tellimusehted n\u00f5uavad 10 t\u00f6\u00f6p\u00e4eva<\/p><\/div>\n<p>- Patenteeritud sulam Golden Rose <\/p><\/div>\n<p> - 18K roosakas kuldamine <\/p><\/div>\n<p> - Kuubiline tsirkoonium v\u00f5i Prisma kristallid<\/p><\/div>\n<p> - Disainitud Made in Italy <\/p><\/div>\n<p> - nikli- ja kaadmiumivaba, h\u00fcpoallergeenne. <\/p><\/div>\n<p> - Pikkus: 17,80 cm<\/p><\/div>\n<p><\/div>\n<p> 17,80CM<\/p>","protected":false},"excerpt":{"rendered":"<p>A unique bracelet with Golden Rose paper chain and pav\u00e9 letter in luminous cubic zirconia or Prisma Crystals. Perfect to wear with My Bronzallure personalized creations. Discover our selection of bijoux on our e-commerce. *Custom jewelry requires 10 working days &#8211; Patented Golden Rose alloy&#8230;<\/p>","protected":false},"featured_media":122610,"comment_status":"open","ping_status":"closed","template":"","meta":{"jetpack_post_was_ever_published":false},"product_brand":[],"product_cat":[726,193,196,980,964],"product_tag":[],"giftcard-category":[],"class_list":{"0":"post-122609","1":"product","2":"type-product","3":"status-publish","4":"has-post-thumbnail","6":"product_cat-bracelets","7":"product_cat-bronzallure","8":"product_cat-bronzallure-bracelets","9":"product_cat-ready-for-vacation","10":"product_cat-summer-sale-ti-sento","11":"pa_material-golden-rose","12":"pa_metal-color-rose-gold","13":"pa_product-brand-bronzallure","14":"pa_stone-color-blue","15":"pa_type-category-bracelets","17":"first","18":"outofstock","19":"featured","20":"taxable","21":"shipping-taxable","22":"purchasable","23":"product-type-simple"},"bundled_by":[],"bundle_stock_status":"outofstock","bundle_stock_quantity":0,"bundle_virtual":false,"bundle_layout":"","bundle_add_to_cart_form_location":"","bundle_editable_in_cart":false,"bundle_sold_individually_context":"","bundle_item_grouping":"","bundle_min_size":"","bundle_max_size":"","bundle_price":[],"bundled_items":[],"bundle_sell_ids":[],"etheme_brands":{"errors":{"invalid_taxonomy":["Lubamatu taksonoomia."]},"error_data":[]},"_links":{"self":[{"href":"https:\/\/glamuur.ee\/et\/wp-json\/wp\/v2\/product\/122609","targetHints":{"allow":["GET"]}}],"collection":[{"href":"https:\/\/glamuur.ee\/et\/wp-json\/wp\/v2\/product"}],"about":[{"href":"https:\/\/glamuur.ee\/et\/wp-json\/wp\/v2\/types\/product"}],"replies":[{"embeddable":true,"href":"https:\/\/glamuur.ee\/et\/wp-json\/wp\/v2\/comments?post=122609"}],"wp:featuredmedia":[{"embeddable":true,"href":"https:\/\/glamuur.ee\/et\/wp-json\/wp\/v2\/media\/122610"}],"wp:attachment":[{"href":"https:\/\/glamuur.ee\/et\/wp-json\/wp\/v2\/media?parent=122609"}],"wp:term":[{"taxonomy":"product_brand","embeddable":true,"href":"https:\/\/glamuur.ee\/et\/wp-json\/wp\/v2\/product_brand?post=122609"},{"taxonomy":"product_cat","embeddable":true,"href":"https:\/\/glamuur.ee\/et\/wp-json\/wp\/v2\/product_cat?post=122609"},{"taxonomy":"product_tag","embeddable":true,"href":"https:\/\/glamuur.ee\/et\/wp-json\/wp\/v2\/product_tag?post=122609"},{"taxonomy":"giftcard-category","embeddable":true,"href":"https:\/\/glamuur.ee\/et\/wp-json\/wp\/v2\/giftcard-category?post=122609"}],"curies":[{"name":"wp","href":"https:\/\/api.w.org\/{rel}","templated":true}]}}