{"id":122556,"date":"2023-02-28T11:12:57","date_gmt":"2023-02-28T11:12:57","guid":{"rendered":"https:\/\/dev.glamuur.ee\/product\/bronzallure-necklace-wsbz01259-lbq-sh\/"},"modified":"2025-04-30T16:57:13","modified_gmt":"2025-04-30T13:57:13","slug":"bronzallure-necklace-wsbz01259-lbq-sh","status":"publish","type":"product","link":"https:\/\/glamuur.ee\/et\/product\/bronzallure-necklace-wsbz01259-lbq-sh\/","title":{"rendered":"Bronzallure Kaelakee"},"content":{"rendered":"<p>\u00d5rn ja naiselik, sinine kvartsiit teeb selle Bronzallure'i roosip\u00e4rja kaelakee ainulaadseks. 18K roosakullatud Kuldne roosikivi on saadaval kolmes erinevas pikkuses. Paari seda sinise akaadiga rafineeritud v\u00e4limuse saavutamiseks v\u00f5i teiste erksav\u00e4rvilistega: loo oma isiklik stiil! Avastage k\u00f5ik roosikettidega ehted meie e-kaubanduses.<br \/>\n- Golden Rose patenteeritud sulam 18K roosakuldne pinnakate Sertifitseeritud looduslikud kivid Disainitud Made in Italy Niklivaba, kaadmiumivaba, h\u00fcpoallergeenne Pikkus: 38 cm + 3 cm | 75 cm | 100 cm 38CM+3CM<\/p>","protected":false},"excerpt":{"rendered":"<p>Delicate and feminine, blue quartzite makes this rosary necklace from Bronzallure unique. The 18K rose gold-plated Golden Rose jewel comes in three different lengths. Pair it with the blue agate for a refined look or with the other brightly colored ones: create your personal style!&#8230;<\/p>","protected":false},"featured_media":122557,"comment_status":"open","ping_status":"closed","template":"","meta":{"jetpack_post_was_ever_published":false},"product_brand":[],"product_cat":[193,195,794,727,980,964],"product_tag":[],"giftcard-category":[],"class_list":{"0":"post-122556","1":"product","2":"type-product","3":"status-publish","4":"has-post-thumbnail","6":"product_cat-bronzallure","7":"product_cat-bronzallure-necklaces","8":"product_cat-gift-ideas-up-to-100e","9":"product_cat-necklaces","10":"product_cat-ready-for-vacation","11":"product_cat-summer-sale-ti-sento","12":"pa_material-golden-rose","13":"pa_metal-color-rose-gold","14":"pa_product-brand-bronzallure","15":"pa_stone-color-green","16":"pa_type-category-necklaces","18":"first","19":"outofstock","20":"featured","21":"taxable","22":"shipping-taxable","23":"purchasable","24":"product-type-simple"},"bundled_by":[],"bundle_stock_status":"outofstock","bundle_stock_quantity":0,"bundle_virtual":false,"bundle_layout":"","bundle_add_to_cart_form_location":"","bundle_editable_in_cart":false,"bundle_sold_individually_context":"","bundle_item_grouping":"","bundle_min_size":"","bundle_max_size":"","bundle_price":[],"bundled_items":[],"bundle_sell_ids":[],"etheme_brands":{"errors":{"invalid_taxonomy":["Lubamatu taksonoomia."]},"error_data":[]},"_links":{"self":[{"href":"https:\/\/glamuur.ee\/et\/wp-json\/wp\/v2\/product\/122556","targetHints":{"allow":["GET"]}}],"collection":[{"href":"https:\/\/glamuur.ee\/et\/wp-json\/wp\/v2\/product"}],"about":[{"href":"https:\/\/glamuur.ee\/et\/wp-json\/wp\/v2\/types\/product"}],"replies":[{"embeddable":true,"href":"https:\/\/glamuur.ee\/et\/wp-json\/wp\/v2\/comments?post=122556"}],"wp:featuredmedia":[{"embeddable":true,"href":"https:\/\/glamuur.ee\/et\/wp-json\/wp\/v2\/media\/122557"}],"wp:attachment":[{"href":"https:\/\/glamuur.ee\/et\/wp-json\/wp\/v2\/media?parent=122556"}],"wp:term":[{"taxonomy":"product_brand","embeddable":true,"href":"https:\/\/glamuur.ee\/et\/wp-json\/wp\/v2\/product_brand?post=122556"},{"taxonomy":"product_cat","embeddable":true,"href":"https:\/\/glamuur.ee\/et\/wp-json\/wp\/v2\/product_cat?post=122556"},{"taxonomy":"product_tag","embeddable":true,"href":"https:\/\/glamuur.ee\/et\/wp-json\/wp\/v2\/product_tag?post=122556"},{"taxonomy":"giftcard-category","embeddable":true,"href":"https:\/\/glamuur.ee\/et\/wp-json\/wp\/v2\/giftcard-category?post=122556"}],"curies":[{"name":"wp","href":"https:\/\/api.w.org\/{rel}","templated":true}]}}