{"id":122280,"date":"2023-02-28T11:06:48","date_gmt":"2023-02-28T11:06:48","guid":{"rendered":"https:\/\/dev.glamuur.ee\/product\/bronzallure-bracelet-wsbz01884-bo\/"},"modified":"2025-04-30T16:57:23","modified_gmt":"2025-04-30T13:57:23","slug":"bronzallure-bracelet-wsbz01884-bo","status":"publish","type":"product","link":"https:\/\/glamuur.ee\/et\/product\/bronzallure-bracelet-wsbz01884-bo\/","title":{"rendered":"Bronzallure K\u00e4ev\u00f5ru"},"content":{"rendered":"<p>See Bronzallure'i looduslikust kivist mitmekordne kuusnurkne k\u00e4ev\u00f5ru on ideaalne igap\u00e4evane ehe. 18 kt roosakullaga kaetud Golden Rose'i alus sisaldab peenelt t\u00f6\u00f6deldud looduslikke kive, nagu must oon\u00fcks v\u00f5i valge p\u00e4rlmutter. \u00dchendage see koosk\u00f5lastatud k\u00f5rvar\u00f5ngaste ja kaelakee v\u00f5i teiste kollektsiooni ehetega.<br \/>\n- Golden Rose patenditud sulam 18KT roosakuldne pinnakate Sertifitseeritud looduslikud kivid Disainitud Made in Italy Niklivaba, kaadmiumivaba, h\u00fcpoallergeenne Pikkus: 17,5 cm + 5 cm pikendus Kivi laius: 13 mm 17,10CM + 4,45CM<\/p>","protected":false},"excerpt":{"rendered":"<p>This natural stone multi hexagonal bracelet by Bronzallure is the perfect everyday jewel. The 18kt rose gold plated Golden Rose base incorporates finely crafted natural stones such as black onyx or white mother of pearl. Pair it with the coordinating earrings and necklace or other&#8230;<\/p>","protected":false},"featured_media":122281,"comment_status":"open","ping_status":"closed","template":"","meta":{"jetpack_post_was_ever_published":false},"product_brand":[],"product_cat":[726,193,196,939,964],"product_tag":[],"giftcard-category":[],"class_list":{"0":"post-122280","1":"product","2":"type-product","3":"status-publish","4":"has-post-thumbnail","6":"product_cat-bracelets","7":"product_cat-bronzallure","8":"product_cat-bronzallure-bracelets","9":"product_cat-ti-sento-sale-europe","10":"product_cat-summer-sale-ti-sento","11":"pa_material-golden-rose","12":"pa_metal-color-rose-gold","13":"pa_product-brand-bronzallure","14":"pa_stone-color-black","15":"pa_type-category-bracelets","17":"first","18":"instock","19":"featured","20":"taxable","21":"shipping-taxable","22":"purchasable","23":"product-type-simple"},"bundled_by":[],"bundle_stock_status":"instock","bundle_stock_quantity":1,"bundle_virtual":false,"bundle_layout":"","bundle_add_to_cart_form_location":"","bundle_editable_in_cart":false,"bundle_sold_individually_context":"","bundle_item_grouping":"","bundle_min_size":"","bundle_max_size":"","bundle_price":[],"bundled_items":[],"bundle_sell_ids":[],"etheme_brands":{"errors":{"invalid_taxonomy":["Lubamatu taksonoomia."]},"error_data":[]},"_links":{"self":[{"href":"https:\/\/glamuur.ee\/et\/wp-json\/wp\/v2\/product\/122280","targetHints":{"allow":["GET"]}}],"collection":[{"href":"https:\/\/glamuur.ee\/et\/wp-json\/wp\/v2\/product"}],"about":[{"href":"https:\/\/glamuur.ee\/et\/wp-json\/wp\/v2\/types\/product"}],"replies":[{"embeddable":true,"href":"https:\/\/glamuur.ee\/et\/wp-json\/wp\/v2\/comments?post=122280"}],"wp:featuredmedia":[{"embeddable":true,"href":"https:\/\/glamuur.ee\/et\/wp-json\/wp\/v2\/media\/122281"}],"wp:attachment":[{"href":"https:\/\/glamuur.ee\/et\/wp-json\/wp\/v2\/media?parent=122280"}],"wp:term":[{"taxonomy":"product_brand","embeddable":true,"href":"https:\/\/glamuur.ee\/et\/wp-json\/wp\/v2\/product_brand?post=122280"},{"taxonomy":"product_cat","embeddable":true,"href":"https:\/\/glamuur.ee\/et\/wp-json\/wp\/v2\/product_cat?post=122280"},{"taxonomy":"product_tag","embeddable":true,"href":"https:\/\/glamuur.ee\/et\/wp-json\/wp\/v2\/product_tag?post=122280"},{"taxonomy":"giftcard-category","embeddable":true,"href":"https:\/\/glamuur.ee\/et\/wp-json\/wp\/v2\/giftcard-category?post=122280"}],"curies":[{"name":"wp","href":"https:\/\/api.w.org\/{rel}","templated":true}]}}