{"id":122213,"date":"2023-02-28T11:04:55","date_gmt":"2023-02-28T11:04:55","guid":{"rendered":"https:\/\/dev.glamuur.ee\/product\/bronzallure-necklace-wsbz01768-bo\/"},"modified":"2025-09-12T15:05:20","modified_gmt":"2025-09-12T12:05:20","slug":"pronksvalge-kaelakee-wsbz01768-bo","status":"publish","type":"product","link":"https:\/\/glamuur.ee\/et\/product\/bronzallure-necklace-wsbz01768-bo\/","title":{"rendered":"Bronzallure Kaelakee"},"content":{"rendered":"<p>See pikk kaelakee sisaldab 18 kt roosakullatud teemantkuulikett ja looduskivist s\u00fcdamega ripatsit. Ideaalne kingitus s\u00f5brap\u00e4evaks v\u00f5i lihtsalt \u00fcllatuseks oma kallimale. Saadaval musta oon\u00fc\u00fcksi, valge p\u00e4rli v\u00f5i punase kvartsiidi kujul - valik on teie! \u00dchendage kaelakee sobivate s\u00f5rmuste ja k\u00f5rvar\u00f5ngastega v\u00f5i teiste Alba kollektsiooni bijoux'idega.<br \/>\n- Golden Rose patenditud sulam 18KT roosakuldne pinnakate Sertifitseeritud looduslikud kivid Disainitud Made in Italy Niklivaba, kaadmiumivaba, h\u00fcpoallergeenne Pikkus 81,8 cm + 10 cm pikendus 91,40CM<\/p>","protected":false},"excerpt":{"rendered":"<p>This long necklace incorporates an 18kt rose gold plated diamond cube chain and a natural stone heart pendant. A perfect gift for Valentine&#8217;s Day or just to surprise the one you love. Available in black onyx, white pearl or red quartzite &#8211; the choice is&#8230;<\/p>","protected":false},"featured_media":122214,"comment_status":"open","ping_status":"closed","template":"","meta":{"jetpack_post_was_ever_published":false},"product_brand":[],"product_cat":[193,195,727,939,964,941],"product_tag":[942],"giftcard-category":[],"class_list":{"0":"post-122213","1":"product","2":"type-product","3":"status-publish","4":"has-post-thumbnail","6":"product_cat-bronzallure","7":"product_cat-bronzallure-necklaces","8":"product_cat-necklaces","9":"product_cat-ti-sento-sale-europe","10":"product_cat-summer-sale-ti-sento","11":"product_cat-valentines-day","12":"product_tag-valentines-day","13":"pa_material-golden-rose","14":"pa_metal-color-rose-gold","15":"pa_product-brand-bronzallure","16":"pa_stone-color-black","17":"pa_type-category-necklaces","19":"first","20":"instock","21":"featured","22":"taxable","23":"shipping-taxable","24":"purchasable","25":"product-type-simple"},"bundled_by":[],"bundle_stock_status":"instock","bundle_stock_quantity":8,"bundle_virtual":false,"bundle_layout":"","bundle_add_to_cart_form_location":"","bundle_editable_in_cart":false,"bundle_sold_individually_context":"","bundle_item_grouping":"","bundle_min_size":"","bundle_max_size":"","bundle_price":[],"bundled_items":[],"bundle_sell_ids":[],"etheme_brands":{"errors":{"invalid_taxonomy":["Lubamatu taksonoomia."]},"error_data":[]},"_links":{"self":[{"href":"https:\/\/glamuur.ee\/et\/wp-json\/wp\/v2\/product\/122213","targetHints":{"allow":["GET"]}}],"collection":[{"href":"https:\/\/glamuur.ee\/et\/wp-json\/wp\/v2\/product"}],"about":[{"href":"https:\/\/glamuur.ee\/et\/wp-json\/wp\/v2\/types\/product"}],"replies":[{"embeddable":true,"href":"https:\/\/glamuur.ee\/et\/wp-json\/wp\/v2\/comments?post=122213"}],"wp:featuredmedia":[{"embeddable":true,"href":"https:\/\/glamuur.ee\/et\/wp-json\/wp\/v2\/media\/122214"}],"wp:attachment":[{"href":"https:\/\/glamuur.ee\/et\/wp-json\/wp\/v2\/media?parent=122213"}],"wp:term":[{"taxonomy":"product_brand","embeddable":true,"href":"https:\/\/glamuur.ee\/et\/wp-json\/wp\/v2\/product_brand?post=122213"},{"taxonomy":"product_cat","embeddable":true,"href":"https:\/\/glamuur.ee\/et\/wp-json\/wp\/v2\/product_cat?post=122213"},{"taxonomy":"product_tag","embeddable":true,"href":"https:\/\/glamuur.ee\/et\/wp-json\/wp\/v2\/product_tag?post=122213"},{"taxonomy":"giftcard-category","embeddable":true,"href":"https:\/\/glamuur.ee\/et\/wp-json\/wp\/v2\/giftcard-category?post=122213"}],"curies":[{"name":"wp","href":"https:\/\/api.w.org\/{rel}","templated":true}]}}