{"id":122011,"date":"2023-02-28T10:58:39","date_gmt":"2023-02-28T10:58:39","guid":{"rendered":"https:\/\/dev.glamuur.ee\/product\/bronzallure-necklace-wsbz01793-bo\/"},"modified":"2025-04-30T16:57:35","modified_gmt":"2025-04-30T13:57:35","slug":"bronzallure-necklace-wsbz01793-bo","status":"publish","type":"product","link":"https:\/\/glamuur.ee\/et\/product\/bronzallure-necklace-wsbz01793-bo\/","title":{"rendered":"Bronzallure Kaelakee"},"content":{"rendered":"<p>Kahepaelane kaelakee looduslike kivide ja s\u00fcdamega kuldses roosis on ideaalne ehe, mis t\u00e4iendab k\u00f5iki teie riideid ja ei j\u00e4\u00e4 m\u00e4rkamatuks. See originaalne ja romantiline eheteos \u00fchendab Bronzallure'i 18 kt roosakullaga kaetud sulami Golden Rose soojad ja embavad toonid poolv\u00e4\u00e4riskivide elavatest toonidest. Kombineeri kaelakee koosk\u00f5lastatud k\u00f5rvar\u00f5ngaste v\u00f5i teiste kollektsiooni bijoux'idega.<br \/>\n- Golden Rose patenditud sulam 18KT roosakuldne pinnakate Sertifitseeritud looduslikud kivid Disainitud Made in Italy Niklivaba, kaadmiumivaba, h\u00fcpoallergeenne Pikkus: 43,2 cm Kivi l\u00e4bim\u00f5\u00f5t: 12 mm 43,20CM<\/p>","protected":false},"excerpt":{"rendered":"<p>The two strand necklace with natural stones and hearts in Golden Rose is the perfect piece of jewelry to complete all your outfits and not go unnoticed. Original and romantic, this bijoux combines the warm, embracing tones of Golden Rose, Bronzallure&#8217;s proprietary 18kt rose gold&#8230;<\/p>","protected":false},"featured_media":122012,"comment_status":"open","ping_status":"closed","template":"","meta":{"jetpack_post_was_ever_published":false},"product_brand":[],"product_cat":[193,195,727],"product_tag":[],"giftcard-category":[],"class_list":{"0":"post-122011","1":"product","2":"type-product","3":"status-publish","4":"has-post-thumbnail","6":"product_cat-bronzallure","7":"product_cat-bronzallure-necklaces","8":"product_cat-necklaces","9":"pa_material-golden-rose","10":"pa_metal-color-rose-gold","11":"pa_product-brand-bronzallure","12":"pa_stone-color-black","13":"pa_type-category-necklaces","15":"first","16":"outofstock","17":"sale","18":"featured","19":"taxable","20":"shipping-taxable","21":"purchasable","22":"product-type-simple"},"bundled_by":[],"bundle_stock_status":"outofstock","bundle_stock_quantity":0,"bundle_virtual":false,"bundle_layout":"","bundle_add_to_cart_form_location":"","bundle_editable_in_cart":false,"bundle_sold_individually_context":"","bundle_item_grouping":"","bundle_min_size":"","bundle_max_size":"","bundle_price":[],"bundled_items":[],"bundle_sell_ids":[],"etheme_brands":{"errors":{"invalid_taxonomy":["Lubamatu taksonoomia."]},"error_data":[]},"_links":{"self":[{"href":"https:\/\/glamuur.ee\/et\/wp-json\/wp\/v2\/product\/122011","targetHints":{"allow":["GET"]}}],"collection":[{"href":"https:\/\/glamuur.ee\/et\/wp-json\/wp\/v2\/product"}],"about":[{"href":"https:\/\/glamuur.ee\/et\/wp-json\/wp\/v2\/types\/product"}],"replies":[{"embeddable":true,"href":"https:\/\/glamuur.ee\/et\/wp-json\/wp\/v2\/comments?post=122011"}],"wp:featuredmedia":[{"embeddable":true,"href":"https:\/\/glamuur.ee\/et\/wp-json\/wp\/v2\/media\/122012"}],"wp:attachment":[{"href":"https:\/\/glamuur.ee\/et\/wp-json\/wp\/v2\/media?parent=122011"}],"wp:term":[{"taxonomy":"product_brand","embeddable":true,"href":"https:\/\/glamuur.ee\/et\/wp-json\/wp\/v2\/product_brand?post=122011"},{"taxonomy":"product_cat","embeddable":true,"href":"https:\/\/glamuur.ee\/et\/wp-json\/wp\/v2\/product_cat?post=122011"},{"taxonomy":"product_tag","embeddable":true,"href":"https:\/\/glamuur.ee\/et\/wp-json\/wp\/v2\/product_tag?post=122011"},{"taxonomy":"giftcard-category","embeddable":true,"href":"https:\/\/glamuur.ee\/et\/wp-json\/wp\/v2\/giftcard-category?post=122011"}],"curies":[{"name":"wp","href":"https:\/\/api.w.org\/{rel}","templated":true}]}}