{"id":121927,"date":"2023-02-28T10:56:22","date_gmt":"2023-02-28T10:56:22","guid":{"rendered":"https:\/\/dev.glamuur.ee\/product\/bronzallure-necklace-wsbz01109-wr-bs\/"},"modified":"2026-02-13T12:50:05","modified_gmt":"2026-02-13T10:50:05","slug":"pronksvalge-kaelakee-wsbz01109-wr-bs","status":"publish","type":"product","link":"https:\/\/glamuur.ee\/et\/product\/bronzallure-necklace-wsbz01109-wr-bs\/","title":{"rendered":"Bronzallure Kaelakee"},"content":{"rendered":"<p>S\u00e4ravate elementide jada, milles on rohkelt 18KT roosakullaga kaetud helmed ja elemendid, mis on kaetud helendavate kuubiliste tsirkooniatega: see v\u00e4ike helmekett on lihtne kanda ja sobitada, et teie \u00fclim Itaalia luksuskogemus pole kunagi olnud nii taskukohane ... ja mugav. \u00dchendage see kaelakee helmestik paljude meie veebipoes saadaval olevate k\u00e4ev\u00f5rude, k\u00e4ev\u00f5rude ja n\u00f6\u00f6pk\u00f5rvar\u00f5ngaste juurde, m\u00e4ngige meie suure valikuga s\u00e4rgis\u00f5rmuseid, kokteilis\u00f5rmuseid ja rihmar\u00f5ngaid moodsa kihilise stiili jaoks. - Kood: WSBZ01109 47,60CM<\/p>","protected":false},"excerpt":{"rendered":"<p>A sequence of shiny elements, featuring copious 18KT rose gold plated beads and elements encrusted with a full pav\u00e9 set of luminous cubic zirconia: a feast for the eyes, this Small Beaded Necklace is easy to wear and match for your ultimate Italian luxury experience&#8230;<\/p>","protected":false},"featured_media":121928,"comment_status":"open","ping_status":"closed","template":"","meta":{"jetpack_post_was_ever_published":false},"product_brand":[],"product_cat":[193,195,727,939,964],"product_tag":[],"giftcard-category":[],"class_list":{"0":"post-121927","1":"product","2":"type-product","3":"status-publish","4":"has-post-thumbnail","6":"product_cat-bronzallure","7":"product_cat-bronzallure-necklaces","8":"product_cat-necklaces","9":"product_cat-ti-sento-sale-europe","10":"product_cat-summer-sale-ti-sento","11":"pa_material-golden-rose","12":"pa_metal-color-rose-gold","13":"pa_product-brand-bronzallure","14":"pa_stone-color-black","15":"pa_type-category-necklaces","17":"first","18":"outofstock","19":"sale","20":"featured","21":"taxable","22":"shipping-taxable","23":"purchasable","24":"product-type-simple"},"bundled_by":[],"bundle_stock_status":"outofstock","bundle_stock_quantity":0,"bundle_virtual":false,"bundle_layout":"","bundle_add_to_cart_form_location":"","bundle_editable_in_cart":false,"bundle_sold_individually_context":"","bundle_item_grouping":"","bundle_min_size":"","bundle_max_size":"","bundle_price":[],"bundled_items":[],"bundle_sell_ids":[],"etheme_brands":{"errors":{"invalid_taxonomy":["Lubamatu taksonoomia."]},"error_data":[]},"_links":{"self":[{"href":"https:\/\/glamuur.ee\/et\/wp-json\/wp\/v2\/product\/121927","targetHints":{"allow":["GET"]}}],"collection":[{"href":"https:\/\/glamuur.ee\/et\/wp-json\/wp\/v2\/product"}],"about":[{"href":"https:\/\/glamuur.ee\/et\/wp-json\/wp\/v2\/types\/product"}],"replies":[{"embeddable":true,"href":"https:\/\/glamuur.ee\/et\/wp-json\/wp\/v2\/comments?post=121927"}],"wp:featuredmedia":[{"embeddable":true,"href":"https:\/\/glamuur.ee\/et\/wp-json\/wp\/v2\/media\/121928"}],"wp:attachment":[{"href":"https:\/\/glamuur.ee\/et\/wp-json\/wp\/v2\/media?parent=121927"}],"wp:term":[{"taxonomy":"product_brand","embeddable":true,"href":"https:\/\/glamuur.ee\/et\/wp-json\/wp\/v2\/product_brand?post=121927"},{"taxonomy":"product_cat","embeddable":true,"href":"https:\/\/glamuur.ee\/et\/wp-json\/wp\/v2\/product_cat?post=121927"},{"taxonomy":"product_tag","embeddable":true,"href":"https:\/\/glamuur.ee\/et\/wp-json\/wp\/v2\/product_tag?post=121927"},{"taxonomy":"giftcard-category","embeddable":true,"href":"https:\/\/glamuur.ee\/et\/wp-json\/wp\/v2\/giftcard-category?post=121927"}],"curies":[{"name":"wp","href":"https:\/\/api.w.org\/{rel}","templated":true}]}}