{"id":121810,"date":"2023-02-28T10:53:12","date_gmt":"2023-02-28T10:53:12","guid":{"rendered":"https:\/\/dev.glamuur.ee\/product\/bronzallure-bracelet-wsbz01288-bs\/"},"modified":"2026-01-26T16:25:36","modified_gmt":"2026-01-26T14:25:36","slug":"pronksvalge-kaevoru-wsbz01288-bs","status":"publish","type":"product","link":"https:\/\/glamuur.ee\/et\/product\/bronzallure-bracelet-wsbz01288-bs\/","title":{"rendered":"Bronzallure K\u00e4ev\u00f5ru"},"content":{"rendered":"<p>Puhta ja minimaalse disainiga k\u00e4ev\u00f5ru, mis on t\u00e4ielikult kaetud 18-kilose roosakullaga, millel on sooja varjundiga sile tekstuur. Bronzallure'i ehted on valmistatud eranditult k\u00e4sitsi ja 100% Made in Italy. Ehtekivi esteetika on esindatud poolringiga ja paneb r\u00f5hku \u00fcmmargusele kujule, milles on looduslikest kividest helendav pav\u00e9. Altissima liini j\u00e4igad k\u00e4ev\u00f5rud on loodud kahes variandis, kuubilise tsirkooniumi ja musta spinelliga, et te saaksite anda teile m\u00f5lemad aksessuaarid v\u00f5i kanda neid eraldi vastavalt oma riietusele.<br \/>\n- Golden Rose patenditud sulam 18 kt roosakuldne pinnakate Sertifitseeritud looduslikud kivid Disainitud Made in Italy Niklivaba, kaadmiumivaba, h\u00fcpoallergeenne <\/p>","protected":false},"excerpt":{"rendered":"<p>A bangle with a clean and minimal design, entirely plated with 18kt rose gold, which has a smooth texture with warm shades. The Bronzallure jewels are made exclusively by hand and are 100% Made in Italy. The aesthetics of the jewel is represented by a&#8230;<\/p>","protected":false},"featured_media":121811,"comment_status":"open","ping_status":"closed","template":"","meta":{"jetpack_post_was_ever_published":false},"product_brand":[],"product_cat":[726,193,196,939,964],"product_tag":[],"giftcard-category":[],"class_list":{"0":"post-121810","1":"product","2":"type-product","3":"status-publish","4":"has-post-thumbnail","6":"product_cat-bracelets","7":"product_cat-bronzallure","8":"product_cat-bronzallure-bracelets","9":"product_cat-ti-sento-sale-europe","10":"product_cat-summer-sale-ti-sento","11":"pa_material-golden-rose","12":"pa_metal-color-rose-gold","13":"pa_product-brand-bronzallure","14":"pa_stone-color-black","15":"pa_type-category-bracelets","17":"first","18":"instock","19":"featured","20":"taxable","21":"shipping-taxable","22":"purchasable","23":"product-type-simple"},"bundled_by":[],"bundle_stock_status":"instock","bundle_stock_quantity":2,"bundle_virtual":false,"bundle_layout":"","bundle_add_to_cart_form_location":"","bundle_editable_in_cart":false,"bundle_sold_individually_context":"","bundle_item_grouping":"","bundle_min_size":"","bundle_max_size":"","bundle_price":[],"bundled_items":[],"bundle_sell_ids":[],"etheme_brands":{"errors":{"invalid_taxonomy":["Lubamatu taksonoomia."]},"error_data":[]},"_links":{"self":[{"href":"https:\/\/glamuur.ee\/et\/wp-json\/wp\/v2\/product\/121810","targetHints":{"allow":["GET"]}}],"collection":[{"href":"https:\/\/glamuur.ee\/et\/wp-json\/wp\/v2\/product"}],"about":[{"href":"https:\/\/glamuur.ee\/et\/wp-json\/wp\/v2\/types\/product"}],"replies":[{"embeddable":true,"href":"https:\/\/glamuur.ee\/et\/wp-json\/wp\/v2\/comments?post=121810"}],"wp:featuredmedia":[{"embeddable":true,"href":"https:\/\/glamuur.ee\/et\/wp-json\/wp\/v2\/media\/121811"}],"wp:attachment":[{"href":"https:\/\/glamuur.ee\/et\/wp-json\/wp\/v2\/media?parent=121810"}],"wp:term":[{"taxonomy":"product_brand","embeddable":true,"href":"https:\/\/glamuur.ee\/et\/wp-json\/wp\/v2\/product_brand?post=121810"},{"taxonomy":"product_cat","embeddable":true,"href":"https:\/\/glamuur.ee\/et\/wp-json\/wp\/v2\/product_cat?post=121810"},{"taxonomy":"product_tag","embeddable":true,"href":"https:\/\/glamuur.ee\/et\/wp-json\/wp\/v2\/product_tag?post=121810"},{"taxonomy":"giftcard-category","embeddable":true,"href":"https:\/\/glamuur.ee\/et\/wp-json\/wp\/v2\/giftcard-category?post=121810"}],"curies":[{"name":"wp","href":"https:\/\/api.w.org\/{rel}","templated":true}]}}