{"id":121731,"date":"2023-02-28T10:51:05","date_gmt":"2023-02-28T10:51:05","guid":{"rendered":"https:\/\/dev.glamuur.ee\/product\/bronzallure-earrings-wsbz01886-bo\/"},"modified":"2026-01-26T16:40:15","modified_gmt":"2026-01-26T14:40:15","slug":"bronzallure-earrings-wsbz01886-bo","status":"publish","type":"product","link":"https:\/\/glamuur.ee\/et\/product\/bronzallure-earrings-wsbz01886-bo\/","title":{"rendered":"Bronzallure K\u00f5rvar\u00f5ngad"},"content":{"rendered":"<p>Kaasaegsed ja originaalsed, looduslikust kivist kuusnurksed k\u00f5rvar\u00f5ngad on ideaalne ehe, mida saab kanda mis tahes riietuse juurde. Need on valmistatud 18k roosakullatud kuldkangast Golden Rose'ist ning on saadaval musta oon\u00fc\u00fcksi ja valge p\u00e4rlmutteriga. Valige oma lemmikmudel ja \u00fchendage see koordineeriva kaelakee v\u00f5i teiste Alba kollektsiooni ehetega.<br \/>\n- Golden Rose patenditud sulam 18KT roosakuldne pinnakate Sertifitseeritud looduslikud kivid Disainitud Made in Italy Nikli- ja kaadmiumivaba, h\u00fcpoallergeenne Pikkus: 2,8 cm Kivi laius: 20 mm <\/p>","protected":false},"excerpt":{"rendered":"<p>Modern and original, these natural stone hexagon dangle earrings are the perfect piece of jewelry to wear on any outfit. Crafted in 18k rose gold plated Golden Rose, they are available in black onyx and white mother of pearl. Choose your favorite model and pair&#8230;<\/p>","protected":false},"featured_media":121732,"comment_status":"open","ping_status":"closed","template":"","meta":{"jetpack_post_was_ever_published":false},"product_brand":[],"product_cat":[193,194,725],"product_tag":[],"giftcard-category":[],"class_list":{"0":"post-121731","1":"product","2":"type-product","3":"status-publish","4":"has-post-thumbnail","6":"product_cat-bronzallure","7":"product_cat-bronzallure-earrings","8":"product_cat-earrings","9":"pa_material-golden-rose","10":"pa_metal-color-rose-gold","11":"pa_product-brand-bronzallure","12":"pa_stone-color-black","13":"pa_type-category-earrings","15":"first","16":"instock","17":"featured","18":"taxable","19":"shipping-taxable","20":"purchasable","21":"product-type-simple"},"bundled_by":[],"bundle_stock_status":"instock","bundle_stock_quantity":1,"bundle_virtual":false,"bundle_layout":"","bundle_add_to_cart_form_location":"","bundle_editable_in_cart":false,"bundle_sold_individually_context":"","bundle_item_grouping":"","bundle_min_size":"","bundle_max_size":"","bundle_price":[],"bundled_items":[],"bundle_sell_ids":[],"etheme_brands":{"errors":{"invalid_taxonomy":["Lubamatu taksonoomia."]},"error_data":[]},"_links":{"self":[{"href":"https:\/\/glamuur.ee\/et\/wp-json\/wp\/v2\/product\/121731","targetHints":{"allow":["GET"]}}],"collection":[{"href":"https:\/\/glamuur.ee\/et\/wp-json\/wp\/v2\/product"}],"about":[{"href":"https:\/\/glamuur.ee\/et\/wp-json\/wp\/v2\/types\/product"}],"replies":[{"embeddable":true,"href":"https:\/\/glamuur.ee\/et\/wp-json\/wp\/v2\/comments?post=121731"}],"wp:featuredmedia":[{"embeddable":true,"href":"https:\/\/glamuur.ee\/et\/wp-json\/wp\/v2\/media\/121732"}],"wp:attachment":[{"href":"https:\/\/glamuur.ee\/et\/wp-json\/wp\/v2\/media?parent=121731"}],"wp:term":[{"taxonomy":"product_brand","embeddable":true,"href":"https:\/\/glamuur.ee\/et\/wp-json\/wp\/v2\/product_brand?post=121731"},{"taxonomy":"product_cat","embeddable":true,"href":"https:\/\/glamuur.ee\/et\/wp-json\/wp\/v2\/product_cat?post=121731"},{"taxonomy":"product_tag","embeddable":true,"href":"https:\/\/glamuur.ee\/et\/wp-json\/wp\/v2\/product_tag?post=121731"},{"taxonomy":"giftcard-category","embeddable":true,"href":"https:\/\/glamuur.ee\/et\/wp-json\/wp\/v2\/giftcard-category?post=121731"}],"curies":[{"name":"wp","href":"https:\/\/api.w.org\/{rel}","templated":true}]}}