{"id":121592,"date":"2023-02-28T10:47:30","date_gmt":"2023-02-28T10:47:30","guid":{"rendered":"https:\/\/dev.glamuur.ee\/product\/bronzallure-necklace-wsbz01883-bo\/"},"modified":"2025-04-30T16:57:54","modified_gmt":"2025-04-30T13:57:54","slug":"pronksvalge-kaelakee-wsbz01883-bo","status":"publish","type":"product","link":"https:\/\/glamuur.ee\/et\/product\/bronzallure-necklace-wsbz01883-bo\/","title":{"rendered":"Bronzallure Kaelakee"},"content":{"rendered":"<p>Kaelakee kuusnurkse ripatsiga ja kuubikujuliste ketiga pakub kogu Bronzallure'i parima k\u00e4sit\u00f6\u00f6 tarkust ebatavalise disaini jaoks. 18 kt roosakullaga kaetud kuldse roosi ehted on kaunistatud ovaalse loodusliku kiviga ripatsiga. \u00dchendage see koosk\u00f5lastatud s\u00f5rmuse v\u00f5i teiste Alba kollektsiooni bijuuksidega.<br \/>\n- Golden Rose patenditud sulam 18KT roosakuldne pinnakate Sertifitseeritud looduslikud kivid Disainitud Made in Italy Niklivaba, kaadmiumivaba, h\u00fcpoallergeenne Pikkus: 41,5 cm + 6 cm pikendus Kivi laius: 14 mm 45,70CM<\/p>","protected":false},"excerpt":{"rendered":"<p>The necklace with hexagonal pendant and cube chain offers all the wisdom of Bronzallure&#8217;s finest craftsmanship for an unusual design. The 18kt rose gold plated Golden Rose jewelry is embellished with an oval natural stone pendant. Pair it with the coordinating ring or other bijoux&#8230;<\/p>","protected":false},"featured_media":121593,"comment_status":"open","ping_status":"closed","template":"","meta":{"jetpack_post_was_ever_published":false},"product_brand":[],"product_cat":[193,195,727,939,964],"product_tag":[],"giftcard-category":[],"class_list":{"0":"post-121592","1":"product","2":"type-product","3":"status-publish","4":"has-post-thumbnail","6":"product_cat-bronzallure","7":"product_cat-bronzallure-necklaces","8":"product_cat-necklaces","9":"product_cat-ti-sento-sale-europe","10":"product_cat-summer-sale-ti-sento","11":"pa_material-golden-rose","12":"pa_metal-color-rose-gold","13":"pa_product-brand-bronzallure","14":"pa_stone-color-black","15":"pa_type-category-necklaces","17":"first","18":"instock","19":"featured","20":"taxable","21":"shipping-taxable","22":"purchasable","23":"product-type-simple"},"bundled_by":[],"bundle_stock_status":"instock","bundle_stock_quantity":1,"bundle_virtual":false,"bundle_layout":"","bundle_add_to_cart_form_location":"","bundle_editable_in_cart":false,"bundle_sold_individually_context":"","bundle_item_grouping":"","bundle_min_size":"","bundle_max_size":"","bundle_price":[],"bundled_items":[],"bundle_sell_ids":[],"etheme_brands":{"errors":{"invalid_taxonomy":["Lubamatu taksonoomia."]},"error_data":[]},"_links":{"self":[{"href":"https:\/\/glamuur.ee\/et\/wp-json\/wp\/v2\/product\/121592","targetHints":{"allow":["GET"]}}],"collection":[{"href":"https:\/\/glamuur.ee\/et\/wp-json\/wp\/v2\/product"}],"about":[{"href":"https:\/\/glamuur.ee\/et\/wp-json\/wp\/v2\/types\/product"}],"replies":[{"embeddable":true,"href":"https:\/\/glamuur.ee\/et\/wp-json\/wp\/v2\/comments?post=121592"}],"wp:featuredmedia":[{"embeddable":true,"href":"https:\/\/glamuur.ee\/et\/wp-json\/wp\/v2\/media\/121593"}],"wp:attachment":[{"href":"https:\/\/glamuur.ee\/et\/wp-json\/wp\/v2\/media?parent=121592"}],"wp:term":[{"taxonomy":"product_brand","embeddable":true,"href":"https:\/\/glamuur.ee\/et\/wp-json\/wp\/v2\/product_brand?post=121592"},{"taxonomy":"product_cat","embeddable":true,"href":"https:\/\/glamuur.ee\/et\/wp-json\/wp\/v2\/product_cat?post=121592"},{"taxonomy":"product_tag","embeddable":true,"href":"https:\/\/glamuur.ee\/et\/wp-json\/wp\/v2\/product_tag?post=121592"},{"taxonomy":"giftcard-category","embeddable":true,"href":"https:\/\/glamuur.ee\/et\/wp-json\/wp\/v2\/giftcard-category?post=121592"}],"curies":[{"name":"wp","href":"https:\/\/api.w.org\/{rel}","templated":true}]}}