{"id":121344,"date":"2023-02-28T10:41:05","date_gmt":"2023-02-28T10:41:05","guid":{"rendered":"https:\/\/dev.glamuur.ee\/product\/bronzallure-necklace-wsbz01678-bs\/"},"modified":"2026-01-26T16:40:10","modified_gmt":"2026-01-26T14:40:10","slug":"pronksvalge-kaelakee-wsbz01678-bs","status":"publish","type":"product","link":"https:\/\/glamuur.ee\/et\/product\/bronzallure-necklace-wsbz01678-bs\/","title":{"rendered":"Bronzallure Kaelakee"},"content":{"rendered":"<p>Choker-kaelakee on kaunistatud valge kuubilise tsirkooniumiga v\u00f5i musta spinelliga paveeritud ristikujulise ripatsiga. Bronzallure'i enda 18K roosakullaga kaetud sulamist Golden Rose'ist valmistatud ehe, mis on glamuurne ja rafineeritud ning sobib ideaalselt teie v\u00e4limuse ainulaadseks muutmiseks. \u00dchendage see kaelakee koosk\u00f5lastatud s\u00f5rmuse ja k\u00f5rvar\u00f5ngastega v\u00f5i teiste Altissima kollektsiooni bijoux'idega.<br \/>\n- Golden Rose patenteeritud sulam 18K roosakuldne pinnakate Sertifitseeritud looduslikud kivid Disainitud Made in Italy Niklivaba, kaadmiumivaba, h\u00fcpoallergeenne Pikkus: 40,60 cm <\/p>","protected":false},"excerpt":{"rendered":"<p>The choker necklace is embellished with a pav\u00e9 cross-shaped pendant in white cubic zirconia or black spinel. A piece of jewelry in Golden Rose, Bronzallure&#8217;s proprietary 18K rose gold plated alloy, glamorous and sophisticated, ideal for making your looks unique. Pair this necklace with the&#8230;<\/p>","protected":false},"featured_media":121345,"comment_status":"open","ping_status":"closed","template":"","meta":{"jetpack_post_was_ever_published":false},"product_brand":[],"product_cat":[193,195,794,727,939,964],"product_tag":[],"giftcard-category":[],"class_list":{"0":"post-121344","1":"product","2":"type-product","3":"status-publish","4":"has-post-thumbnail","6":"product_cat-bronzallure","7":"product_cat-bronzallure-necklaces","8":"product_cat-gift-ideas-up-to-100e","9":"product_cat-necklaces","10":"product_cat-ti-sento-sale-europe","11":"product_cat-summer-sale-ti-sento","12":"pa_material-golden-rose","13":"pa_metal-color-rose-gold","14":"pa_product-brand-bronzallure","15":"pa_stone-color-black","16":"pa_type-category-necklaces","18":"first","19":"instock","20":"featured","21":"taxable","22":"shipping-taxable","23":"purchasable","24":"product-type-simple"},"bundled_by":[],"bundle_stock_status":"instock","bundle_stock_quantity":9,"bundle_virtual":false,"bundle_layout":"","bundle_add_to_cart_form_location":"","bundle_editable_in_cart":false,"bundle_sold_individually_context":"","bundle_item_grouping":"","bundle_min_size":"","bundle_max_size":"","bundle_price":[],"bundled_items":[],"bundle_sell_ids":[],"etheme_brands":{"errors":{"invalid_taxonomy":["Lubamatu taksonoomia."]},"error_data":[]},"_links":{"self":[{"href":"https:\/\/glamuur.ee\/et\/wp-json\/wp\/v2\/product\/121344","targetHints":{"allow":["GET"]}}],"collection":[{"href":"https:\/\/glamuur.ee\/et\/wp-json\/wp\/v2\/product"}],"about":[{"href":"https:\/\/glamuur.ee\/et\/wp-json\/wp\/v2\/types\/product"}],"replies":[{"embeddable":true,"href":"https:\/\/glamuur.ee\/et\/wp-json\/wp\/v2\/comments?post=121344"}],"wp:featuredmedia":[{"embeddable":true,"href":"https:\/\/glamuur.ee\/et\/wp-json\/wp\/v2\/media\/121345"}],"wp:attachment":[{"href":"https:\/\/glamuur.ee\/et\/wp-json\/wp\/v2\/media?parent=121344"}],"wp:term":[{"taxonomy":"product_brand","embeddable":true,"href":"https:\/\/glamuur.ee\/et\/wp-json\/wp\/v2\/product_brand?post=121344"},{"taxonomy":"product_cat","embeddable":true,"href":"https:\/\/glamuur.ee\/et\/wp-json\/wp\/v2\/product_cat?post=121344"},{"taxonomy":"product_tag","embeddable":true,"href":"https:\/\/glamuur.ee\/et\/wp-json\/wp\/v2\/product_tag?post=121344"},{"taxonomy":"giftcard-category","embeddable":true,"href":"https:\/\/glamuur.ee\/et\/wp-json\/wp\/v2\/giftcard-category?post=121344"}],"curies":[{"name":"wp","href":"https:\/\/api.w.org\/{rel}","templated":true}]}}