{"id":121258,"date":"2023-02-28T10:39:06","date_gmt":"2023-02-28T10:39:06","guid":{"rendered":"https:\/\/dev.glamuur.ee\/product\/bronzallure-pendant-wsbz01616-bs\/"},"modified":"2025-04-30T16:58:09","modified_gmt":"2025-04-30T13:58:09","slug":"bronzallure-pendant-wsbz01616-bs","status":"publish","type":"product","link":"https:\/\/glamuur.ee\/et\/product\/bronzallure-pendant-wsbz01616-bs\/","title":{"rendered":"Bronzallure K\u00f5rvar\u00f5ngas"},"content":{"rendered":"<p>See \u00fcksikud k\u00f5rvar\u00f5ngad on kaunistatud eemaldatava ristikujulise ripatsiga. Bronzallure'i 18k roosakullaga kaetud sulamist Golden Rose valmistatud ehe, mille teeb ainulaadseks kuubikulistest tsirkooniatest ja mustast spinellist koosnev pav\u00e9-riipus. Loo paar koos kollektsiooni k\u00f5rvar\u00f5ngastega v\u00f5i \u00fchenda see teiste meie e-kaubanduses olevate bijoux'idega.<br \/>\n- Golden Rose patenteeritud sulam 18K roosakuldne pinnakate Sertifitseeritud looduslikud kivid Disainitud Made in Italy Niklivaba, kaadmiumivaba, h\u00fcpoallergeeniline <\/p>","protected":false},"excerpt":{"rendered":"<p>This single hoop earring is embellished with a removable cross-shaped pendant. A piece of jewelry in Golden Rose, Bronzallure&#8217;s proprietary 18k rose gold plated alloy, made unique by a pav\u00e9 pendant in cubic zirconia and black spinel. Create the pair with earrings from the collection&#8230;<\/p>","protected":false},"featured_media":121259,"comment_status":"open","ping_status":"closed","template":"","meta":{"jetpack_post_was_ever_published":false},"product_brand":[],"product_cat":[193,194],"product_tag":[],"giftcard-category":[],"class_list":{"0":"post-121258","1":"product","2":"type-product","3":"status-publish","4":"has-post-thumbnail","6":"product_cat-bronzallure","7":"product_cat-bronzallure-earrings","8":"pa_material-golden-rose","9":"pa_metal-color-rose-gold","10":"pa_product-brand-bronzallure","11":"pa_stone-color-black","12":"pa_type-category-single-earring","14":"first","15":"outofstock","16":"featured","17":"taxable","18":"shipping-taxable","19":"purchasable","20":"product-type-simple"},"bundled_by":[],"bundle_stock_status":"outofstock","bundle_stock_quantity":0,"bundle_virtual":false,"bundle_layout":"","bundle_add_to_cart_form_location":"","bundle_editable_in_cart":false,"bundle_sold_individually_context":"","bundle_item_grouping":"","bundle_min_size":"","bundle_max_size":"","bundle_price":[],"bundled_items":[],"bundle_sell_ids":[],"etheme_brands":{"errors":{"invalid_taxonomy":["Lubamatu taksonoomia."]},"error_data":[]},"_links":{"self":[{"href":"https:\/\/glamuur.ee\/et\/wp-json\/wp\/v2\/product\/121258","targetHints":{"allow":["GET"]}}],"collection":[{"href":"https:\/\/glamuur.ee\/et\/wp-json\/wp\/v2\/product"}],"about":[{"href":"https:\/\/glamuur.ee\/et\/wp-json\/wp\/v2\/types\/product"}],"replies":[{"embeddable":true,"href":"https:\/\/glamuur.ee\/et\/wp-json\/wp\/v2\/comments?post=121258"}],"wp:featuredmedia":[{"embeddable":true,"href":"https:\/\/glamuur.ee\/et\/wp-json\/wp\/v2\/media\/121259"}],"wp:attachment":[{"href":"https:\/\/glamuur.ee\/et\/wp-json\/wp\/v2\/media?parent=121258"}],"wp:term":[{"taxonomy":"product_brand","embeddable":true,"href":"https:\/\/glamuur.ee\/et\/wp-json\/wp\/v2\/product_brand?post=121258"},{"taxonomy":"product_cat","embeddable":true,"href":"https:\/\/glamuur.ee\/et\/wp-json\/wp\/v2\/product_cat?post=121258"},{"taxonomy":"product_tag","embeddable":true,"href":"https:\/\/glamuur.ee\/et\/wp-json\/wp\/v2\/product_tag?post=121258"},{"taxonomy":"giftcard-category","embeddable":true,"href":"https:\/\/glamuur.ee\/et\/wp-json\/wp\/v2\/giftcard-category?post=121258"}],"curies":[{"name":"wp","href":"https:\/\/api.w.org\/{rel}","templated":true}]}}