{"id":121208,"date":"2023-02-28T10:37:49","date_gmt":"2023-02-28T10:37:49","guid":{"rendered":"https:\/\/dev.glamuur.ee\/product\/bronzallure-necklace-wsbz01747-rm\/"},"modified":"2026-02-23T14:30:31","modified_gmt":"2026-02-23T12:30:31","slug":"pronkskaelakee-wsbz01747-rm","status":"publish","type":"product","link":"https:\/\/glamuur.ee\/et\/product\/bronzallure-necklace-wsbz01747-rm\/","title":{"rendered":"Bronzallure Kaelakee"},"content":{"rendered":"<p>Ristk\u00fclikukujulise ripatsiga ja paveeritud detailidega kaelakee on \u00fcks Bronzallure'i k\u00f5ige originaalsemaid ja vaimukamaid Golden Rose'i loomingut. 18K roosakullaga kullatud ehe, mis on kaunistatud kuubiliste tsirkooniate, roosa morganiidi v\u00f5i hallide nano-kivielementidega. \u00dchendage see kaelakee Aurora kollektsiooni s\u00f5rmuste, k\u00e4ev\u00f5rude ja k\u00f5rvar\u00f5ngastega ning looge oma paruur.<br \/>\n- Patenteeritud Golden Rose sulam 18k roosakuldne pinnakate Sertifitseeritud looduslikud kivid Disainitud Itaalias Niklivaba, kaadmiumivaba, h\u00fcpoallergeenne Pikkus: 86,40 cm <\/p>","protected":false},"excerpt":{"rendered":"<p>The necklace with rectangular pendants and pav\u00e9 detail is one of Bronzallure&#8217;s most original and spirited Golden Rose creations. An 18K rose gold plated jewel embellished with cubic zirconia, pink morganite or grey nano gem elements. Pair this necklace with rings, bracelets and earrings from&#8230;<\/p>","protected":false},"featured_media":254575,"comment_status":"open","ping_status":"closed","template":"","meta":{"jetpack_post_was_ever_published":false},"product_brand":[],"product_cat":[193,195,727,980,964],"product_tag":[],"giftcard-category":[],"class_list":{"0":"post-121208","1":"product","2":"type-product","3":"status-publish","4":"has-post-thumbnail","6":"product_cat-bronzallure","7":"product_cat-bronzallure-necklaces","8":"product_cat-necklaces","9":"product_cat-ready-for-vacation","10":"product_cat-summer-sale-ti-sento","11":"pa_material-golden-rose","12":"pa_metal-color-rose-gold","13":"pa_product-brand-bronzallure","14":"pa_stone-color-multicolor","15":"pa_stone-color-purple","16":"pa_type-category-necklaces","18":"first","19":"outofstock","20":"featured","21":"taxable","22":"shipping-taxable","23":"purchasable","24":"product-type-simple"},"bundled_by":[],"bundle_stock_status":"outofstock","bundle_stock_quantity":0,"bundle_virtual":false,"bundle_layout":"","bundle_add_to_cart_form_location":"","bundle_editable_in_cart":false,"bundle_sold_individually_context":"","bundle_item_grouping":"","bundle_min_size":"","bundle_max_size":"","bundle_price":[],"bundled_items":[],"bundle_sell_ids":[],"etheme_brands":{"errors":{"invalid_taxonomy":["Lubamatu taksonoomia."]},"error_data":[]},"_links":{"self":[{"href":"https:\/\/glamuur.ee\/et\/wp-json\/wp\/v2\/product\/121208","targetHints":{"allow":["GET"]}}],"collection":[{"href":"https:\/\/glamuur.ee\/et\/wp-json\/wp\/v2\/product"}],"about":[{"href":"https:\/\/glamuur.ee\/et\/wp-json\/wp\/v2\/types\/product"}],"replies":[{"embeddable":true,"href":"https:\/\/glamuur.ee\/et\/wp-json\/wp\/v2\/comments?post=121208"}],"wp:featuredmedia":[{"embeddable":true,"href":"https:\/\/glamuur.ee\/et\/wp-json\/wp\/v2\/media\/254575"}],"wp:attachment":[{"href":"https:\/\/glamuur.ee\/et\/wp-json\/wp\/v2\/media?parent=121208"}],"wp:term":[{"taxonomy":"product_brand","embeddable":true,"href":"https:\/\/glamuur.ee\/et\/wp-json\/wp\/v2\/product_brand?post=121208"},{"taxonomy":"product_cat","embeddable":true,"href":"https:\/\/glamuur.ee\/et\/wp-json\/wp\/v2\/product_cat?post=121208"},{"taxonomy":"product_tag","embeddable":true,"href":"https:\/\/glamuur.ee\/et\/wp-json\/wp\/v2\/product_tag?post=121208"},{"taxonomy":"giftcard-category","embeddable":true,"href":"https:\/\/glamuur.ee\/et\/wp-json\/wp\/v2\/giftcard-category?post=121208"}],"curies":[{"name":"wp","href":"https:\/\/api.w.org\/{rel}","templated":true}]}}