{"id":11988,"date":"2023-12-27T14:04:44","date_gmt":"2023-12-27T12:04:44","guid":{"rendered":"https:\/\/dev.glamuur.ee\/product\/ti-sento-milano-ear-charms-9181pw\/"},"modified":"2026-04-20T16:50:10","modified_gmt":"2026-04-20T13:50:10","slug":"ti-sento-milano-korva-volusid-9181pw","status":"publish","type":"product","link":"https:\/\/glamuur.ee\/et\/product\/ti-sento-milano-ear-charms-9181pw\/","title":{"rendered":"TI SENTO \u2013 Milano K\u00f5rvar\u00f5nga ripatsid"},"content":{"rendered":"<p>Rafineeritud TI SENTO - Milano k\u00f5rvam\u00e4rgid koosnevad v\u00e4ikestest valgetest Swarvoski p\u00e4rlitest, mille l\u00e4bim\u00f5\u00f5t on 6mm. T\u00e4nu peentele p\u00e4rlitele saab Ear Charms'i kanda nii eraldi kui ka koos kristall Ear Charms'iga.<\/p>\n<p>K\u00f5ik TI SENTO - Milano ehted on kingituseks pakitud l\u00f5pmatu armastuse ja hoolega.<\/p>","protected":false},"excerpt":{"rendered":"<p>The refined TI SENTO \u2013 Milano Ear Charms exist of little white Swarvoski pearls with a diameter of 6mm. As a result of the fine pearls the Ear Charms can both be worn on their own or in combination with crystal Ear Charms. All TI&#8230;<\/p>","protected":false},"featured_media":11989,"comment_status":"open","ping_status":"closed","template":"","meta":{"jetpack_post_was_ever_published":false},"product_brand":[],"product_cat":[728,793,968,945,72,144],"product_tag":[],"giftcard-category":[],"class_list":{"0":"post-11988","1":"product","2":"type-product","3":"status-publish","4":"has-post-thumbnail","6":"product_cat-ear-charms","7":"product_cat-gift-ideas-up-to-50e","8":"product_cat-mothers-day-2025-ti-sento","9":"product_cat-pearls","10":"product_cat-ti-sento-milano","11":"product_cat-ti-sento-milano-ear-charms","12":"pa_material-silver","13":"pa_metal-color-silver","14":"pa_product-brand-ti-sento-milano","15":"pa_stone-color-pearl","16":"pa_type-category-ear-charms","18":"first","19":"instock","20":"sale","21":"featured","22":"taxable","23":"shipping-taxable","24":"purchasable","25":"product-type-simple"},"bundled_by":[],"bundle_stock_status":"instock","bundle_stock_quantity":21,"bundle_virtual":false,"bundle_layout":"","bundle_add_to_cart_form_location":"","bundle_editable_in_cart":false,"bundle_sold_individually_context":"","bundle_item_grouping":"","bundle_min_size":"","bundle_max_size":"","bundle_price":[],"bundled_items":[],"bundle_sell_ids":[],"etheme_brands":{"errors":{"invalid_taxonomy":["Lubamatu taksonoomia."]},"error_data":[]},"_links":{"self":[{"href":"https:\/\/glamuur.ee\/et\/wp-json\/wp\/v2\/product\/11988","targetHints":{"allow":["GET"]}}],"collection":[{"href":"https:\/\/glamuur.ee\/et\/wp-json\/wp\/v2\/product"}],"about":[{"href":"https:\/\/glamuur.ee\/et\/wp-json\/wp\/v2\/types\/product"}],"replies":[{"embeddable":true,"href":"https:\/\/glamuur.ee\/et\/wp-json\/wp\/v2\/comments?post=11988"}],"wp:featuredmedia":[{"embeddable":true,"href":"https:\/\/glamuur.ee\/et\/wp-json\/wp\/v2\/media\/11989"}],"wp:attachment":[{"href":"https:\/\/glamuur.ee\/et\/wp-json\/wp\/v2\/media?parent=11988"}],"wp:term":[{"taxonomy":"product_brand","embeddable":true,"href":"https:\/\/glamuur.ee\/et\/wp-json\/wp\/v2\/product_brand?post=11988"},{"taxonomy":"product_cat","embeddable":true,"href":"https:\/\/glamuur.ee\/et\/wp-json\/wp\/v2\/product_cat?post=11988"},{"taxonomy":"product_tag","embeddable":true,"href":"https:\/\/glamuur.ee\/et\/wp-json\/wp\/v2\/product_tag?post=11988"},{"taxonomy":"giftcard-category","embeddable":true,"href":"https:\/\/glamuur.ee\/et\/wp-json\/wp\/v2\/giftcard-category?post=11988"}],"curies":[{"name":"wp","href":"https:\/\/api.w.org\/{rel}","templated":true}]}}