{"id":11837,"date":"2023-01-04T17:13:10","date_gmt":"2023-01-04T15:13:10","guid":{"rendered":"https:\/\/dev.glamuur.ee\/product\/ti-sento-milano-ear-charms-9083pw\/"},"modified":"2026-04-30T19:26:10","modified_gmt":"2026-04-30T16:26:10","slug":"ti-sento-milano-korva-volusid-9083pw","status":"publish","type":"product","link":"https:\/\/glamuur.ee\/et\/product\/ti-sento-milano-ear-charms-9083pw\/","title":{"rendered":"TI SENTO \u2013 Milano K\u00f5rvar\u00f5nga ripatsid"},"content":{"rendered":"<p>Need \u0161ikkad TI SENTO - Milano k\u00f5rvam\u00e4rgid \u00fchendavad vaevata tagasihoidliku stiili ja just \u00f5ige hulga glamuuri. K\u00f5rvakaunistused on kaunistatud valgeid p\u00e4rleid, millest iga\u00fche l\u00e4bim\u00f5\u00f5t on 8 mm. T\u00e4iendava pilkup\u00fc\u00fcdva s\u00e4ra lisamiseks on p\u00e4rlid p\u00f5imitud briljantse lihviga tsirkooniatesse. K\u00f5rvar\u00f5ngad on valmistatud roodiumiga kaetud h\u00f5bedast. H\u00f5beda katmine roodiumiga annab imeliselt l\u00e4ikiva l\u00e4ike ja tagab ka ehte lisakestvuse.<\/p>\n<p>K\u00f5ik TI SENTO - Milano ehted on kingituseks pakitud l\u00f5pmatu armastuse ja hoolega.<\/p>","protected":false},"excerpt":{"rendered":"<p>These chic TI SENTO &#8211; Milano Ear Charms effortlessly combine understated style with just the right amount of glamour. The Ear Charms feature opulent white pearls, each with a diameter of 8mm. For added eye-catching dazzle, the pearls are embedded in brilliant-cut zirconia. The ear&#8230;<\/p>","protected":false},"featured_media":11838,"comment_status":"open","ping_status":"closed","template":"","meta":{"jetpack_post_was_ever_published":false},"product_brand":[],"product_cat":[728,794,979,968,945,939,964,72,144,152],"product_tag":[1059],"giftcard-category":[],"class_list":{"0":"post-11837","1":"product","2":"type-product","3":"status-publish","4":"has-post-thumbnail","6":"product_cat-ear-charms","7":"product_cat-gift-ideas-up-to-100e","8":"product_cat-graduation-2025","9":"product_cat-mothers-day-2025-ti-sento","10":"product_cat-pearls","11":"product_cat-ti-sento-sale-europe","12":"product_cat-summer-sale-ti-sento","13":"product_cat-ti-sento-milano","14":"product_cat-ti-sento-milano-ear-charms","15":"product_cat-ti-sento-milano-estonian-design","16":"product_tag-jarve-kk","17":"pa_material-silver","18":"pa_metal-color-silver","19":"pa_product-brand-ti-sento-milano","20":"pa_stone-color-pearl","21":"pa_type-category-ear-charms","23":"first","24":"instock","25":"sale","26":"featured","27":"taxable","28":"shipping-taxable","29":"purchasable","30":"product-type-simple"},"bundled_by":["251859"],"bundle_stock_status":"instock","bundle_stock_quantity":127,"bundle_virtual":false,"bundle_layout":"","bundle_add_to_cart_form_location":"","bundle_editable_in_cart":false,"bundle_sold_individually_context":"","bundle_item_grouping":"","bundle_min_size":"","bundle_max_size":"","bundle_price":[],"bundled_items":[],"bundle_sell_ids":[],"etheme_brands":{"errors":{"invalid_taxonomy":["Lubamatu taksonoomia."]},"error_data":[]},"_links":{"self":[{"href":"https:\/\/glamuur.ee\/et\/wp-json\/wp\/v2\/product\/11837","targetHints":{"allow":["GET"]}}],"collection":[{"href":"https:\/\/glamuur.ee\/et\/wp-json\/wp\/v2\/product"}],"about":[{"href":"https:\/\/glamuur.ee\/et\/wp-json\/wp\/v2\/types\/product"}],"replies":[{"embeddable":true,"href":"https:\/\/glamuur.ee\/et\/wp-json\/wp\/v2\/comments?post=11837"}],"wp:featuredmedia":[{"embeddable":true,"href":"https:\/\/glamuur.ee\/et\/wp-json\/wp\/v2\/media\/11838"}],"wp:attachment":[{"href":"https:\/\/glamuur.ee\/et\/wp-json\/wp\/v2\/media?parent=11837"}],"wp:term":[{"taxonomy":"product_brand","embeddable":true,"href":"https:\/\/glamuur.ee\/et\/wp-json\/wp\/v2\/product_brand?post=11837"},{"taxonomy":"product_cat","embeddable":true,"href":"https:\/\/glamuur.ee\/et\/wp-json\/wp\/v2\/product_cat?post=11837"},{"taxonomy":"product_tag","embeddable":true,"href":"https:\/\/glamuur.ee\/et\/wp-json\/wp\/v2\/product_tag?post=11837"},{"taxonomy":"giftcard-category","embeddable":true,"href":"https:\/\/glamuur.ee\/et\/wp-json\/wp\/v2\/giftcard-category?post=11837"}],"curies":[{"name":"wp","href":"https:\/\/api.w.org\/{rel}","templated":true}]}}