{"id":11606,"date":"2024-06-26T08:10:59","date_gmt":"2024-06-26T05:10:59","guid":{"rendered":"https:\/\/dev.glamuur.ee\/product\/ti-sento-milano-earrings-7869zi\/"},"modified":"2026-02-16T14:08:47","modified_gmt":"2026-02-16T12:08:47","slug":"ti-sento-milano-korvarongad-7869zi","status":"publish","type":"product","link":"https:\/\/glamuur.ee\/et\/product\/ti-sento-milano-earrings-7869zi\/","title":{"rendered":"TI SENTO - Milano k\u00f5rvar\u00f5ngad"},"content":{"rendered":"<p>Need TI SENTO - Milano k\u00f5rvar\u00f5ngad 7869ZI on valmistatud h\u00f5bedast. Nende k\u00f5rvar\u00f5ngaste v\u00e4rvus on valge. K\u00f5ik TI SENTO - Milano ehted on kinkekaubana pakitud l\u00f5pmatu armastuse ja hoolega. Maagia peitub meie h\u00f5bedas.<\/p>","protected":false},"excerpt":{"rendered":"<p>Need TI SENTO - Milano k\u00f5rvar\u00f5ngad 7869ZI on valmistatud h\u00f5bedast. Nende k\u00f5rvar\u00f5ngaste v\u00e4rvus on valge. K\u00f5ik TI SENTO - Milano ehted on kinkekaubana pakitud l\u00f5pmatu armastuse ja hoolega. Maagia peitub meie h\u00f5bedas.<\/p>","protected":false},"featured_media":11607,"comment_status":"open","ping_status":"closed","template":"","meta":{"jetpack_post_was_ever_published":false},"product_brand":[],"product_cat":[599,72,143],"product_tag":[],"giftcard-category":[],"class_list":{"0":"post-11606","1":"product","2":"type-product","3":"status-publish","4":"has-post-thumbnail","6":"product_cat-sale","7":"product_cat-ti-sento-milano","8":"product_cat-ti-sento-milano-earrings","9":"pa_material-silver","10":"pa_metal-color-silver","11":"pa_product-brand-ti-sento-milano","12":"pa_stone-color-white","13":"pa_type-category-earrings","15":"first","16":"instock","17":"featured","18":"taxable","19":"shipping-taxable","20":"purchasable","21":"product-type-simple"},"bundled_by":[],"bundle_stock_status":"instock","bundle_stock_quantity":39,"bundle_virtual":false,"bundle_layout":"","bundle_add_to_cart_form_location":"","bundle_editable_in_cart":false,"bundle_sold_individually_context":"","bundle_item_grouping":"","bundle_min_size":"","bundle_max_size":"","bundle_price":[],"bundled_items":[],"bundle_sell_ids":[],"etheme_brands":{"errors":{"invalid_taxonomy":["Lubamatu taksonoomia."]},"error_data":[]},"_links":{"self":[{"href":"https:\/\/glamuur.ee\/et\/wp-json\/wp\/v2\/product\/11606","targetHints":{"allow":["GET"]}}],"collection":[{"href":"https:\/\/glamuur.ee\/et\/wp-json\/wp\/v2\/product"}],"about":[{"href":"https:\/\/glamuur.ee\/et\/wp-json\/wp\/v2\/types\/product"}],"replies":[{"embeddable":true,"href":"https:\/\/glamuur.ee\/et\/wp-json\/wp\/v2\/comments?post=11606"}],"wp:featuredmedia":[{"embeddable":true,"href":"https:\/\/glamuur.ee\/et\/wp-json\/wp\/v2\/media\/11607"}],"wp:attachment":[{"href":"https:\/\/glamuur.ee\/et\/wp-json\/wp\/v2\/media?parent=11606"}],"wp:term":[{"taxonomy":"product_brand","embeddable":true,"href":"https:\/\/glamuur.ee\/et\/wp-json\/wp\/v2\/product_brand?post=11606"},{"taxonomy":"product_cat","embeddable":true,"href":"https:\/\/glamuur.ee\/et\/wp-json\/wp\/v2\/product_cat?post=11606"},{"taxonomy":"product_tag","embeddable":true,"href":"https:\/\/glamuur.ee\/et\/wp-json\/wp\/v2\/product_tag?post=11606"},{"taxonomy":"giftcard-category","embeddable":true,"href":"https:\/\/glamuur.ee\/et\/wp-json\/wp\/v2\/giftcard-category?post=11606"}],"curies":[{"name":"wp","href":"https:\/\/api.w.org\/{rel}","templated":true}]}}