{"id":10930,"date":"2023-01-04T14:49:57","date_gmt":"2023-01-04T14:49:57","guid":{"rendered":"https:\/\/dev.glamuur.ee\/product\/ti-sento-milano-earrings-7754zr\/"},"modified":"2026-02-16T14:04:29","modified_gmt":"2026-02-16T12:04:29","slug":"ti-sento-milano-korvarongad-7754zr","status":"publish","type":"product","link":"https:\/\/glamuur.ee\/et\/product\/ti-sento-milano-earrings-7754zr\/","title":{"rendered":"TI SENTO - Milano k\u00f5rvar\u00f5ngad"},"content":{"rendered":"<p>Need TI SENTO - Milano k\u00f5rvar\u00f5ngad on unikaalse ja ajatu disainiga. K\u00f5rvar\u00f5ngad on valmistatud esik\u00fcljelt 3 ribast: kaks v\u00e4limist riba on sileda lihviga, keskmine riba on kaetud tsirkooniumiga. Erinevate rihmade vahele on j\u00e4etud veidi ruumi, mis annab v\u00e4ga l\u00f5dva disaini. K\u00f5rvar\u00f5ngad on valmistatud roodiumiga kaetud Sterling-h\u00f5bedast ja nende \u00fchele k\u00fcljele on kantud 18 kt roosakuldne kiht. K\u00f5rvar\u00f5ngaste l\u00e4bim\u00f5\u00f5t on 14,5 mm. Rhodium kiht tagab kauakestva s\u00e4ra ja kaitse. K\u00f5rvar\u00f5ngad on h\u00e4sti kombineeritavad teiste TI SENTO ehetega.<\/p>","protected":false},"excerpt":{"rendered":"<p>These TI SENTO \u2013 Milano earrings have a singular, timeless design. The ear hoops are made on the face side out of 3 bands: the two outer bands are smoothly polished, while the middle band is set with Zirconia. In between the different bands a&#8230;<\/p>","protected":false},"featured_media":10931,"comment_status":"open","ping_status":"closed","template":"","meta":{"jetpack_post_was_ever_published":false},"product_brand":[],"product_cat":[725,979,939,964,72,143],"product_tag":[],"giftcard-category":[],"class_list":{"0":"post-10930","1":"product","2":"type-product","3":"status-publish","4":"has-post-thumbnail","6":"product_cat-earrings","7":"product_cat-graduation-2025","8":"product_cat-ti-sento-sale-europe","9":"product_cat-summer-sale-ti-sento","10":"product_cat-ti-sento-milano","11":"product_cat-ti-sento-milano-earrings","12":"pa_material-silver","13":"pa_metal-color-rose-gold","14":"pa_product-brand-ti-sento-milano","15":"pa_stone-color-white","16":"pa_type-category-earrings","18":"first","19":"instock","20":"featured","21":"taxable","22":"shipping-taxable","23":"purchasable","24":"product-type-simple"},"bundled_by":[],"bundle_stock_status":"instock","bundle_stock_quantity":4,"bundle_virtual":false,"bundle_layout":"","bundle_add_to_cart_form_location":"","bundle_editable_in_cart":false,"bundle_sold_individually_context":"","bundle_item_grouping":"","bundle_min_size":"","bundle_max_size":"","bundle_price":[],"bundled_items":[],"bundle_sell_ids":[],"etheme_brands":{"errors":{"invalid_taxonomy":["Lubamatu taksonoomia."]},"error_data":[]},"_links":{"self":[{"href":"https:\/\/glamuur.ee\/et\/wp-json\/wp\/v2\/product\/10930","targetHints":{"allow":["GET"]}}],"collection":[{"href":"https:\/\/glamuur.ee\/et\/wp-json\/wp\/v2\/product"}],"about":[{"href":"https:\/\/glamuur.ee\/et\/wp-json\/wp\/v2\/types\/product"}],"replies":[{"embeddable":true,"href":"https:\/\/glamuur.ee\/et\/wp-json\/wp\/v2\/comments?post=10930"}],"wp:featuredmedia":[{"embeddable":true,"href":"https:\/\/glamuur.ee\/et\/wp-json\/wp\/v2\/media\/10931"}],"wp:attachment":[{"href":"https:\/\/glamuur.ee\/et\/wp-json\/wp\/v2\/media?parent=10930"}],"wp:term":[{"taxonomy":"product_brand","embeddable":true,"href":"https:\/\/glamuur.ee\/et\/wp-json\/wp\/v2\/product_brand?post=10930"},{"taxonomy":"product_cat","embeddable":true,"href":"https:\/\/glamuur.ee\/et\/wp-json\/wp\/v2\/product_cat?post=10930"},{"taxonomy":"product_tag","embeddable":true,"href":"https:\/\/glamuur.ee\/et\/wp-json\/wp\/v2\/product_tag?post=10930"},{"taxonomy":"giftcard-category","embeddable":true,"href":"https:\/\/glamuur.ee\/et\/wp-json\/wp\/v2\/giftcard-category?post=10930"}],"curies":[{"name":"wp","href":"https:\/\/api.w.org\/{rel}","templated":true}]}}