{"id":10923,"date":"2023-01-04T14:49:55","date_gmt":"2023-01-04T14:49:55","guid":{"rendered":"https:\/\/dev.glamuur.ee\/product\/ti-sento-milano-earrings-7754zi\/"},"modified":"2026-04-17T12:45:03","modified_gmt":"2026-04-17T09:45:03","slug":"ti-sento-milano-korvarongad-7754zi","status":"publish","type":"product","link":"https:\/\/glamuur.ee\/et\/product\/ti-sento-milano-earrings-7754zi\/","title":{"rendered":"TI SENTO - Milano k\u00f5rvar\u00f5ngad"},"content":{"rendered":"<p>Need TI SENTO - Milano k\u00f5rvar\u00f5ngad on unikaalse ja ajatu disainiga. K\u00f5rvar\u00f5ngad on valmistatud esik\u00fcljelt 3 ribast: kaks v\u00e4limist riba on siledaks lihvitud, samal ajal kui keskmine riba on tsirkooniumiga kaetud. Erinevate rihmade vahele on j\u00e4etud veidi ruumi, mis annab v\u00e4ga l\u00f5dva disaini. K\u00f5rvar\u00f5ngad on valmistatud roodiumiga kaetud Sterling-h\u00f5bedast ja nende l\u00e4bim\u00f5\u00f5t on 14,5 mm. Roodiumkihi tagab kauakestva s\u00e4ra ja kaitse. K\u00f5rvar\u00f5ngad on h\u00e4sti kombineeritavad teiste TI SENTO ehetega.<\/p>","protected":false},"excerpt":{"rendered":"<p>These TI SENTO \u2013 Milano earrings have a singular, timeless design. The earr hoops are made on the face side out of 3 bands: the two outer bands are smoothly polished, whilst the middle band is set with Zirconia. In between the different bands a&#8230;<\/p>","protected":false},"featured_media":10924,"comment_status":"open","ping_status":"closed","template":"","meta":{"jetpack_post_was_ever_published":false},"product_brand":[],"product_cat":[725,599,72,143],"product_tag":[],"giftcard-category":[],"class_list":{"0":"post-10923","1":"product","2":"type-product","3":"status-publish","4":"has-post-thumbnail","6":"product_cat-earrings","7":"product_cat-sale","8":"product_cat-ti-sento-milano","9":"product_cat-ti-sento-milano-earrings","10":"pa_material-silver","11":"pa_metal-color-silver","12":"pa_product-brand-ti-sento-milano","13":"pa_stone-color-white","14":"pa_type-category-earrings","16":"first","17":"instock","18":"sale","19":"featured","20":"taxable","21":"shipping-taxable","22":"purchasable","23":"product-type-simple"},"bundled_by":[],"bundle_stock_status":"instock","bundle_stock_quantity":21,"bundle_virtual":false,"bundle_layout":"","bundle_add_to_cart_form_location":"","bundle_editable_in_cart":false,"bundle_sold_individually_context":"","bundle_item_grouping":"","bundle_min_size":"","bundle_max_size":"","bundle_price":[],"bundled_items":[],"bundle_sell_ids":[],"etheme_brands":{"errors":{"invalid_taxonomy":["Lubamatu taksonoomia."]},"error_data":[]},"_links":{"self":[{"href":"https:\/\/glamuur.ee\/et\/wp-json\/wp\/v2\/product\/10923","targetHints":{"allow":["GET"]}}],"collection":[{"href":"https:\/\/glamuur.ee\/et\/wp-json\/wp\/v2\/product"}],"about":[{"href":"https:\/\/glamuur.ee\/et\/wp-json\/wp\/v2\/types\/product"}],"replies":[{"embeddable":true,"href":"https:\/\/glamuur.ee\/et\/wp-json\/wp\/v2\/comments?post=10923"}],"wp:featuredmedia":[{"embeddable":true,"href":"https:\/\/glamuur.ee\/et\/wp-json\/wp\/v2\/media\/10924"}],"wp:attachment":[{"href":"https:\/\/glamuur.ee\/et\/wp-json\/wp\/v2\/media?parent=10923"}],"wp:term":[{"taxonomy":"product_brand","embeddable":true,"href":"https:\/\/glamuur.ee\/et\/wp-json\/wp\/v2\/product_brand?post=10923"},{"taxonomy":"product_cat","embeddable":true,"href":"https:\/\/glamuur.ee\/et\/wp-json\/wp\/v2\/product_cat?post=10923"},{"taxonomy":"product_tag","embeddable":true,"href":"https:\/\/glamuur.ee\/et\/wp-json\/wp\/v2\/product_tag?post=10923"},{"taxonomy":"giftcard-category","embeddable":true,"href":"https:\/\/glamuur.ee\/et\/wp-json\/wp\/v2\/giftcard-category?post=10923"}],"curies":[{"name":"wp","href":"https:\/\/api.w.org\/{rel}","templated":true}]}}