{"id":10707,"date":"2024-09-26T18:27:22","date_gmt":"2024-09-26T15:27:22","guid":{"rendered":"https:\/\/dev.glamuur.ee\/product\/ti-sento-milano-bracelet-2995zi\/"},"modified":"2025-11-16T14:05:19","modified_gmt":"2025-11-16T12:05:19","slug":"ti-sento-milano-kaevoru-2995zi","status":"publish","type":"product","link":"https:\/\/glamuur.ee\/et\/product\/ti-sento-milano-bracelet-2995zi\/","title":{"rendered":"TI SENTO \u2013 Milano K\u00e4ekett"},"content":{"rendered":"<p>See TI SENTO h\u00f5bedast tennise k\u00e4ev\u00f5ru 2995ZI on kaunistatud valgete kuubiliste tsirkooniumkividega. See tennise k\u00e4ev\u00f5ru on valmistatud 925 h\u00f5bedast. Selle ekstra turvaline lukk on loodud selleks, et see ese oleks kogu aeg teiega kaasas. See rikkalik ese varastab t\u00e4helepanu nii p\u00e4eval kui ka \u00f6\u00f6sel.<\/p>\n<h3><\/h3>","protected":false},"excerpt":{"rendered":"<p>This TI SENTO silver tennis bracelet 2995ZI features a stream of white cubic zirconia stones. This tennis bracelet is crafted from 925 sterling silver. Its extra-safe lock is designed to keep this piece with you all the time. This opulent piece will steal the spotlight&#8230;<\/p>","protected":false},"featured_media":10708,"comment_status":"open","ping_status":"closed","template":"","meta":{"jetpack_post_was_ever_published":false},"product_brand":[],"product_cat":[726,838,979,968,812,72,147],"product_tag":[],"giftcard-category":[],"class_list":{"0":"post-10707","1":"product","2":"type-product","3":"status-publish","4":"has-post-thumbnail","6":"product_cat-bracelets","7":"product_cat-gift-ideas-for-graduates","8":"product_cat-graduation-2025","9":"product_cat-mothers-day-2025-ti-sento","10":"product_cat-the-iconic","11":"product_cat-ti-sento-milano","12":"product_cat-ti-sento-milano-bracelets","13":"pa_material-silver","14":"pa_metal-color-silver","15":"pa_product-brand-ti-sento-milano","16":"pa_stone-color-white","17":"pa_type-category-bracelets","19":"first","20":"instock","21":"sale","22":"featured","23":"taxable","24":"shipping-taxable","25":"purchasable","26":"product-type-simple"},"bundled_by":[],"bundle_stock_status":"instock","bundle_stock_quantity":3,"bundle_virtual":false,"bundle_layout":"","bundle_add_to_cart_form_location":"","bundle_editable_in_cart":false,"bundle_sold_individually_context":"","bundle_item_grouping":"","bundle_min_size":"","bundle_max_size":"","bundle_price":[],"bundled_items":[],"bundle_sell_ids":[],"etheme_brands":{"errors":{"invalid_taxonomy":["Lubamatu taksonoomia."]},"error_data":[]},"_links":{"self":[{"href":"https:\/\/glamuur.ee\/et\/wp-json\/wp\/v2\/product\/10707","targetHints":{"allow":["GET"]}}],"collection":[{"href":"https:\/\/glamuur.ee\/et\/wp-json\/wp\/v2\/product"}],"about":[{"href":"https:\/\/glamuur.ee\/et\/wp-json\/wp\/v2\/types\/product"}],"replies":[{"embeddable":true,"href":"https:\/\/glamuur.ee\/et\/wp-json\/wp\/v2\/comments?post=10707"}],"wp:featuredmedia":[{"embeddable":true,"href":"https:\/\/glamuur.ee\/et\/wp-json\/wp\/v2\/media\/10708"}],"wp:attachment":[{"href":"https:\/\/glamuur.ee\/et\/wp-json\/wp\/v2\/media?parent=10707"}],"wp:term":[{"taxonomy":"product_brand","embeddable":true,"href":"https:\/\/glamuur.ee\/et\/wp-json\/wp\/v2\/product_brand?post=10707"},{"taxonomy":"product_cat","embeddable":true,"href":"https:\/\/glamuur.ee\/et\/wp-json\/wp\/v2\/product_cat?post=10707"},{"taxonomy":"product_tag","embeddable":true,"href":"https:\/\/glamuur.ee\/et\/wp-json\/wp\/v2\/product_tag?post=10707"},{"taxonomy":"giftcard-category","embeddable":true,"href":"https:\/\/glamuur.ee\/et\/wp-json\/wp\/v2\/giftcard-category?post=10707"}],"curies":[{"name":"wp","href":"https:\/\/api.w.org\/{rel}","templated":true}]}}