{"id":4503,"date":"2018-10-19T14:32:44","date_gmt":"2018-10-19T14:32:44","guid":{"rendered":"https:\/\/xstore.8theme.com\/demos\/2\/organic01\/?page_id=4503"},"modified":"2025-04-28T12:28:36","modified_gmt":"2025-04-28T09:28:36","slug":"tarne","status":"publish","type":"page","link":"https:\/\/glamuur.ee\/et\/delivery\/","title":{"rendered":"Kohaletoimetamine"},"content":{"rendered":"<section class=\"wpb-content-wrapper\"><div class=\"vc_row wpb_row vc_row-fluid et_custom_uniqid_69fc588620b89\"><div class=\"wpb_column vc_column_container vc_col-sm-12 et_custom_uniqid_69fc588620b30\"><div class=\"vc_column-inner\"><div class=\"wpb_wrapper\"><h3 style=\"text-align: center\" class=\"vc_custom_heading vc_custom_1684245148096\" >Kohaletoimetamine<\/h3><\/div><\/div><\/div><\/div><div class=\"vc_row wpb_row vc_row-fluid et_custom_uniqid_69fc588620b89\"><div class=\"wpb_column vc_column_container vc_col-sm-12 et_custom_uniqid_69fc588620b30\"><div class=\"vc_column-inner\"><div class=\"wpb_wrapper\">\n\t<div class=\"wpb_text_column wpb_content_element\" >\n\t\t<div class=\"wpb_wrapper\">\n\t\t\t<p>Saate valida erinevate teenusepakkumiste ja tarneviiside vahel:<\/p>\n<p><strong>Itella SmartPOST pakiautomaat<\/strong> \u2013 Toote pakiautomaati j\u00f5udmisest teavitatakse teid SMS-iga, mis sisaldab uksekoodi, pakiautomaadi asukohta. Automaadid asuvad kaubanduskeskustes ja on ligip\u00e4\u00e4setavad majas asuva toidupoe lahtiolekuaegadel.<\/p>\n<p><strong>DPD parcel pakiautomaat<\/strong> \u2013 Toote pakiautomaati j\u00f5udmisest teavitatakse teid SMS-iga, mis sisaldab uksekoodi, pakiautomaadi asukohta. Pakiautomaat on avatud 24 tundi ja asub tavaliselt erinevate kaubanduskeskuste sissep\u00e4\u00e4sude juures.<\/p>\n<p><b>Venipak<\/b>\u2013 Toote pakiautomaati j\u00f5udmisest teavitatakse teid SMS-iga, mis sisaldab uksekoodi, pakiautomaadi asukohta. Pakiautomaat on avatud 24 tundi ja asub tavaliselt erinevate kaubanduskeskuste sissep\u00e4\u00e4sude juures.<\/p>\n<p><strong>Rahvusvaheline kuller \u2013\u00a0<\/strong> Kui tellimus saadetakse postkontorisse, saate vastava teabega k\u00f5ne teel e-kirja. (Tavaliselt 5-14 p\u00e4eva)<\/p>\n<p>Klient peab enne tellimuse vormistamist kontrollima esitatud kontaktandmete \u00f5igsust, et v\u00e4ltida viivitusi ja arusaamatusi toodete kohaletoimetamisel.<\/p>\n<p><strong data-start=\"680\" data-end=\"707\">Impordimaksud ja tollimaksud<\/strong><br data-start=\"707\" data-end=\"710\" \/>Rahvusvaheliste tellimuste puhul v\u00f5ivad teie riiki saabumisel tekkida tollimaksud, impordimaksud v\u00f5i lisatasud. Need tasud ei ole toote hinnas ega saatmiskuludes sisalduvad ja need on kliendi vastutusel.<\/p>\n<h4 class=\"\" data-start=\"300\" data-end=\"346\"><strong data-start=\"305\" data-end=\"346\">Tellimused Euroopa Liidus (EL)<\/strong><\/h4>\n<p class=\"\" data-start=\"347\" data-end=\"559\">Euroopa Liidu siseste saadetiste puhul ei kohaldata tollimaksu ega impordimaksu, kuna Eesti kuulub ELi tolliliitu. Vastavalt sihtriigi eeskirjadele v\u00f5idakse kohaldada tavap\u00e4raseid k\u00e4ibemaksueeskirju.<\/p>\n<h4 class=\"\" data-start=\"561\" data-end=\"603\"><strong data-start=\"566\" data-end=\"603\">Tellimused v\u00e4ljaspool Euroopa Liitu<\/strong><\/h4>\n<p class=\"\" data-start=\"604\" data-end=\"864\">Saadetiste puhul v\u00e4ljaspool Euroopa Liitu asuvatesse riikidesse v\u00f5ivad sihtriigi tolliasutused kehtestada t\u00e4iendavad tollimaksud, impordimaksud ja muud kohaldatavad tasud. Need tasud on <strong data-start=\"809\" data-end=\"825\">ei ole lisatud<\/strong> toote hinnas v\u00f5i saatmiskuludes.<\/p>\n<p class=\"\" data-start=\"866\" data-end=\"1148\">See on <strong data-start=\"876\" data-end=\"915\">kliendi ainuvastutus<\/strong> et tagada vastavus oma kohalikele tollieeskirjadele ja katta k\u00f5ik lisakulud, mis v\u00f5ivad importimisel tekkida. Soovitame klientidel enne tellimuse esitamist tutvuda oma riigi impordipoliitikaga.<\/p>\n<p class=\"\" data-start=\"1150\" data-end=\"1324\">Juhul kui klient ei maksa tollimaksusid ja saadetis tagastatakse meile, v\u00f5idakse k\u00f5ik tekkinud tagasisaatmiskulud kliendi tagasimaksest maha arvata.<\/p>\n<p>&nbsp;<\/p>\n<p>M\u00fc\u00fcja ei vastuta toodete kohaletoimetamise viibimise ja arusaamatuste eest, kui viivitus v\u00f5i arusaamatus on tingitud kliendi poolt tellimuse vormistamisel esitatud andmete ebat\u00e4psusest v\u00f5i eba\u00f5igsusest.<br \/>\nTeavitab, kui kliendi toode ei j\u00f5ua kliendile heas korras ja suletud pakendis, tuleb kliendist teavitada e-poodi, saates vastava kirja e-posti aadressile epood@glamuur.ee.<\/p>\n\n\t\t<\/div>\n\t<\/div>\n<\/div><\/div><\/div><\/div>\n<\/section>","protected":false},"excerpt":{"rendered":"Delivery You can choose between different service offers and delivery methods: Itella SmartPOST parcel machine - When the product arrives at the parcel machine, you will be notified by SMS, which contains the door code, the location of the parcel machine. Vending machines are located...","protected":false},"author":1,"featured_media":0,"parent":0,"menu_order":0,"comment_status":"closed","ping_status":"closed","template":"","meta":{"jetpack_post_was_ever_published":false,"footnotes":""},"class_list":["post-4503","page","type-page","status-publish","hentry"],"_links":{"self":[{"href":"https:\/\/glamuur.ee\/et\/wp-json\/wp\/v2\/pages\/4503","targetHints":{"allow":["GET"]}}],"collection":[{"href":"https:\/\/glamuur.ee\/et\/wp-json\/wp\/v2\/pages"}],"about":[{"href":"https:\/\/glamuur.ee\/et\/wp-json\/wp\/v2\/types\/page"}],"author":[{"embeddable":true,"href":"https:\/\/glamuur.ee\/et\/wp-json\/wp\/v2\/users\/1"}],"replies":[{"embeddable":true,"href":"https:\/\/glamuur.ee\/et\/wp-json\/wp\/v2\/comments?post=4503"}],"version-history":[{"count":0,"href":"https:\/\/glamuur.ee\/et\/wp-json\/wp\/v2\/pages\/4503\/revisions"}],"wp:attachment":[{"href":"https:\/\/glamuur.ee\/et\/wp-json\/wp\/v2\/media?parent=4503"}],"curies":[{"name":"wp","href":"https:\/\/api.w.org\/{rel}","templated":true}]}}