{"id":3,"date":"2022-10-18T06:53:08","date_gmt":"2022-10-18T06:53:08","guid":{"rendered":"https:\/\/dev.glamuur.ee\/?page_id=3"},"modified":"2025-10-13T14:48:01","modified_gmt":"2025-10-13T11:48:01","slug":"andmekaitse-tingimused","status":"publish","type":"page","link":"https:\/\/glamuur.ee\/et\/data-protection-terms\/","title":{"rendered":"Privaatsuspoliitika"},"content":{"rendered":"<section class=\"wpb-content-wrapper\"><div class=\"vc_row wpb_row vc_row-fluid et_custom_uniqid_69fb13382b5a1\"><div class=\"wpb_column vc_column_container vc_col-sm-12 et_custom_uniqid_69fb13382b552\"><div class=\"vc_column-inner\"><div class=\"wpb_wrapper\">\n\t<div class=\"wpb_text_column wpb_content_element\" >\n\t\t<div class=\"wpb_wrapper\">\n\t\t\t<p><strong>Andmekaitsetingimuste v\u00f5i nende tingimuste lahknevuse korral ingliskeelse ja eesti\/venekeelse versiooni vahel on \u00fclimuslik eestikeelne versioon.<\/strong><\/p>\n<p style=\"font-weight: 400;\">Glanz &amp; Glamuur O\u00dc peab austama teie privaatsust ning j\u00e4rgima k\u00f5iki kohaldatavaid seadusi ja m\u00e4\u00e4rusi seoses isikuandmetega, mida v\u00f5ime teie kohta koguda, kui k\u00fclastate meie veebisaiti. <a href=\"https:\/\/glamuur.ee\/et\/\"><strong>http:\/\/www.glamuur.ee<\/strong><\/a>. Meie e-poodi kasutades n\u00f5ustute, et kogume ja kasutame teie andmeid k\u00e4esolevate andmekaitsetingimuste kohaselt.<\/p>\n<p style=\"font-weight: 400;\">Nende andmekaitsetingimustega soovime teile selgitada, milliseid andmeid me kogume, kuidas me neid kasutame ja millised on teie \u00f5igused oma andmeid kaitsta. See dokument kehtib ainult meie veebisaidi ja selle k\u00fclastajate kohta ning ei kehti muude kanalite kaudu kogutud andmete kohta.<\/p>\n<p style=\"font-weight: 400;\">Teie andmet\u00f6\u00f6tleja: Glanz &amp; Glamuur O\u00dc<\/p>\n<p style=\"font-weight: 400;\">Reg. no.: 11119247<\/p>\n<p style=\"font-weight: 400;\">E-mail: <strong><a href=\"mailto:epood@glamuur.ee\">epood@glamuur.ee<\/a><\/strong><\/p>\n<p style=\"font-weight: 400;\">Kogume ja t\u00f6\u00f6tleme teavet Euroopa Liidu isikuandmete kaitse \u00fcldm\u00e4\u00e4ruse (GDPR) alusel, mis j\u00f5ustus 25.05.2018.<\/p>\n<p><strong data-start=\"680\" data-end=\"707\">Impordimaksud ja tollimaksud<\/strong><br data-start=\"707\" data-end=\"710\" \/>Rahvusvaheliste tellimuste puhul v\u00f5ivad teie riiki saabumisel tekkida tollimaksud, impordimaksud v\u00f5i lisatasud. Need tasud ei ole toote hinnas ega saatmiskuludes sisalduvad ja need on kliendi vastutusel.<\/p>\n<p style=\"font-weight: 400;\"><strong>ANDMETE KOGUMINE<\/strong><\/p>\n<p style=\"font-weight: 400;\">Kogutav teave h\u00f5lmab teavet, mida te meile teadlikult ja aktiivselt annate meie teenuste v\u00f5i kampaaniate kasutamisel v\u00f5i nendes osalemisel, samuti teavet, mida teie seadmed saadavad meie toodetele ja teenustele juurdep\u00e4\u00e4sul.<\/p>\n<p style=\"font-weight: 400;\">Kogutavad andmed h\u00f5lmavad teavet, mida olete meiega meie teenuste v\u00f5i kampaaniate kasutamisel teadlikult jaganud, ja teavet, mille teie seadmed meile automaatselt edastavad.<\/p>\n<p style=\"font-weight: 400;\">Teie andmed v\u00f5ivad meieni j\u00f5uda j\u00e4rgmistel viisidel:<\/p>\n<ul>\n<li style=\"font-weight: 400;\">kui esitate tellimuse <a href=\"http:\/\/glamuur.ee\/et\/\"><strong>http:\/\/www.glamuur.ee<\/strong><\/a> e-poes<\/li>\n<li style=\"font-weight: 400;\">kui registreerute kasutajaks <strong><a href=\"http:\/\/glamuur.ee\/et\/\">http:\/\/www.glamuur.ee<\/a><\/strong> e-poes<\/li>\n<li style=\"font-weight: 400;\">kui v\u00f5tate meiega \u00fchendust telefoni, e-posti v\u00f5i veebivestluse kaudu;<\/li>\n<li style=\"font-weight: 400;\">kui sirvite veebisaiti <a href=\"http:\/\/glamuur.ee\/et\/\">http:\/\/www.glamuur.ee<\/a>;<\/li>\n<li style=\"font-weight: 400;\">kui esitate isikuandmeid teise isiku kohta, kes kauba vastu v\u00f5tab;<\/li>\n<li style=\"font-weight: 400;\">kui sooritate makseid e-panga v\u00f5i muu elektroonilise makseviisi abil;<\/li>\n<li style=\"font-weight: 400;\">kui kommenteerite, meeldib v\u00f5i jagate mis tahes postitust meie sotsiaalmeedia kontol;<\/li>\n<li style=\"font-weight: 400;\">kui tellite meie uudiskirja;<\/li>\n<li style=\"font-weight: 400;\">kui kommenteerite meie veebisaidi postitusi.<\/li>\n<\/ul>\n<p>&nbsp;<\/p>\n<p style=\"font-weight: 400;\"><strong>KOGUTUD ANDMETE LIIGID<\/strong><\/p>\n<p style=\"font-weight: 400;\"><strong>Isiklikud andmed<\/strong><\/p>\n<p style=\"font-weight: 400;\">K\u00fcsime teilt isikuandmeid ainult siis, kui see on teile teenuse osutamiseks vajalik. Meiega \u00fchendust v\u00f5ttes v\u00f5i meie veebisaiti k\u00fclastades v\u00f5ite meiega jagada j\u00e4rgmist teavet:<\/p>\n<ul>\n<li style=\"font-weight: 400;\">ees- ja perekonnanimi;<\/li>\n<li style=\"font-weight: 400;\">isikukood;<\/li>\n<li style=\"font-weight: 400;\">e-posti aadress;<\/li>\n<li style=\"font-weight: 400;\">postiaadress, riik, maakond, linn;<\/li>\n<li style=\"font-weight: 400;\">telefoninumber;<\/li>\n<li style=\"font-weight: 400;\">ostuajalugu ja tegevus meie e-poes;<\/li>\n<li style=\"font-weight: 400;\">meievahelise vestluse ajalugu;<\/li>\n<li style=\"font-weight: 400;\">teavet teie veebibrauseri ja IP-aadressi kohta.<\/li>\n<\/ul>\n<p style=\"font-weight: 400;\"><strong>Logifailid<\/strong><\/p>\n<p style=\"font-weight: 400;\">Meie veebisait <a href=\"http:\/\/glamuur.ee\/et\/\">http:\/\/www.glamuur.ee<\/a> salvestab oma k\u00fclastajate kohta logifailid. Kogutud teave v\u00f5ib h\u00f5lmata j\u00e4rgmist:<\/p>\n<ul>\n<li style=\"font-weight: 400;\">kasutatava seadme t\u00fc\u00fcp,<\/li>\n<li style=\"font-weight: 400;\">Interneti-protokolli (IP) aadress,<\/li>\n<li style=\"font-weight: 400;\">veebibrauser v\u00f5i brauseri t\u00fc\u00fcp,<\/li>\n<li style=\"font-weight: 400;\">Interneti-teenuse pakkuja (ISP),<\/li>\n<li style=\"font-weight: 400;\">veebisaidi k\u00fclastamise kuup\u00e4ev ja kellaaeg,<\/li>\n<li style=\"font-weight: 400;\">sisenemis- ja v\u00e4ljumislehe kl\u00f5psude arv veebilehel.<\/li>\n<\/ul>\n<p style=\"font-weight: 400;\">Logifailides sisalduvat teavet kasutatakse trendide anal\u00fc\u00fcsimiseks, veebilehe haldamiseks, veebisaidi k\u00fclastajate tegevuse j\u00e4lgimiseks ja demograafilise teabe kogumiseks. Saadud teave ei ole m\u00f5eldud isiku tuvastamiseks ega v\u00f5imalda seda teha.<\/p>\n<p style=\"font-weight: 400;\"><strong>K\u00fcpsised<\/strong><\/p>\n<p style=\"font-weight: 400;\">Nagu enamik veebisaite, kasutab ka www.glamuur.ee \u201ck\u00fcpsiseid\u201d. K\u00fcpsis on sisuliselt tekstifail, mis salvestatakse veebilehe k\u00fclastamisel kasutaja seadmesse. K\u00fcpsiseid kasutatakse eelistuste, piirkondlike seadete, teenuste kasutamise v\u00f5imaluste jms m\u00e4\u00e4ramiseks ja salvestamiseks.<\/p>\n<p style=\"font-weight: 400;\">Soovi korral saate oma brauseri seadetes k\u00fcpsiste kasutamise keelata, kuid sel juhul v\u00f5ib teile pakutav teenus olla h\u00e4iritud.<\/p>\n<p style=\"font-weight: 400;\">K\u00fcpsised jagunevad p\u00fcsivateks ja seansik\u00fcpsisteks. P\u00fcsik\u00fcpsised j\u00e4\u00e4vad teie arvutisse v\u00f5i mobiilseadmesse ka p\u00e4rast brauseri v\u00f5i arvuti sulgemist. Seansik\u00fcpsised kustutatakse aga kohe p\u00e4rast brauseri sulgemist.<\/p>\n<p style=\"font-weight: 400;\">K\u00fcpsised jagunevad vastavalt nende eesm\u00e4rgile:<\/p>\n<ul>\n<li style=\"font-weight: 400;\"><strong>Vajalikud k\u00fcpsised<\/strong> v\u00f5i seansik\u00fcpsised, mille eesm\u00e4rk on v\u00f5imaldada teil kasutada meie veebisaidil pakutavaid teenuseid. Need k\u00fcpsised aitavad kasutajaid autentida ja takistavad kasutajakontode pahatahtlikku kasutamist. Ilma nende k\u00fcpsisteta ei saa me teile soovitud teenuseid pakkuda.<\/li>\n<li style=\"font-weight: 400;\"><strong>Teavitusk\u00fcpsised<\/strong> mis tuvastavad, kas kasutajad on k\u00fcpsiste kasutamisega veebisaidil n\u00f5ustunud.<\/li>\n<li style=\"font-weight: 400;\"><strong>Funktsionaalsuse k\u00fcpsised<\/strong> lubage brauseril meeles pidada veebisaidi kasutamisel tehtud valikuid, n\u00e4iteks sisselogimisandmete v\u00f5i keeleeelistuste salvestamist. Nende k\u00fcpsiste eesm\u00e4rk on pakkuda teile isikup\u00e4rasemat kasutuskogemust ja takistada teil oma eelistusi uuesti sisestamast.<\/li>\n<\/ul>\n<p>&nbsp;<\/p>\n<p style=\"font-weight: 400;\"><strong>ANDMETE KASUTAMINE<\/strong><\/p>\n<p style=\"font-weight: 400;\">V\u00f5ime kasutada kogutud teavet erinevatel eesm\u00e4rkidel, sealhulgas:<\/p>\n<ul>\n<li style=\"font-weight: 400;\">meie veebisaidi haldamiseks, haldamiseks, arendamiseks, isikup\u00e4rastamiseks ja laiendamiseks;<\/li>\n<li style=\"font-weight: 400;\">statistika kogumiseks, et saaksime pakkuda paremaid teenuseid ja\/v\u00f5i pakkumisi ning m\u00f5ista ja anal\u00fc\u00fcsida meie veebisaidi k\u00fclastajate k\u00e4itumist;<\/li>\n<li style=\"font-weight: 400;\">teie tuvastamiseks telefoni, tekstis\u00f5numi v\u00f5i e-posti teel;<\/li>\n<li style=\"font-weight: 400;\">teile teabe saatmine ja meie teenuste kohta tagasiside k\u00fcsimine;<\/li>\n<li style=\"font-weight: 400;\">pettuste v\u00e4ltimiseks ja meie veebisaidi kaitsmiseks;<\/li>\n<li style=\"font-weight: 400;\">et saaksime teiega sotsiaalmeedia konto kaudu \u00fchendust v\u00f5tta;<\/li>\n<li style=\"font-weight: 400;\">v\u00f5imaldada vestlusajaloo lugemist, et kiirendada asjakohaste n\u00f5uannete andmist;<\/li>\n<li style=\"font-weight: 400;\">parandada meie teenuse kvaliteeti ja pakkuda t\u00f5husamaid sirvimislahendusi;<\/li>\n<li style=\"font-weight: 400;\">arendada uusi tooteid ja teenuseid v\u00f5i parandada nende funktsionaalsust;<\/li>\n<li style=\"font-weight: 400;\">kauba saatmiseks\/tarnimiseks, tellimuste t\u00f6\u00f6tlemiseks, arvete v\u00e4ljastamiseks, pangalingi kaudu tellimiseks ja tellimuse kinnitamiseks v\u00f5i raha tagastamiseks;<\/li>\n<li style=\"font-weight: 400;\">pakkuda tooteid ja teenuseid, mis v\u00f5ivad teile huvi pakkuda, v\u00f5ttes arvesse teie varasemaid tellimusi;<\/li>\n<li style=\"font-weight: 400;\">meievahelise suhtluse lihtsustamiseks ja kiirendamiseks, kui v\u00f5tate meiega \u00fchendust;<\/li>\n<li style=\"font-weight: 400;\">muudel eesm\u00e4rkidel \u2013 n\u00e4iteks andmete anal\u00fc\u00fcsimiseks, trendide uurimiseks ja meie reklaamikampaaniate t\u00f5hususe hindamiseks.<\/li>\n<\/ul>\n<p>&nbsp;<\/p>\n<p style=\"font-weight: 400;\"><strong>ANDMETE JAGAMINE<\/strong><\/p>\n<ul>\n<li style=\"font-weight: 400;\">V\u00f5ime jagada v\u00f5i edastada teie isikuandmeid seoses meie ettev\u00f5tte omanikuvahetuse, \u00fchinemise, varade m\u00fc\u00fcgi, rahastamise v\u00f5i omandamisega. Teavitame teid teie andmete edastamisest ja sellest, millal sellele rakenduvad muud andmekaitsetingimused.<\/li>\n<li style=\"font-weight: 400;\">V\u00f5ime jagada teie andmeid oma partnerettev\u00f5tetega, n\u00f5udes neilt nende andmekaitsetingimuste j\u00e4rgimist. Sidusettev\u00f5tete hulka kuuluvad meie ema- ja t\u00fctarettev\u00f5tted, \u00fchisettev\u00f5tte partnerid v\u00f5i meile kuuluvad ettev\u00f5tted.<\/li>\n<li style=\"font-weight: 400;\">V\u00f5ime jagada teie teavet oma \u00e4ripartneritega, et pakkuda teile teatud tooteid, teenuseid v\u00f5i tutvustusi.<\/li>\n<li style=\"font-weight: 400;\">V\u00f5ime teie n\u00f5usolekul avaldada teie isikuandmeid mis tahes muul eesm\u00e4rgil.<\/li>\n<li style=\"font-weight: 400;\">Oleme kohustatud teie andmeid avalikustama, kui seadus seda n\u00f5uab. Heauskselt v\u00f5ime teie andmeid avaldada ka seadusest tulenevate kohustuste t\u00e4itmiseks, oma \u00f5iguste v\u00f5i vara kaitsmiseks, meie teenuse kasutamisega seotud v\u00f5imalike seaduserikkumiste \u00e4rahoidmiseks v\u00f5i tuvastamiseks ning teenuse kasutajate ohutuse tagamiseks.<\/li>\n<\/ul>\n<p>&nbsp;<\/p>\n<p style=\"font-weight: 400;\"><strong>ANDMEKOGU<\/strong><\/p>\n<p style=\"font-weight: 400;\">Ettev\u00f5te s\u00e4ilitab teie andmeid ainult seni, kuni see on vajalik k\u00e4esolevates andmekaitsetingimustes s\u00e4testatud eesm\u00e4rkide saavutamiseks. S\u00e4ilitame ja kasutame teie isikuandmeid ulatuses, mis on vajalik meie juriidiliste kohustuste t\u00e4itmiseks (n\u00e4iteks kui meil on vaja s\u00e4ilitada teie teavet kohaldatavate seaduste j\u00e4rgimiseks), vaidluste lahendamiseks ning meie juriidiliste lepingute ja poliitikate j\u00f5ustamiseks.<\/p>\n<p style=\"font-weight: 400;\">Samuti s\u00e4ilitab ettev\u00f5te sisemise anal\u00fc\u00fcsi jaoks logifaile. Logifaile s\u00e4ilitatakse tavaliselt l\u00fchemat aega, v\u00e4lja arvatud juhul, kui andmeid kasutatakse meie teenuse turvalisuse tugevdamiseks v\u00f5i funktsionaalsuse parandamiseks v\u00f5i kui seadus on kohustatud andmeid s\u00e4ilitama pikemat aega.<\/p>\n<p style=\"font-weight: 400;\"><strong>LASTE ANDMETE T\u00d6\u00d6TLEMINE<\/strong><\/p>\n<p style=\"font-weight: 400;\">\u00dckski meie toode ega teenus ei ole suunatud alla 13-aastastele lastele ja me ei kogu teadlikult teavet alla 13-aastastelt lastelt. Kui kahtlustame, et t\u00f6\u00f6tleme alla 13-aastase isiku andmeid, eemaldab selle inimese k\u00f5igist meie andmebaasidest.<\/p>\n<p style=\"font-weight: 400;\"><strong>ANDMEKAITSE \u00d5IGUSED<\/strong><\/p>\n<p style=\"font-weight: 400;\">Teil on alati \u00f5igus oma andmeid meiega mitte jagada, teades, et see v\u00f5ib m\u00f5jutada teie kogemust meie veebisaidil. Kui otsustate oma teavet meiega mitte jagada, ei kohtle me teid selle t\u00f5ttu v\u00e4hem. Kui esitate meile isikuandmeid, m\u00f5istate, et me kogume, salvestame, kasutame ja avaldame seda k\u00e4esoleva privaatsuspoliitika alusel. Teil on \u00f5igus n\u00f5uda \u00fcksikasju teie kohta kogutud andmete kohta.<\/p>\n<p style=\"font-weight: 400;\">Kui saame teie kohta kolmandalt isikult isikuandmeid, kaitseme seda k\u00e4esolevate andmekaitsetingimuste ja Eesti Vabariigi seadusega. Kui jagate ise kolmanda osapoole andmeid, kinnitate, et teil on selleks \u00f5igus ja luba.<\/p>\n<p style=\"font-weight: 400;\">Isegi kui olete eelnevalt n\u00f5ustunud oma andmeid meiega turunduseesm\u00e4rkidel jagama, on teil \u00f5igus igal ajal oma meelt muuta. Teil on alati \u00f5igus l\u00f5petada meiega suhtlemine ja n\u00f5uda, et me eemaldaksime teie andmed oma andmebaasidest. Aeg-ajalt v\u00f5ime k\u00fcsida teie kohta teavet ka teie isiku kinnitamiseks. Kui leiate, et teie kohta kogutud andmed on ebat\u00e4psed, aegunud, puudulikud, ebaolulised v\u00f5i eksitavad, v\u00f5tke meiega \u00fchendust e-posti teel: <a href=\"mailto:epood@glamuur.ee\">epood@glamuur.ee<\/a>. Anname endast parima, et parandada ebat\u00e4pne, mittet\u00e4ielik, eksitav v\u00f5i aegunud teave.<\/p>\n<p style=\"font-weight: 400;\">Kui arvate, et oleme rikkunud asjakohast andmekaitseseadust ja soovite esitada kaebuse, v\u00f5tke meiega \u00fchendust, kasutades selles dokumendis leiduvaid kontaktandmeid ja edastage meile rikkumise kohta k\u00f5ik andmed. Uurime teie kaebust viivitamatult ja vastame teile kirjalikult oma uurimise tulemuste ja teie kaebuse lahendamiseks v\u00f5etavate sammudega. Samuti on teil \u00f5igus v\u00f5tta \u00fchendust reguleeriva asutuse v\u00f5i andmekaitseasutusega.<\/p>\n<p style=\"font-weight: 400;\"><strong>GDPR ANDMEKAITSE \u00d5IGUSED<\/strong><\/p>\n<p style=\"font-weight: 400;\">Soovime olla kindel, et olete teadlik k\u00f5igist oma andmekaitse\u00f5igustest. Igal lehe kasutajal on \u00f5igus j\u00e4rgmistele tingimustele:<\/p>\n<ul>\n<li style=\"font-weight: 400;\">juurdep\u00e4\u00e4su\u00f5igus \u2013 teil on \u00f5igus n\u00f5uda oma andmetest koopiaid;<\/li>\n<li style=\"font-weight: 400;\">\u00f5igus andmete parandamisele \u2013 teil on \u00f5igus n\u00f5uda, et parandaksime teie arvates ebat\u00e4psed andmed ja t\u00e4iendaksime teie arvates mittet\u00e4ielikke andmeid.<\/li>\n<li style=\"font-weight: 400;\">kustutamise \u00f5igus \u2013 teatud tingimustel on teil \u00f5igus n\u00f5uda oma andmete kustutamist;<\/li>\n<li style=\"font-weight: 400;\">\u00f5igus piirata andmet\u00f6\u00f6tlust \u2013 teatud tingimustel on teil \u00f5igus n\u00f5uda oma andmete kasutamise piiramist;<\/li>\n<li style=\"font-weight: 400;\">\u00f5igus esitada vastuv\u00e4iteid isikuandmete kasutamisele \u2013 teatud tingimustel on teil \u00f5igus esitada vastuv\u00e4iteid oma andmete kasutamisele;<\/li>\n<li style=\"font-weight: 400;\">\u00f5igus andmete teisaldatavusele \u2013 teatud tingimustel on teil \u00f5igus n\u00f5uda, et me edastaksime kogutud andmed kolmandale isikule v\u00f5i otse teile.<\/li>\n<\/ul>\n<p>&nbsp;<\/p>\n<p style=\"font-weight: 400;\"><strong>ANDMETE TURVALISUS<\/strong><\/p>\n<p style=\"font-weight: 400;\">Teie isikuandmete turvalisus on meile oluline, kuid pidage meeles, et \u00fckski Interneti kaudu teabe vahetamise meetod ega elektrooniline s\u00e4ilitamisviis ei ole 100% turvaline. Kuigi anname endast parima, et teie teavet kaitsta, ei saa me tagada selle t\u00e4ielikku turvalisust.<\/p>\n<p style=\"font-weight: 400;\">Glanz &amp; Glamuur O\u00dc v\u00f5tab kasutusele k\u00f5ik m\u00f5istlikult vajalikud meetmed tagamaks, et Teie andmeid t\u00f6\u00f6deldakse turvaliselt ning k\u00e4esolevate andmekaitsetingimuste ja Eesti Vabariigi seaduste kohaselt. Teie andmeid ei edastata \u00fchelegi organisatsioonile v\u00f5i riigile, v\u00e4lja arvatud juhul, kui selleks on m\u00f5juv p\u00f5hjus ja teie andmete turvalisus on tagatud.<\/p>\n<p style=\"font-weight: 400;\"><strong>VIIDE TEISTELE VEEBISAITIDELE<\/strong><\/p>\n<p style=\"font-weight: 400;\">Meie veebisaidilt v\u00f5ite leida linke teistele veebisaitidele, mis ei kuulu meile. Kui kl\u00f5psate kolmanda osapoole lingil, suunatakse teid sellele kolmanda osapoole saidile. Soovitame tungivalt tutvuda iga k\u00fclastatava saidi andmekaitsetingimustega.<\/p>\n<p style=\"font-weight: 400;\">Meil ei ole kontrolli kolmandate osapoolte saitide \u00fcle ega vastuta nende sisu, privaatsuspoliitika, pakutavate teenuste ega muu eest.<\/p>\n<p style=\"font-weight: 400;\"><strong>ANDMEKAITSETINGIMUSTE V\u00c4RSKENDUSED<\/strong><\/p>\n<p style=\"font-weight: 400;\">Vajadusel on meil \u00f5igus teha k\u00e4esolevas andmekaitsetingimuste dokumendis muudatusi. Andmekaitsetingimuste uuendamisel muudame dokumendi uuendamise kuup\u00e4eva selle dokumendi allosas. Kui j\u00e4tkate meie veebisaidi k\u00fclastamist ja kasutamist p\u00e4rast andmekaitsetingimuste uuendamist, k\u00e4sitleme seda teie vaikiva n\u00f5usolekuna muudatustega.<\/p>\n<p><em><strong><span class=\"OYPEnA text-decoration-none text-strikethrough-none\"><a href=\"https:\/\/glamuur.ee\/et\/ehtede-hooldusjuhised\/\">Sellega n\u00f5ustub klient ehete hooldamise ja kasutamise juhendiga.<\/a>\u00a0<\/span><\/strong><\/em><\/p>\n<p style=\"font-weight: 400;\">Viimati muudetud <strong>28\/05\/2022<\/strong><\/p>\n\n\t\t<\/div>\n\t<\/div>\n<\/div><\/div><\/div><\/div>\n<\/section>","protected":false},"excerpt":{"rendered":"In case of discrepancy of data protection terms or any terms and conditions hereof, between the English version and the Estonian\/Russian language version, the Estonian version shall prevail. Glanz &amp; Glamuur O\u00dc needs to respect your privacy and comply with all applicable laws and regulations...","protected":false},"author":1,"featured_media":0,"parent":0,"menu_order":0,"comment_status":"closed","ping_status":"closed","template":"","meta":{"jetpack_post_was_ever_published":false,"footnotes":""},"class_list":["post-3","page","type-page","status-publish","hentry"],"_links":{"self":[{"href":"https:\/\/glamuur.ee\/et\/wp-json\/wp\/v2\/pages\/3","targetHints":{"allow":["GET"]}}],"collection":[{"href":"https:\/\/glamuur.ee\/et\/wp-json\/wp\/v2\/pages"}],"about":[{"href":"https:\/\/glamuur.ee\/et\/wp-json\/wp\/v2\/types\/page"}],"author":[{"embeddable":true,"href":"https:\/\/glamuur.ee\/et\/wp-json\/wp\/v2\/users\/1"}],"replies":[{"embeddable":true,"href":"https:\/\/glamuur.ee\/et\/wp-json\/wp\/v2\/comments?post=3"}],"version-history":[{"count":0,"href":"https:\/\/glamuur.ee\/et\/wp-json\/wp\/v2\/pages\/3\/revisions"}],"wp:attachment":[{"href":"https:\/\/glamuur.ee\/et\/wp-json\/wp\/v2\/media?parent=3"}],"curies":[{"name":"wp","href":"https:\/\/api.w.org\/{rel}","templated":true}]}}