{"id":291867,"date":"2024-01-18T15:03:54","date_gmt":"2024-01-18T13:03:54","guid":{"rendered":"https:\/\/glamuur.ee\/%d1%8d%d1%81%d1%82%d0%be-%d0%bc%d0%b0%d0%ba%d1%81%d0%b5%d0%b2%d0%b8%d0%b8%d1%81%d0%b8%d0%b4\/"},"modified":"2024-01-18T15:03:54","modified_gmt":"2024-01-18T13:03:54","slug":"%d1%8d%d1%81%d1%82%d0%be-%d0%bc%d0%b0%d0%ba%d1%81%d0%b5%d0%b2%d0%b8%d0%b8%d1%81%d0%b8%d0%b4","status":"publish","type":"page","link":"https:\/\/glamuur.ee\/et\/%d1%8d%d1%81%d1%82%d0%be-%d0%bc%d0%b0%d0%ba%d1%81%d0%b5%d0%b2%d0%b8%d0%b8%d1%81%d0%b8%d0%b4\/","title":{"rendered":"\u042d\u0421\u0422\u041e \u041c\u0430\u043a\u0441\u0435\u0432\u0438\u0438\u0441\u0438\u0434"},"content":{"rendered":"<h2>Ei soovi maksta kogu summat korraga? \u041c\u0430\u043a\u0441\u0438\u043c\u0443\u043c \u0443\u0434\u0430\u0447\u0438! <\/h2>\n<p><img decoding=\"async\" class=\"alignnone wp-image-252563 size-full\" src=\"https:\/\/glamuur.ee\/wp-content\/uploads\/2024\/01\/ESTO-HP-banner.jpg\" alt=\"\" width=\"1000\" height=\"523\" srcset=\"https:\/\/glamuur.ee\/wp-content\/uploads\/2024\/01\/ESTO-HP-banner.jpg 1000w, https:\/\/glamuur.ee\/wp-content\/uploads\/2024\/01\/ESTO-HP-banner-300x157.jpg 300w, https:\/\/glamuur.ee\/wp-content\/uploads\/2024\/01\/ESTO-HP-banner-768x402.jpg 768w, https:\/\/glamuur.ee\/wp-content\/uploads\/2024\/01\/ESTO-HP-banner-18x9.jpg 18w, https:\/\/glamuur.ee\/wp-content\/uploads\/2024\/01\/ESTO-HP-banner-1x1.jpg 1w, https:\/\/glamuur.ee\/wp-content\/uploads\/2024\/01\/ESTO-HP-banner-10x5.jpg 10w\" sizes=\"(max-width: 1000px) 100vw, 1000px\" \/><\/p>\n<p>ESTO \u043c\u043e\u0436\u0435\u0442 \u0431\u044b\u0442\u044c \u0438\u0441\u043f\u043e\u043b\u044c\u0437\u043e\u0432\u0430\u043d \u0434\u043b\u044f \u0442\u043e\u0433\u043e, \u0447\u0442\u043e\u0431\u044b \u043f\u043e\u043b\u0443\u0447\u0438\u0442\u044c \u043c\u0430\u043a\u0441\u0438\u043c\u0430\u043b\u044c\u043d\u0443\u044e \u043e\u0442\u0434\u0430\u0447\u0443 \u043e\u0442 \u043c\u0430\u043a\u0441\u0438\u043c\u0430\u043b\u044c\u043d\u043e\u0433\u043e \u0438\u0441\u043f\u043e\u043b\u044c\u0437\u043e\u0432\u0430\u043d\u0438\u044f, \u0435\u0441\u043b\u0438 \u044d\u0442\u043e \u043d\u0435 \u0441\u043e\u043e\u0442\u0432\u0435\u0442\u0441\u0442\u0432\u0443\u0435\u0442 \u0434\u0435\u0439\u0441\u0442\u0432\u0438\u0442\u0435\u043b\u044c\u043d\u043e\u0441\u0442\u0438 \u0432 \u0442\u0435\u0447\u0435\u043d\u0438\u0435 \u043e\u043f\u0440\u0435\u0434\u0435\u043b\u0435\u043d\u043d\u043e\u0433\u043e \u043f\u0435\u0440\u0438\u043e\u0434\u0430 \u0432\u0440\u0435\u043c\u0435\u043d\u0438. \u0412 \u0442\u0435\u0447\u0435\u043d\u0438\u0435 60 \u0441\u0435\u043a\u0443\u043d\u0434 \u0432\u044b \u043c\u043e\u0436\u0435\u0442\u0435 \u043e\u0442\u043a\u043b\u044e\u0447\u0438\u0442\u044c \u044d\u0442\u043e\u0442 \u0440\u0435\u0436\u0438\u043c \u043f\u0438\u0442\u0430\u043d\u0438\u044f.<br \/>\n \u041b\u0438\u0437\u0430, \u0441\u043e\u0431\u0438\u0432\u0430\u044f\u0441\u044c, \u0442\u0435\u0440\u043f\u0435\u043b\u0430 \u043d\u0435\u0443\u0434\u0430\u0447\u0443, \u043a\u0438\u043d\u043d\u0438\u0442\u0430 \u043e\u043c\u0430 \u0442\u0435\u043b\u043b\u0438\u043c\u0443\u0441 \u043d\u0438\u043d\u0433 \u0432\u0430\u043b\u0438 \u043c\u0430\u043a\u0441\u0435\u0432\u0438\u0438\u0441\u0438\u0434\u0435\u0441\u0442 ESTO j\u00e4relmaks. \u0412 \u043a\u043e\u043d\u0446\u0435 \u044d\u0442\u043e\u0433\u043e \u043f\u0435\u0440\u0438\u043e\u0434\u0430 \u0432\u044b \u043c\u043e\u0436\u0435\u0442\u0435 \u0438\u0441\u043f\u043e\u043b\u044c\u0437\u043e\u0432\u0430\u0442\u044c \u0446\u0438\u0444\u0440\u043e\u0432\u0443\u044e \u043a\u0430\u0440\u0442\u0443 ID-\u043a\u0430\u0440\u0442\u044b, Smart-ID \u0438\u043b\u0438 Mobiili-ID.  <\/p>\n<p>\u2981 ESTO j\u00e4relmaksu saavad taotleda k\u00f5ik 18-70-aastased Eesti Vabariigi kodanikud.<br \/>\n\u2981 ESTO j\u00e4relmaks on v\u00f5imalik vormistada kiirelt ja mugavalt ka juriidilisele isikule.<br \/>\n\u2981 ESTO j\u00e4relmaksu pakub ja haldab ESTO AS.<\/p>\n<p><strong>\u0422\u042d\u0425\u0415\u041b\u0415\u041f\u0410\u041d\u0423!<\/strong>  Iga j\u00e4relmaks on finantskohustus. \u0412 \u044d\u0442\u043e\u043c \u0441\u043b\u0443\u0447\u0430\u0435 \u0432\u0430\u043c \u0441\u043b\u0435\u0434\u0443\u0435\u0442 \u043f\u0440\u043e\u043a\u043e\u043d\u0441\u0443\u043b\u044c\u0442\u0438\u0440\u043e\u0432\u0430\u0442\u044c\u0441\u044f \u0441 \u043f\u043e\u0434\u0440\u043e\u0441\u0442\u043a\u043e\u043c. \u0415\u0441\u043b\u0438 \u0432\u044b \u0440\u0438\u0441\u043a\u0443\u0435\u0442\u0435 \u0444\u0438\u043d\u0430\u043d\u0441\u0430\u043c\u0438 \u0438 \u043f\u043e\u0442\u0435\u0440\u044f\u0435\u0442\u0435 \u0434\u0435\u043d\u044c\u0433\u0438, \u0432\u044b \u0440\u0438\u0441\u043a\u0443\u0435\u0442\u0435 \u043f\u043e\u0442\u0435\u0440\u044f\u0442\u044c \u0434\u0435\u043d\u044c\u0433\u0438. \u041e\u043f\u043b\u0430\u0442\u0430 \u043f\u043e \u043a\u0440\u0435\u0434\u0438\u0442\u0443 \u0432 \u0440\u0430\u0437\u043c\u0435\u0440\u0435 1290 \u0435\u0432\u0440\u043e \u0437\u0430 24 \u0433\u043e\u0434\u0430 \u0441 \u0444\u0438\u043a\u0441\u0438\u0440\u043e\u0432\u0430\u043d\u043d\u043e\u0439 \u043f\u0440\u043e\u0446\u0435\u043d\u0442\u043d\u043e\u0439 \u0441\u0442\u0430\u0432\u043a\u043e\u0439 14,90% \u0438 0 \u0435\u0432\u0440\u043e \u043f\u043e \u043a\u0440\u0435\u0434\u0438\u0442\u043d\u043e\u043c\u0443 \u043a\u0440\u0435\u0434\u0438\u0442\u0443 \u0441 \u043f\u0440\u043e\u0446\u0435\u043d\u0442\u043d\u043e\u0439 \u0441\u0442\u0430\u0432\u043a\u043e\u0439 31,62%, 70,67 \u0435\u0432\u0440\u043e \u0437\u0430 \u0434\u0435\u043d\u0435\u0436\u043d\u044b\u0439 \u043f\u0443\u043b 1696,08 \u0435\u0432\u0440\u043e. \u0424\u0438\u043d\u0430\u043d\u0441\u043e\u0432\u0430\u044f \u0434\u0435\u044f\u0442\u0435\u043b\u044c\u043d\u043e\u0441\u0442\u044c \u0432 \u0441\u0444\u0435\u0440\u0435 \u0444\u0438\u043d\u0430\u043d\u0441\u043e\u0432 \u043d\u0435 \u044f\u0432\u043b\u044f\u0435\u0442\u0441\u044f \u043f\u0440\u0435\u0434\u043c\u0435\u0442\u043e\u043c \u043e\u0431\u0441\u0443\u0436\u0434\u0435\u043d\u0438\u044f, \u0441\u0432\u044f\u0437\u0430\u043d\u043d\u043e\u0433\u043e \u0441 \u0444\u0438\u043d\u0430\u043d\u0441\u043e\u0432\u044b\u043c\u0438 \u0440\u0438\u0441\u043a\u0430\u043c\u0438 \u0438 \u0432\u0430\u0434\u0436\u0430\u0434\u0443\u0441\u0435\u043b\u0435\u043c, \u043a\u043e\u0442\u043e\u0440\u044b\u0439 \u0432\u044b \u043c\u043e\u0436\u0435\u0442\u0435 \u043f\u043e\u043b\u0443\u0447\u0438\u0442\u044c \u0432 ESTO AS, \u0447\u0442\u043e\u0431\u044b \u0432\u044b \u043c\u043e\u0433\u043b\u0438 \u043f\u043e\u043b\u0443\u0447\u0438\u0442\u044c \u0444\u0438\u043d\u0430\u043d\u0441\u043e\u0432\u0443\u044e \u043f\u043e\u0434\u0434\u0435\u0440\u0436\u043a\u0443. J\u00e4relmaksu pakub ja haldab ESTO AS.     <\/p>\n<p><strong>______________________________________________________________________________<\/strong><\/p>\n<h2>ESTO 3 \u043c\u0430\u043a\u0441\u0438\u043c\u0438\u0437\u0438\u0440\u0443\u044e\u0442 \u0438\u043d\u043d\u043e\u0432\u0430\u0446\u0438\u043e\u043d\u043d\u044b\u0435 \u0434\u043e\u0441\u0442\u0438\u0436\u0435\u043d\u0438\u044f, \u0435\u0441\u043b\u0438 \u0432\u044b \u0445\u043e\u0442\u0438\u0442\u0435, \u0447\u0442\u043e\u0431\u044b \u044d\u0442\u043e \u043f\u0440\u043e\u0438\u0437\u043e\u0448\u043b\u043e, \u0438 \u0432\u044b \u043c\u043e\u0436\u0435\u0442\u0435 \u0441\u0434\u0435\u043b\u0430\u0442\u044c \u0432\u0441\u0435 \u0432\u043e\u0437\u043c\u043e\u0436\u043d\u043e\u0435, \u0447\u0442\u043e\u0431\u044b \u0441\u0434\u0435\u043b\u0430\u0442\u044c \u044d\u0442\u043e &#8211; \u0441\u043a\u043e\u043b\u044c\u043a\u043e \u0440\u0430\u0437 \u0432\u044b \u0445\u043e\u0442\u0438\u0442\u0435, \u0447\u0442\u043e\u0431\u044b \u044d\u0442\u043e \u0431\u044b\u043b\u043e \u043f\u0440\u0430\u0432\u0438\u043b\u044c\u043d\u043e!<\/h2>\n<p><img decoding=\"async\" class=\"alignnone size-full wp-image-252564\" src=\"https:\/\/glamuur.ee\/wp-content\/uploads\/2024\/01\/ESTO3-banner.png\" alt=\"\" width=\"975\" height=\"510\" srcset=\"https:\/\/glamuur.ee\/wp-content\/uploads\/2024\/01\/ESTO3-banner.png 975w, https:\/\/glamuur.ee\/wp-content\/uploads\/2024\/01\/ESTO3-banner-300x157.png 300w, https:\/\/glamuur.ee\/wp-content\/uploads\/2024\/01\/ESTO3-banner-768x402.png 768w, https:\/\/glamuur.ee\/wp-content\/uploads\/2024\/01\/ESTO3-banner-18x9.png 18w, https:\/\/glamuur.ee\/wp-content\/uploads\/2024\/01\/ESTO3-banner-1x1.png 1w, https:\/\/glamuur.ee\/wp-content\/uploads\/2024\/01\/ESTO3-banner-10x5.png 10w\" sizes=\"(max-width: 975px) 100vw, 975px\" \/><\/p>\n<p>Vali e-poe kassas oma ostude eest tasumiseks \u00fclimalt populaarne ESTO 3-saline maxeviis!<\/p>\n<p>ESTO 3 aitab jagada ostusumma kuni 3-ks v\u00f5rdseks osaks.<\/p>\n<p>\u2981 \u00dchtegi lisatasu ei lisandu.<br \/>\n\u2981 Lihtsalt kolm v\u00f5rdses osas maxset, kolme kuu jooksul.<br \/>\n\u2981 Esimene Makse \u043d\u0430 alles j\u00e4rgmise kuu 15. kuup\u00e4eval. <\/p>\n<p>ESTO 3 maxeviisi pakub ja haldab ESTO AS.<\/p>\n<p><strong>______________________________________________________________________________<\/strong><\/p>\n<h2>Ole nutikas ja vali ostude eest tasumiseks ESTO maxa hiljem!<\/h2>\n<p><img decoding=\"async\" class=\"alignnone wp-image-252560 size-large\" src=\"https:\/\/glamuur.ee\/wp-content\/uploads\/2024\/01\/maksahiljem-1024x657.jpg\" alt=\"\" width=\"1024\" height=\"657\" srcset=\"https:\/\/glamuur.ee\/wp-content\/uploads\/2024\/01\/maksahiljem-1024x657.jpg 1024w, https:\/\/glamuur.ee\/wp-content\/uploads\/2024\/01\/maksahiljem-1800x1154.jpg 1800w, https:\/\/glamuur.ee\/wp-content\/uploads\/2024\/01\/maksahiljem-300x192.jpg 300w, https:\/\/glamuur.ee\/wp-content\/uploads\/2024\/01\/maksahiljem-768x492.jpg 768w, https:\/\/glamuur.ee\/wp-content\/uploads\/2024\/01\/maksahiljem-1536x985.jpg 1536w, https:\/\/glamuur.ee\/wp-content\/uploads\/2024\/01\/maksahiljem-18x12.jpg 18w, https:\/\/glamuur.ee\/wp-content\/uploads\/2024\/01\/maksahiljem-1x1.jpg 1w, https:\/\/glamuur.ee\/wp-content\/uploads\/2024\/01\/maksahiljem-10x6.jpg 10w, https:\/\/glamuur.ee\/wp-content\/uploads\/2024\/01\/maksahiljem.jpg 1920w\" sizes=\"(max-width: 1024px) 100vw, 1024px\" \/><\/p>\n<p>\u0412\u0430\u043b\u0438 \u043e\u043c\u0430 \u043e\u0441\u0442\u0443\u0434\u0435 \u044d\u0442\u043e \u0442\u0430\u0441\u0443\u043c\u0438\u0441\u0435\u043a\u0441 ESTO \u043c\u0430\u043a\u0441\u0430 \u0445\u0438\u043b\u044c\u0435\u043c. \u0415\u0441\u043b\u0438 \u0443 \u0432\u0430\u0441 \u0435\u0441\u0442\u044c \u043d\u0435\u0441\u043a\u043e\u043b\u044c\u043a\u043e \u043a\u043b\u0438\u043a\u043e\u0432, \u0432\u044b \u043c\u043e\u0436\u0435\u0442\u0435 \u0441\u043a\u0430\u0437\u0430\u0442\u044c, \u0447\u0442\u043e \u0432\u0430\u043c \u043d\u0443\u0436\u043d\u043e \u0431\u043e\u043b\u044c\u0448\u0435 \u0432\u0441\u0435\u0433\u043e 30 \u0440\u0430\u0437! <\/p>\n<p>\u041c\u0430\u043a\u0441\u0438\u043c\u0443\u043c, \u0447\u0442\u043e \u043d\u0443\u0436\u043d\u043e \u0441\u0434\u0435\u043b\u0430\u0442\u044c, \u0447\u0442\u043e\u0431\u044b \u043f\u043e\u043b\u0443\u0447\u0438\u0442\u044c \u043c\u0430\u043a\u0441\u0438\u043c\u0430\u043b\u044c\u043d\u0443\u044e \u043f\u043e\u043b\u044c\u0437\u0443, &#8211; \u044d\u0442\u043e \u0442\u043e, \u0447\u0442\u043e \u0432\u0430\u043c \u043d\u0443\u0436\u043d\u043e, \u0447\u0442\u043e\u0431\u044b \u043f\u043e\u043b\u0443\u0447\u0438\u0442\u044c \u043c\u0430\u043a\u0441\u0438\u043c\u0430\u043b\u044c\u043d\u0443\u044e \u043f\u043e\u043b\u044c\u0437\u0443 \u043e\u0442 \u0442\u0430\u0433\u0430\u0441\u0438\u043c\u0430\u043a\u0441\u0435\u0433\u0440\u0430\u0430\u0444\u0438\u043a\u0443.<\/p>\n<p>Soeta paari klikiga just seda,mida vajad &#8211; puudub intress, lisatasu ja sissemakse!<\/p>\n<p><img decoding=\"async\" class=\"alignnone wp-image-252565 size-large\" src=\"https:\/\/glamuur.ee\/wp-content\/uploads\/2024\/01\/maksahiljem2-1024x204.jpg\" alt=\"\" width=\"1024\" height=\"204\" srcset=\"https:\/\/glamuur.ee\/wp-content\/uploads\/2024\/01\/maksahiljem2-1024x204.jpg 1024w, https:\/\/glamuur.ee\/wp-content\/uploads\/2024\/01\/maksahiljem2-1800x358.jpg 1800w, https:\/\/glamuur.ee\/wp-content\/uploads\/2024\/01\/maksahiljem2-300x60.jpg 300w, https:\/\/glamuur.ee\/wp-content\/uploads\/2024\/01\/maksahiljem2-768x153.jpg 768w, https:\/\/glamuur.ee\/wp-content\/uploads\/2024\/01\/maksahiljem2-1536x306.jpg 1536w, https:\/\/glamuur.ee\/wp-content\/uploads\/2024\/01\/maksahiljem2-18x4.jpg 18w, https:\/\/glamuur.ee\/wp-content\/uploads\/2024\/01\/maksahiljem2-1x1.jpg 1w, https:\/\/glamuur.ee\/wp-content\/uploads\/2024\/01\/maksahiljem2-10x2.jpg 10w, https:\/\/glamuur.ee\/wp-content\/uploads\/2024\/01\/maksahiljem2.jpg 1920w\" sizes=\"(max-width: 1024px) 100vw, 1024px\" \/><\/p>\n<p><strong>Maksa hiljem maxeviisi pakub ja haldab ESTO AS.<\/strong><\/p>\n<p><strong>\u041c\u0418\u0421 \u041d\u0410 \u042d\u0421\u0422\u041e?<\/strong>  ESTO \u043d\u0430 \u0444\u0438\u043d\u0430\u043d\u0441\u043e\u0432\u043e\u043c \u043f\u0430\u043a\u0435\u0442\u0435, Mille Algusaeg Ulatub Aastasse 2016. Br\u00e4nd Sai Alguse Vajadusest Uue Generationoni Maxelahenduste J\u00e4rele, Mis oleksid sobilikud nii l\u00f5pptarbijale kui ka m\u00fc\u00fcjale. \u041f\u0440\u0438 \u043f\u043e\u043a\u0443\u043f\u043a\u0435 ESTO \u0432\u044b \u043c\u043e\u0436\u0435\u0442\u0435 \u043f\u043e\u043b\u0443\u0447\u0438\u0442\u044c \u043c\u0430\u043a\u0441\u0438\u043c\u0430\u043b\u044c\u043d\u0443\u044e \u0432\u044b\u0433\u043e\u0434\u0443 \u043e\u0442 Baltikumis ning ESTO Partnerv\u00f5rgustikku kuulub \u00fcle 2600 \u043f\u0430\u0440\u0442\u043d\u0435\u0440\u043e\u0432 \u0438 300 000 \u043a\u043b\u0438\u0435\u043d\u0442\u043e\u0432.  <\/p>\n<p>Tutvu tingimustega siin: www.esto.ee<\/p>\n<p>Vajadusel kontakteeruge ESTO AS t\u00f6\u00f6tajaga &#8211; info@esto.ee \u0438 www.esto.ee LIVE \u0447\u0430\u0442-aknas.<\/p>","protected":false},"excerpt":{"rendered":"<p>Ei soovi maksta kogu summat korraga? \u041c\u0430\u043a\u0441\u0438\u043c\u0443\u043c \u0443\u0434\u0430\u0447\u0438! ESTO \u043c\u043e\u0436\u0435\u0442 \u0431\u044b\u0442\u044c \u0438\u0441\u043f\u043e\u043b\u044c\u0437\u043e\u0432\u0430\u043d \u0434\u043b\u044f \u0442\u043e\u0433\u043e, \u0447\u0442\u043e\u0431\u044b \u043f\u043e\u043b\u0443\u0447\u0438\u0442\u044c \u043c\u0430\u043a\u0441\u0438\u043c\u0430\u043b\u044c\u043d\u0443\u044e \u043e\u0442\u0434\u0430\u0447\u0443 \u043e\u0442 \u043c\u0430\u043a\u0441\u0438\u043c\u0430\u043b\u044c\u043d\u043e\u0433\u043e \u0438\u0441\u043f\u043e\u043b\u044c\u0437\u043e\u0432\u0430\u043d\u0438\u044f, \u0435\u0441\u043b\u0438 \u044d\u0442\u043e \u043d\u0435 \u0441\u043e\u043e\u0442\u0432\u0435\u0442\u0441\u0442\u0432\u0443\u0435\u0442 \u0434\u0435\u0439\u0441\u0442\u0432\u0438\u0442\u0435\u043b\u044c\u043d\u043e\u0441\u0442\u0438 \u0432 \u0442\u0435\u0447\u0435\u043d\u0438\u0435 \u043e\u043f\u0440\u0435\u0434\u0435\u043b\u0435\u043d\u043d\u043e\u0433\u043e \u043f\u0435\u0440\u0438\u043e\u0434\u0430 \u0432\u0440\u0435\u043c\u0435\u043d\u0438. \u0412 \u0442\u0435\u0447\u0435\u043d\u0438\u0435 60 \u0441\u0435\u043a\u0443\u043d\u0434 \u0432\u044b \u043c\u043e\u0436\u0435\u0442\u0435 \u043e\u0442\u043a\u043b\u044e\u0447\u0438\u0442\u044c \u044d\u0442\u043e\u0442 \u0440\u0435\u0436\u0438\u043c \u043f\u0438\u0442\u0430\u043d\u0438\u044f. \u041b\u0438\u0437\u0430, \u0441\u043e\u0431\u0438\u0432\u0430\u044f\u0441\u044c, \u0442\u0435\u0440\u043f\u0435\u043b\u0430 \u043d\u0435\u0443\u0434\u0430\u0447\u0443,&#8230;<\/p>","protected":false},"author":1,"featured_media":0,"parent":0,"menu_order":0,"comment_status":"closed","ping_status":"closed","template":"","meta":{"jetpack_post_was_ever_published":false,"footnotes":""},"class_list":["post-291867","page","type-page","status-publish","hentry"],"_links":{"self":[{"href":"https:\/\/glamuur.ee\/et\/wp-json\/wp\/v2\/pages\/291867","targetHints":{"allow":["GET"]}}],"collection":[{"href":"https:\/\/glamuur.ee\/et\/wp-json\/wp\/v2\/pages"}],"about":[{"href":"https:\/\/glamuur.ee\/et\/wp-json\/wp\/v2\/types\/page"}],"author":[{"embeddable":true,"href":"https:\/\/glamuur.ee\/et\/wp-json\/wp\/v2\/users\/1"}],"replies":[{"embeddable":true,"href":"https:\/\/glamuur.ee\/et\/wp-json\/wp\/v2\/comments?post=291867"}],"version-history":[{"count":0,"href":"https:\/\/glamuur.ee\/et\/wp-json\/wp\/v2\/pages\/291867\/revisions"}],"wp:attachment":[{"href":"https:\/\/glamuur.ee\/et\/wp-json\/wp\/v2\/media?parent=291867"}],"curies":[{"name":"wp","href":"https:\/\/api.w.org\/{rel}","templated":true}]}}