{"id":291799,"date":"2025-04-03T15:40:42","date_gmt":"2025-04-03T12:40:42","guid":{"rendered":"https:\/\/glamuur.ee\/stiilikonsultatsioon\/"},"modified":"2025-06-30T17:39:15","modified_gmt":"2025-06-30T14:39:15","slug":"stiilikonsultatsioon","status":"publish","type":"page","link":"https:\/\/glamuur.ee\/et\/stiilikonsultatsioon\/","title":{"rendered":"Stiilikonsultatsioon"},"content":{"rendered":"<section class=\"wpb-content-wrapper\"><div class=\"vc_row wpb_row vc_row-fluid et_custom_uniqid_69fc5a7f827ac\"><div class=\"wpb_column vc_column_container vc_col-sm-12 et_custom_uniqid_69fc5a7f82752\"><div class=\"vc_column-inner\"><div class=\"wpb_wrapper\"><div class=\"vc_empty_space\"   style=\"height: 50px\"><span class=\"vc_empty_space_inner\"><\/span><\/div><\/div><\/div><\/div><\/div><div class=\"vc_row wpb_row vc_row-fluid et_custom_uniqid_new_67ee78a9674b6\"><div class=\"wpb_column vc_column_container vc_col-sm-6 et_custom_uniqid_69fc5a7f82752\"><div class=\"vc_column-inner\"><div class=\"wpb_wrapper\">\n\t<div  class=\"wpb_single_image wpb_content_element vc_align_left\">\n\t\t\n\t\t<figure class=\"wpb_wrapper vc_figure\">\n\t\t\t<div class=\"vc_single_image-wrapper   vc_box_border_grey\"><img decoding=\"async\" width=\"1350\" height=\"1350\" src=\"https:\/\/glamuur.ee\/wp-content\/uploads\/xstore\/xstore-placeholder-1x1.png\" class=\"vc_single_image-img attachment-full lazyload lazyload-simple et-lazyload-fadeIn\" alt=\"\" title=\"2\" sizes=\"(max-width: 1350px) 100vw, 1350px\" data-src=\"https:\/\/glamuur.ee\/wp-content\/uploads\/2025\/04\/2.png\" data-srcset=\"https:\/\/glamuur.ee\/wp-content\/uploads\/2025\/04\/2.png 1350w, https:\/\/glamuur.ee\/wp-content\/uploads\/2025\/04\/2-300x300.png 300w, https:\/\/glamuur.ee\/wp-content\/uploads\/2025\/04\/2-1024x1024.png 1024w, https:\/\/glamuur.ee\/wp-content\/uploads\/2025\/04\/2-150x150.png 150w, https:\/\/glamuur.ee\/wp-content\/uploads\/2025\/04\/2-768x768.png 768w, https:\/\/glamuur.ee\/wp-content\/uploads\/2025\/04\/2-12x12.png 12w, https:\/\/glamuur.ee\/wp-content\/uploads\/2025\/04\/2-100x100.png 100w, https:\/\/glamuur.ee\/wp-content\/uploads\/2025\/04\/2-3x3.png 3w, https:\/\/glamuur.ee\/wp-content\/uploads\/2025\/04\/2-10x10.png 10w\" \/><\/div>\n\t\t<\/figure>\n\t<\/div>\n<\/div><\/div><\/div><div class=\"wpb_column vc_column_container vc_col-sm-6 vc_col-has-fill et_custom_uniqid_new_67ee7a091c847\"><div class=\"vc_column-inner vc_custom_1743682067245\"><div class=\"wpb_wrapper\">\n\t<div class=\"wpb_text_column wpb_content_element\" >\n\t\t<div class=\"wpb_wrapper\">\n\t\t\t<h1 data-start=\"692\" data-end=\"863\"><em><strong>BRONEERI TASUTA EHTEDE STILISTAMISE AEG<\/strong><\/em><\/h1>\n<p>&#8212;&#8212;&#8212;&#8212;&#8212;&#8212;&#8212;&#8212;&#8212;&#8212;&#8212;&#8212;&#8212;&#8212;&#8212;&#8212;&#8212;&#8212;&#8212;&#8212;&#8212;&#8212;&#8212;&#8212;&#8212;&#8212;&#8212;&#8212;&#8211;<\/p>\n<p data-start=\"692\" data-end=\"863\">Olenemata sellest, kas k\u00f5nnid altari poole, astud lavale v\u00f5i lihtsalt alustad oma j\u00e4rgmisse peat\u00fckki \u2013 lubage meil aidata sul <strong data-start=\"809\" data-end=\"861\">leida sinu hetkega sobivad ideaalsed ehted.<\/strong><\/p>\n<p>Meie tasuta stilistikonsultatsioon pakub personaalset n\u00f5ustamist meie Tallinna esindussalongis. Nautige klaasi \u0161ampanjat ja laske meie stilistidel aidata teil leida v\u00e4limus, mis paneb teid end k\u00f5ige paremini tundma. <\/p>\n<p>Eelregistreerimata sissep\u00e4\u00e4sud on saadaval vastavalt saadavusele<strong data-start=\"809\" data-end=\"861\"><br \/>\n<\/strong><\/p>\n<p>&nbsp;<\/p>\n\n\t\t<\/div>\n\t<\/div>\n<\/div><\/div><\/div><\/div><div class=\"vc_row wpb_row vc_row-fluid et_custom_uniqid_69fc5a7f827ac\"><div class=\"wpb_column vc_column_container vc_col-sm-4 et_custom_uniqid_69fc5a7f82752\"><div class=\"vc_column-inner\"><div class=\"wpb_wrapper\"><\/div><\/div><\/div><div class=\"wpb_column vc_column_container vc_col-sm-4 et_custom_uniqid_69fc5a7f82752\"><div class=\"vc_column-inner\"><div class=\"wpb_wrapper\"><style>.vc_btn3-style-gradient-custom.vc_btn-gradient-btn-69fc5a7fcc744:hover{color: #ffffff;background-color: #f2a4c5;border: none;background-position: 100% 0;}<\/style><style>.vc_btn3-style-gradient-custom.vc_btn-gradient-btn-69fc5a7fcc744{color: #ffffff;border: none;background-color: #e82573;background-image: -webkit-linear-gradient(left, #e82573 0%, #f2a4c5 50%,#e82573 100%);background-image: linear-gradient(to right, #e82573 0%, #f2a4c5 50%,#e82573 100%);-webkit-transition: all .2s ease-in-out;transition: all .2s ease-in-out;background-size: 200% 100%;}<\/style><div class=\"vc_btn3-container vc_btn3-center align-center\" ><a data-vc-gradient-1=\"#e82573\" data-vc-gradient-2=\"#f2a4c5\" class=\"vc_general vc_btn3 vc_btn3-size-lg vc_btn3-shape-rounded vc_btn3-style-gradient-custom vc_btn3-block vc_btn-gradient-btn-69fc5a7fcc744 align-center\" href=\"https:\/\/koalendar.com\/e\/personal-styling-session\" title=\"\" target=\"_blank\" rel=\"noopener\">BRONEERI SIIN<\/a><\/div><\/div><\/div><\/div><div class=\"wpb_column vc_column_container vc_col-sm-4 et_custom_uniqid_69fc5a7f82752\"><div class=\"vc_column-inner\"><div class=\"wpb_wrapper\"><\/div><\/div><\/div><\/div><div class=\"vc_row wpb_row vc_row-fluid et_custom_uniqid_69fc5a7f827ac\"><div class=\"wpb_column vc_column_container vc_col-sm-4 et_custom_uniqid_69fc5a7f82752\"><div class=\"vc_column-inner\"><div class=\"wpb_wrapper\">\n\t<div  class=\"wpb_single_image wpb_content_element vc_align_left\">\n\t\t\n\t\t<figure class=\"wpb_wrapper vc_figure\">\n\t\t\t<div class=\"vc_single_image-wrapper   vc_box_border_grey\"><img decoding=\"async\" width=\"1350\" height=\"1350\" src=\"https:\/\/glamuur.ee\/wp-content\/uploads\/xstore\/xstore-placeholder-1x1.png\" class=\"vc_single_image-img attachment-full lazyload lazyload-simple et-lazyload-fadeIn\" alt=\"\" title=\"1\" sizes=\"(max-width: 1350px) 100vw, 1350px\" data-src=\"https:\/\/glamuur.ee\/wp-content\/uploads\/2025\/04\/1.png\" data-srcset=\"https:\/\/glamuur.ee\/wp-content\/uploads\/2025\/04\/1.png 1350w, https:\/\/glamuur.ee\/wp-content\/uploads\/2025\/04\/1-300x300.png 300w, https:\/\/glamuur.ee\/wp-content\/uploads\/2025\/04\/1-1024x1024.png 1024w, https:\/\/glamuur.ee\/wp-content\/uploads\/2025\/04\/1-150x150.png 150w, https:\/\/glamuur.ee\/wp-content\/uploads\/2025\/04\/1-768x768.png 768w, https:\/\/glamuur.ee\/wp-content\/uploads\/2025\/04\/1-12x12.png 12w, https:\/\/glamuur.ee\/wp-content\/uploads\/2025\/04\/1-100x100.png 100w, https:\/\/glamuur.ee\/wp-content\/uploads\/2025\/04\/1-3x3.png 3w, https:\/\/glamuur.ee\/wp-content\/uploads\/2025\/04\/1-10x10.png 10w\" \/><\/div>\n\t\t<\/figure>\n\t<\/div>\n\n\t<div class=\"wpb_text_column wpb_content_element\" >\n\t\t<div class=\"wpb_wrapper\">\n\t\t\t<p><em><strong>Isiklik stiliseerimisseanss<br \/>\n<\/strong><\/em> Individuaalne ehete kujundamine. Proovi erinevaid stiile \u2013 n\u00f5uanded metallide, kujude ja stiilide sobitamiseks sinu isiksuse ja s\u00fcndmusega.<\/p>\n\n\t\t<\/div>\n\t<\/div>\n<\/div><\/div><\/div><div class=\"wpb_column vc_column_container vc_col-sm-4 et_custom_uniqid_69fc5a7f82752\"><div class=\"vc_column-inner\"><div class=\"wpb_wrapper\">\n\t<div  class=\"wpb_single_image wpb_content_element vc_align_left\">\n\t\t\n\t\t<figure class=\"wpb_wrapper vc_figure\">\n\t\t\t<div class=\"vc_single_image-wrapper   vc_box_border_grey\"><img decoding=\"async\" width=\"1350\" height=\"1350\" src=\"https:\/\/glamuur.ee\/wp-content\/uploads\/xstore\/xstore-placeholder-1x1.png\" class=\"vc_single_image-img attachment-full lazyload lazyload-simple et-lazyload-fadeIn\" alt=\"\" title=\"3\" sizes=\"(max-width: 1350px) 100vw, 1350px\" data-src=\"https:\/\/glamuur.ee\/wp-content\/uploads\/2025\/04\/3.png\" data-srcset=\"https:\/\/glamuur.ee\/wp-content\/uploads\/2025\/04\/3.png 1350w, https:\/\/glamuur.ee\/wp-content\/uploads\/2025\/04\/3-300x300.png 300w, https:\/\/glamuur.ee\/wp-content\/uploads\/2025\/04\/3-1024x1024.png 1024w, https:\/\/glamuur.ee\/wp-content\/uploads\/2025\/04\/3-150x150.png 150w, https:\/\/glamuur.ee\/wp-content\/uploads\/2025\/04\/3-768x768.png 768w, https:\/\/glamuur.ee\/wp-content\/uploads\/2025\/04\/3-12x12.png 12w, https:\/\/glamuur.ee\/wp-content\/uploads\/2025\/04\/3-100x100.png 100w, https:\/\/glamuur.ee\/wp-content\/uploads\/2025\/04\/3-3x3.png 3w, https:\/\/glamuur.ee\/wp-content\/uploads\/2025\/04\/3-10x10.png 10w\" \/><\/div>\n\t\t<\/figure>\n\t<\/div>\n\n\t<div class=\"wpb_text_column wpb_content_element\" >\n\t\t<div class=\"wpb_wrapper\">\n\t\t\t<p data-start=\"580\" data-end=\"626\"><em><strong data-start=\"587\" data-end=\"624\">\u0160ampanja ja pingevaba \u00f5hkkond<br \/>\n<\/strong><\/em> Nautige tasuta \u0161ampanjat, kui me teie v\u00e4limust uurime<em><strong data-start=\"587\" data-end=\"624\"><br \/>\n<\/strong><\/em> Tunne end t\u00e4histatuna, kui leiad oma ideaalse ehte<\/p>\n\n\t\t<\/div>\n\t<\/div>\n<\/div><\/div><\/div><div class=\"wpb_column vc_column_container vc_col-sm-4 et_custom_uniqid_69fc5a7f82752\"><div class=\"vc_column-inner\"><div class=\"wpb_wrapper\">\n\t<div  class=\"wpb_single_image wpb_content_element vc_align_left\">\n\t\t\n\t\t<figure class=\"wpb_wrapper vc_figure\">\n\t\t\t<div class=\"vc_single_image-wrapper   vc_box_border_grey\"><img decoding=\"async\" width=\"1350\" height=\"1350\" src=\"https:\/\/glamuur.ee\/wp-content\/uploads\/xstore\/xstore-placeholder-1x1.png\" class=\"vc_single_image-img attachment-full lazyload lazyload-simple et-lazyload-fadeIn\" alt=\"\" title=\"4\" sizes=\"(max-width: 1350px) 100vw, 1350px\" data-src=\"https:\/\/glamuur.ee\/wp-content\/uploads\/2025\/04\/4.png\" data-srcset=\"https:\/\/glamuur.ee\/wp-content\/uploads\/2025\/04\/4.png 1350w, https:\/\/glamuur.ee\/wp-content\/uploads\/2025\/04\/4-300x300.png 300w, https:\/\/glamuur.ee\/wp-content\/uploads\/2025\/04\/4-1024x1024.png 1024w, https:\/\/glamuur.ee\/wp-content\/uploads\/2025\/04\/4-150x150.png 150w, https:\/\/glamuur.ee\/wp-content\/uploads\/2025\/04\/4-768x768.png 768w, https:\/\/glamuur.ee\/wp-content\/uploads\/2025\/04\/4-12x12.png 12w, https:\/\/glamuur.ee\/wp-content\/uploads\/2025\/04\/4-100x100.png 100w, https:\/\/glamuur.ee\/wp-content\/uploads\/2025\/04\/4-3x3.png 3w, https:\/\/glamuur.ee\/wp-content\/uploads\/2025\/04\/4-10x10.png 10w\" \/><\/div>\n\t\t<\/figure>\n\t<\/div>\n\n\t<div class=\"wpb_text_column wpb_content_element\" >\n\t\t<div class=\"wpb_wrapper\">\n\t\t\t<p data-start=\"802\" data-end=\"844\"><em><strong data-start=\"809\" data-end=\"842\">Eksklusiivne juurdep\u00e4\u00e4s ehetele<br \/>\n<\/strong><\/em> Heida esimene pilk meie kureeritud kollektsioonidele<br data-start=\"890\" data-end=\"893\"> Pruudis\u00e4rast moodsa klassikani<br data-start=\"933\" data-end=\"936\"> Sega, sobita ja loo t\u00e4iesti oman\u00e4oline v\u00e4limus<\/p>\n\n\t\t<\/div>\n\t<\/div>\n<\/div><\/div><\/div><\/div><div class=\"vc_row wpb_row vc_row-fluid et_custom_uniqid_69fc5a7f827ac\"><div class=\"wpb_column vc_column_container vc_col-sm-12 et_custom_uniqid_69fc5a7f82752\"><div class=\"vc_column-inner\"><div class=\"wpb_wrapper\">\n\t<div class=\"wpb_raw_code wpb_content_element wpb_raw_html\" >\n\t\t<div class=\"wpb_wrapper\">\n\t\t\t<iframe loading=\"lazy\" src=\"https:\/\/koalendar.com\/e\/personal-styling-session?embed=true\" width=\"100%\" height=\"800px\" frameborder=\"0\"><\/iframe>\n\t\t<\/div>\n\t<\/div>\n<\/div><\/div><\/div><\/div>\n<\/section>","protected":false},"excerpt":{"rendered":"BRONEERI TASUTA EHTEDE STILISTAMISE AEG -------------------------------------------------------------------------------------- Olenemata sellest, kas k\u00f5nnid altari poole, astud lavale v\u00f5i lihtsalt alustad oma j\u00e4rgmisse peat\u00fckki \u2013 lubage meil aidata sul leida sinu hetkega sobivad ideaalsed ehted. Meie tasuta stilistikonsultatsioon pakub personaalset n\u00f5ustamist meie Tallinna esindussalongis. Nautige klaasi \u0161ampanjat ja laske...","protected":false},"author":6526,"featured_media":0,"parent":0,"menu_order":0,"comment_status":"closed","ping_status":"closed","template":"","meta":{"jetpack_post_was_ever_published":false,"footnotes":""},"class_list":["post-291799","page","type-page","status-publish","hentry"],"_links":{"self":[{"href":"https:\/\/glamuur.ee\/et\/wp-json\/wp\/v2\/pages\/291799","targetHints":{"allow":["GET"]}}],"collection":[{"href":"https:\/\/glamuur.ee\/et\/wp-json\/wp\/v2\/pages"}],"about":[{"href":"https:\/\/glamuur.ee\/et\/wp-json\/wp\/v2\/types\/page"}],"author":[{"embeddable":true,"href":"https:\/\/glamuur.ee\/et\/wp-json\/wp\/v2\/users\/6526"}],"replies":[{"embeddable":true,"href":"https:\/\/glamuur.ee\/et\/wp-json\/wp\/v2\/comments?post=291799"}],"version-history":[{"count":0,"href":"https:\/\/glamuur.ee\/et\/wp-json\/wp\/v2\/pages\/291799\/revisions"}],"wp:attachment":[{"href":"https:\/\/glamuur.ee\/et\/wp-json\/wp\/v2\/media?parent=291799"}],"curies":[{"name":"wp","href":"https:\/\/api.w.org\/{rel}","templated":true}]}}