{"id":291771,"date":"2025-03-24T16:44:06","date_gmt":"2025-03-24T14:44:06","guid":{"rendered":"https:\/\/glamuur.ee\/naitusesaal\/"},"modified":"2025-06-30T17:39:11","modified_gmt":"2025-06-30T14:39:11","slug":"naitusesaal","status":"publish","type":"page","link":"https:\/\/glamuur.ee\/et\/naitusesaal\/","title":{"rendered":"N\u00e4itusesaal"},"content":{"rendered":"<section class=\"wpb-content-wrapper\"><div class=\"vc_row wpb_row vc_row-fluid et_custom_uniqid_69fb68237dcf5\"><div class=\"wpb_column vc_column_container vc_col-sm-8 et_custom_uniqid_69fb68237dc6e\"><div class=\"vc_column-inner\"><div class=\"wpb_wrapper\">\n\t<div class=\"wpb_text_column wpb_content_element \" >\n\t\t<div class=\"wpb_wrapper\">\n\t\t\t<h1 style=\"text-align: center;\" data-start=\"149\" data-end=\"197\">  Tere tulemast Glanzi ja Glamuuri maailma<\/h1>\n<p class=\"\" style=\"text-align: center;\" data-start=\"198\" data-end=\"236\"><strong data-start=\"198\" data-end=\"234\">Meie esindussalong Tallinna s\u00fcdames<\/strong><\/p>\n\n\t\t<\/div>\n\t<\/div>\n\n\t<div class=\"wpb_text_column wpb_content_element \" >\n\t\t<div class=\"wpb_wrapper\">\n\t\t\t<p class=\"\" style=\"text-align: center;\" data-start=\"395\" data-end=\"584\">Olenemata sellest, kas otsite ideaalset kingitust, t\u00e4htp\u00e4eva t\u00e4histavat kingitust v\u00f5i lihtsalt v\u00e4ikest maiustust endale, on meie Tallinna esindusruum loodud nii, et iga k\u00fclastus tunduks erilise s\u00fcndmusena.<\/p>\n<p style=\"text-align: center;\"><em><strong>Lootsi 3a, Tallinn, Eesti<\/strong><\/em><br \/>\n E\u2013R: 10.00\u201319.00<br \/>\n \ud83e\udd42 Tasuta konsultatsioonid<br \/>\n \u2728 \u0160ampanja saabumisel<br \/>\n \ud83d\udc84 Saadaval on personaalsed stiiliseansid<\/p>\n\n\t\t<\/div>\n\t<\/div>\n<\/div><\/div><\/div><div class=\"wpb_column vc_column_container vc_col-sm-4 et_custom_uniqid_new_67e167530d917\"><div class=\"vc_column-inner\"><div class=\"wpb_wrapper\"><div class=\"wpb_gallery wpb_content_element vc_clearfix\" ><div class=\"wpb_wrapper\"><div class=\"wpb_gallery_slides wpb_flexslider flexslider_fade flexslider\" data-interval=\"3\" data-flex_fx=\"fade\"><ul class=\"slides\"><li><a class=\"\" href=\"https:\/\/glamuur.ee\/wp-content\/uploads\/2025\/03\/IMG_4082-768x1024.jpg\" data-lightbox=\"lightbox[rel-291771-2550206990]\"><img decoding=\"async\" width=\"1920\" height=\"2560\" src=\"https:\/\/glamuur.ee\/wp-content\/uploads\/xstore\/xstore-placeholder.png\" class=\"attachment-full lazyload lazyload-simple et-lazyload-fadeIn\" alt=\"\" title=\"IMG_4082\" sizes=\"(max-width: 1920px) 100vw, 1920px\" data-src=\"https:\/\/glamuur.ee\/wp-content\/uploads\/2025\/03\/IMG_4082-scaled.jpg\" data-srcset=\"https:\/\/glamuur.ee\/wp-content\/uploads\/2025\/03\/IMG_4082-scaled.jpg 1920w, https:\/\/glamuur.ee\/wp-content\/uploads\/2025\/03\/IMG_4082-225x300.jpg 225w, https:\/\/glamuur.ee\/wp-content\/uploads\/2025\/03\/IMG_4082-768x1024.jpg 768w, https:\/\/glamuur.ee\/wp-content\/uploads\/2025\/03\/IMG_4082-1152x1536.jpg 1152w, https:\/\/glamuur.ee\/wp-content\/uploads\/2025\/03\/IMG_4082-1536x2048.jpg 1536w, https:\/\/glamuur.ee\/wp-content\/uploads\/2025\/03\/IMG_4082-9x12.jpg 9w, https:\/\/glamuur.ee\/wp-content\/uploads\/2025\/03\/IMG_4082-1800x2400.jpg 1800w, https:\/\/glamuur.ee\/wp-content\/uploads\/2025\/03\/IMG_4082-3x3.jpg 3w, https:\/\/glamuur.ee\/wp-content\/uploads\/2025\/03\/IMG_4082-8x10.jpg 8w\" \/><\/a><\/li><li><a class=\"\" href=\"https:\/\/glamuur.ee\/wp-content\/uploads\/2025\/03\/IMG_4083-768x1024.jpg\" data-lightbox=\"lightbox[rel-291771-2550206990]\"><img decoding=\"async\" width=\"1920\" height=\"2560\" src=\"https:\/\/glamuur.ee\/wp-content\/uploads\/xstore\/xstore-placeholder.png\" class=\"attachment-full lazyload lazyload-simple et-lazyload-fadeIn\" alt=\"\" title=\"IMG_4083\" sizes=\"(max-width: 1920px) 100vw, 1920px\" data-src=\"https:\/\/glamuur.ee\/wp-content\/uploads\/2025\/03\/IMG_4083-scaled.jpg\" data-srcset=\"https:\/\/glamuur.ee\/wp-content\/uploads\/2025\/03\/IMG_4083-scaled.jpg 1920w, https:\/\/glamuur.ee\/wp-content\/uploads\/2025\/03\/IMG_4083-225x300.jpg 225w, https:\/\/glamuur.ee\/wp-content\/uploads\/2025\/03\/IMG_4083-768x1024.jpg 768w, https:\/\/glamuur.ee\/wp-content\/uploads\/2025\/03\/IMG_4083-1152x1536.jpg 1152w, https:\/\/glamuur.ee\/wp-content\/uploads\/2025\/03\/IMG_4083-1536x2048.jpg 1536w, https:\/\/glamuur.ee\/wp-content\/uploads\/2025\/03\/IMG_4083-9x12.jpg 9w, https:\/\/glamuur.ee\/wp-content\/uploads\/2025\/03\/IMG_4083-1800x2400.jpg 1800w, https:\/\/glamuur.ee\/wp-content\/uploads\/2025\/03\/IMG_4083-3x3.jpg 3w, https:\/\/glamuur.ee\/wp-content\/uploads\/2025\/03\/IMG_4083-8x10.jpg 8w\" \/><\/a><\/li><li><a class=\"\" href=\"https:\/\/glamuur.ee\/wp-content\/uploads\/2025\/03\/IMG_4084-768x1024.jpg\" data-lightbox=\"lightbox[rel-291771-2550206990]\"><img decoding=\"async\" width=\"1920\" height=\"2560\" src=\"https:\/\/glamuur.ee\/wp-content\/uploads\/xstore\/xstore-placeholder.png\" class=\"attachment-full lazyload lazyload-simple et-lazyload-fadeIn\" alt=\"\" title=\"IMG_4084\" sizes=\"(max-width: 1920px) 100vw, 1920px\" data-src=\"https:\/\/glamuur.ee\/wp-content\/uploads\/2025\/03\/IMG_4084-scaled.jpg\" data-srcset=\"https:\/\/glamuur.ee\/wp-content\/uploads\/2025\/03\/IMG_4084-scaled.jpg 1920w, https:\/\/glamuur.ee\/wp-content\/uploads\/2025\/03\/IMG_4084-225x300.jpg 225w, https:\/\/glamuur.ee\/wp-content\/uploads\/2025\/03\/IMG_4084-768x1024.jpg 768w, https:\/\/glamuur.ee\/wp-content\/uploads\/2025\/03\/IMG_4084-1152x1536.jpg 1152w, https:\/\/glamuur.ee\/wp-content\/uploads\/2025\/03\/IMG_4084-1536x2048.jpg 1536w, https:\/\/glamuur.ee\/wp-content\/uploads\/2025\/03\/IMG_4084-9x12.jpg 9w, https:\/\/glamuur.ee\/wp-content\/uploads\/2025\/03\/IMG_4084-1800x2400.jpg 1800w, https:\/\/glamuur.ee\/wp-content\/uploads\/2025\/03\/IMG_4084-3x3.jpg 3w, https:\/\/glamuur.ee\/wp-content\/uploads\/2025\/03\/IMG_4084-8x10.jpg 8w\" \/><\/a><\/li><li><a class=\"\" href=\"https:\/\/glamuur.ee\/wp-content\/uploads\/2025\/03\/IMG_4085-768x1024.jpg\" data-lightbox=\"lightbox[rel-291771-2550206990]\"><img decoding=\"async\" width=\"1920\" height=\"2560\" src=\"https:\/\/glamuur.ee\/wp-content\/uploads\/xstore\/xstore-placeholder.png\" class=\"attachment-full lazyload lazyload-simple et-lazyload-fadeIn\" alt=\"\" title=\"IMG_4085\" sizes=\"(max-width: 1920px) 100vw, 1920px\" data-src=\"https:\/\/glamuur.ee\/wp-content\/uploads\/2025\/03\/IMG_4085-scaled.jpg\" data-srcset=\"https:\/\/glamuur.ee\/wp-content\/uploads\/2025\/03\/IMG_4085-scaled.jpg 1920w, https:\/\/glamuur.ee\/wp-content\/uploads\/2025\/03\/IMG_4085-225x300.jpg 225w, https:\/\/glamuur.ee\/wp-content\/uploads\/2025\/03\/IMG_4085-768x1024.jpg 768w, https:\/\/glamuur.ee\/wp-content\/uploads\/2025\/03\/IMG_4085-1152x1536.jpg 1152w, https:\/\/glamuur.ee\/wp-content\/uploads\/2025\/03\/IMG_4085-1536x2048.jpg 1536w, https:\/\/glamuur.ee\/wp-content\/uploads\/2025\/03\/IMG_4085-9x12.jpg 9w, https:\/\/glamuur.ee\/wp-content\/uploads\/2025\/03\/IMG_4085-1800x2400.jpg 1800w, https:\/\/glamuur.ee\/wp-content\/uploads\/2025\/03\/IMG_4085-3x3.jpg 3w, https:\/\/glamuur.ee\/wp-content\/uploads\/2025\/03\/IMG_4085-8x10.jpg 8w\" \/><\/a><\/li><li><a class=\"\" href=\"https:\/\/glamuur.ee\/wp-content\/uploads\/2025\/03\/IMG_4081-768x1024.jpg\" data-lightbox=\"lightbox[rel-291771-2550206990]\"><img decoding=\"async\" width=\"1920\" height=\"2560\" src=\"https:\/\/glamuur.ee\/wp-content\/uploads\/xstore\/xstore-placeholder.png\" class=\"attachment-full lazyload lazyload-simple et-lazyload-fadeIn\" alt=\"\" title=\"IMG_4081\" sizes=\"(max-width: 1920px) 100vw, 1920px\" data-src=\"https:\/\/glamuur.ee\/wp-content\/uploads\/2025\/03\/IMG_4081-scaled.jpg\" data-srcset=\"https:\/\/glamuur.ee\/wp-content\/uploads\/2025\/03\/IMG_4081-scaled.jpg 1920w, https:\/\/glamuur.ee\/wp-content\/uploads\/2025\/03\/IMG_4081-225x300.jpg 225w, https:\/\/glamuur.ee\/wp-content\/uploads\/2025\/03\/IMG_4081-768x1024.jpg 768w, https:\/\/glamuur.ee\/wp-content\/uploads\/2025\/03\/IMG_4081-1152x1536.jpg 1152w, https:\/\/glamuur.ee\/wp-content\/uploads\/2025\/03\/IMG_4081-1536x2048.jpg 1536w, https:\/\/glamuur.ee\/wp-content\/uploads\/2025\/03\/IMG_4081-9x12.jpg 9w, https:\/\/glamuur.ee\/wp-content\/uploads\/2025\/03\/IMG_4081-1800x2400.jpg 1800w, https:\/\/glamuur.ee\/wp-content\/uploads\/2025\/03\/IMG_4081-3x3.jpg 3w, https:\/\/glamuur.ee\/wp-content\/uploads\/2025\/03\/IMG_4081-8x10.jpg 8w\" \/><\/a><\/li><li><a class=\"\" href=\"https:\/\/glamuur.ee\/wp-content\/uploads\/2025\/03\/IMG_4215-768x1024.jpg\" data-lightbox=\"lightbox[rel-291771-2550206990]\"><img decoding=\"async\" width=\"1920\" height=\"2560\" src=\"https:\/\/glamuur.ee\/wp-content\/uploads\/xstore\/xstore-placeholder.png\" class=\"attachment-full lazyload lazyload-simple et-lazyload-fadeIn\" alt=\"\" title=\"IMG_4215\" sizes=\"(max-width: 1920px) 100vw, 1920px\" data-src=\"https:\/\/glamuur.ee\/wp-content\/uploads\/2025\/03\/IMG_4215-scaled.jpg\" data-srcset=\"https:\/\/glamuur.ee\/wp-content\/uploads\/2025\/03\/IMG_4215-scaled.jpg 1920w, https:\/\/glamuur.ee\/wp-content\/uploads\/2025\/03\/IMG_4215-225x300.jpg 225w, https:\/\/glamuur.ee\/wp-content\/uploads\/2025\/03\/IMG_4215-768x1024.jpg 768w, https:\/\/glamuur.ee\/wp-content\/uploads\/2025\/03\/IMG_4215-1152x1536.jpg 1152w, https:\/\/glamuur.ee\/wp-content\/uploads\/2025\/03\/IMG_4215-1536x2048.jpg 1536w, https:\/\/glamuur.ee\/wp-content\/uploads\/2025\/03\/IMG_4215-9x12.jpg 9w, https:\/\/glamuur.ee\/wp-content\/uploads\/2025\/03\/IMG_4215-1800x2400.jpg 1800w, https:\/\/glamuur.ee\/wp-content\/uploads\/2025\/03\/IMG_4215-3x3.jpg 3w, https:\/\/glamuur.ee\/wp-content\/uploads\/2025\/03\/IMG_4215-8x10.jpg 8w\" \/><\/a><\/li><li><a class=\"\" href=\"https:\/\/glamuur.ee\/wp-content\/uploads\/2025\/03\/IMG_4226-768x1024.jpg\" data-lightbox=\"lightbox[rel-291771-2550206990]\"><img decoding=\"async\" width=\"1920\" height=\"2560\" src=\"https:\/\/glamuur.ee\/wp-content\/uploads\/xstore\/xstore-placeholder.png\" class=\"attachment-full lazyload lazyload-simple et-lazyload-fadeIn\" alt=\"\" title=\"IMG_4226\" sizes=\"(max-width: 1920px) 100vw, 1920px\" data-src=\"https:\/\/glamuur.ee\/wp-content\/uploads\/2025\/03\/IMG_4226-scaled.jpg\" data-srcset=\"https:\/\/glamuur.ee\/wp-content\/uploads\/2025\/03\/IMG_4226-scaled.jpg 1920w, https:\/\/glamuur.ee\/wp-content\/uploads\/2025\/03\/IMG_4226-225x300.jpg 225w, https:\/\/glamuur.ee\/wp-content\/uploads\/2025\/03\/IMG_4226-768x1024.jpg 768w, https:\/\/glamuur.ee\/wp-content\/uploads\/2025\/03\/IMG_4226-1152x1536.jpg 1152w, https:\/\/glamuur.ee\/wp-content\/uploads\/2025\/03\/IMG_4226-1536x2048.jpg 1536w, https:\/\/glamuur.ee\/wp-content\/uploads\/2025\/03\/IMG_4226-9x12.jpg 9w, https:\/\/glamuur.ee\/wp-content\/uploads\/2025\/03\/IMG_4226-1800x2400.jpg 1800w, https:\/\/glamuur.ee\/wp-content\/uploads\/2025\/03\/IMG_4226-3x3.jpg 3w, https:\/\/glamuur.ee\/wp-content\/uploads\/2025\/03\/IMG_4226-8x10.jpg 8w\" \/><\/a><\/li><\/ul><\/div><\/div><\/div><\/div><\/div><\/div><\/div><div class=\"vc_row wpb_row vc_row-fluid et_custom_uniqid_69fb68237dcf5\"><div class=\"wpb_column vc_column_container vc_col-sm-12 et_custom_uniqid_69fb68237dc6e\"><div class=\"vc_column-inner\"><div class=\"wpb_wrapper\">\n\t<div class=\"wpb_text_column wpb_content_element \" >\n\t\t<div class=\"wpb_wrapper\">\n\t\t\t<p style=\"text-align: center;\"> <strong data-start=\"919\" data-end=\"950\">Tasuta parkimine otse ees<\/strong><br data-start=\"950\" data-end=\"953\"> Jah, lugesite \u00f5igesti \u2013 j\u00e4tke parkimisega vaevata. Pargige mugavalt ja astuge otse glamuuri. <\/p>\n\n\t\t<\/div>\n\t<\/div>\n\n\t<div  class=\"wpb_single_image wpb_content_element vc_align_left\">\n\t\t\n\t\t<figure class=\"wpb_wrapper vc_figure\">\n\t\t\t<div class=\"vc_single_image-wrapper   vc_box_border_grey\"><img decoding=\"async\" width=\"1873\" height=\"682\" src=\"https:\/\/glamuur.ee\/wp-content\/uploads\/xstore\/xstore-placeholder-275x100.png\" class=\"vc_single_image-img attachment-full lazyload lazyload-simple et-lazyload-fadeIn\" alt=\"\" title=\"Screenshot\" sizes=\"(max-width: 1873px) 100vw, 1873px\" data-src=\"https:\/\/glamuur.ee\/wp-content\/uploads\/2025\/03\/IMG_4865.jpg\" data-srcset=\"https:\/\/glamuur.ee\/wp-content\/uploads\/2025\/03\/IMG_4865.jpg 1873w, https:\/\/glamuur.ee\/wp-content\/uploads\/2025\/03\/IMG_4865-300x109.jpg 300w, https:\/\/glamuur.ee\/wp-content\/uploads\/2025\/03\/IMG_4865-1024x373.jpg 1024w, https:\/\/glamuur.ee\/wp-content\/uploads\/2025\/03\/IMG_4865-768x280.jpg 768w, https:\/\/glamuur.ee\/wp-content\/uploads\/2025\/03\/IMG_4865-1536x559.jpg 1536w, https:\/\/glamuur.ee\/wp-content\/uploads\/2025\/03\/IMG_4865-18x7.jpg 18w, https:\/\/glamuur.ee\/wp-content\/uploads\/2025\/03\/IMG_4865-1800x655.jpg 1800w, https:\/\/glamuur.ee\/wp-content\/uploads\/2025\/03\/IMG_4865-3x1.jpg 3w, https:\/\/glamuur.ee\/wp-content\/uploads\/2025\/03\/IMG_4865-10x4.jpg 10w\" \/><\/div>\n\t\t<\/figure>\n\t<\/div>\n<\/div><\/div><\/div><\/div><div class=\"vc_row wpb_row vc_row-fluid et_custom_uniqid_69fb68237dcf5\"><div class=\"wpb_column vc_column_container vc_col-sm-12 et_custom_uniqid_69fb68237dc6e\"><div class=\"vc_column-inner\"><div class=\"wpb_wrapper\"><div class=\"wpb_gmaps_widget wpb_content_element\"><h2 class=\"wpb_heading wpb_map_heading\">Lootsi 3a, Tallinn, Eesti<\/h2><div class=\"wpb_wrapper\"><div class=\"wpb_map_wraper\"><iframe src=\"https:\/\/www.google.com\/maps\/embed?pb=!1m18!1m12!1m3!1d2028.5409055655202!2d24.761662477173953!3d59.44073110209854!2m3!1f0!2f0!3f0!3m2!1i1024!2i768!4f13.1!3m3!1m2!1s0x4692949ec8d5e3bf%3A0xa5fbfc6ce0ed9ffd!2sGlanz%20%26%20Glamuur!5e0!3m2!1set!2see!4v1742824747777!5m2!1set!2see\" width=\"600\" height=\"450\" style=\"border:0;\" allowfullscreen=\"\" loading=\"lazy\" referrerpolicy=\"no-referrer-when-downgrade\"><\/iframe><\/div><\/div><\/div><\/div><\/div><\/div><\/div>\n<\/section>","protected":false},"excerpt":{"rendered":"Tere tulemast Glanzi ja Glamuuri maailma Meie esindussalong Tallinna s\u00fcdames Olenemata sellest, kas otsite ideaalset kingitust, t\u00e4htp\u00e4eva t\u00e4histavat kingitust v\u00f5i lihtsalt v\u00e4ikest maiustust endale, on meie Tallinna esindusruum loodud nii, et iga k\u00fclastus tunduks erilise s\u00fcndmusena. Lootsi 3a, Tallinn, Eesti E\u2013R: 10.00\u201319.00 \ud83e\udd42 Tasuta konsultatsioonid...","protected":false},"author":6526,"featured_media":0,"parent":0,"menu_order":0,"comment_status":"closed","ping_status":"closed","template":"","meta":{"jetpack_post_was_ever_published":false,"footnotes":""},"class_list":["post-291771","page","type-page","status-publish","hentry"],"_links":{"self":[{"href":"https:\/\/glamuur.ee\/et\/wp-json\/wp\/v2\/pages\/291771","targetHints":{"allow":["GET"]}}],"collection":[{"href":"https:\/\/glamuur.ee\/et\/wp-json\/wp\/v2\/pages"}],"about":[{"href":"https:\/\/glamuur.ee\/et\/wp-json\/wp\/v2\/types\/page"}],"author":[{"embeddable":true,"href":"https:\/\/glamuur.ee\/et\/wp-json\/wp\/v2\/users\/6526"}],"replies":[{"embeddable":true,"href":"https:\/\/glamuur.ee\/et\/wp-json\/wp\/v2\/comments?post=291771"}],"version-history":[{"count":0,"href":"https:\/\/glamuur.ee\/et\/wp-json\/wp\/v2\/pages\/291771\/revisions"}],"wp:attachment":[{"href":"https:\/\/glamuur.ee\/et\/wp-json\/wp\/v2\/media?parent=291771"}],"curies":[{"name":"wp","href":"https:\/\/api.w.org\/{rel}","templated":true}]}}