{"id":272468,"date":"2025-01-23T16:18:04","date_gmt":"2025-01-23T14:18:04","guid":{"rendered":"https:\/\/glamuur.ee\/?page_id=272468"},"modified":"2025-02-27T17:02:51","modified_gmt":"2025-02-27T15:02:51","slug":"valentines-day-2025","status":"publish","type":"page","link":"https:\/\/glamuur.ee\/et\/valentines-day-2025\/","title":{"rendered":"Yst\u00e4v\u00e4np\u00e4ev 2025"},"content":{"rendered":"<section class=\"wpb-content-wrapper\"><div class=\"vc_row wpb_row vc_row-fluid et_custom_uniqid_69f27019e04b8\"><div class=\"wpb_column vc_column_container vc_col-sm-12 et_custom_uniqid_69f27019e0435\"><div class=\"vc_column-inner\"><div class=\"wpb_wrapper\">\n\t\t<div class=\" title-930 title \">\n\t\t\t<h2 style=\"text-align: center;font-family:Abril Fatface;font-weight:400;font-style:normal\" class=\"vc_custom_heading banner-title\" >Valentine's Day Gifts<\/h2><h4 style=\"text-align: center;font-family:Abril Fatface;font-weight:400;font-style:normal\" class=\"vc_custom_heading banner-subtitle\" >For HER<\/h4>\n\t\t<\/div>\n\n\t\t<\/div><\/div><\/div><\/div><div class=\"vc_row wpb_row vc_row-fluid et_custom_uniqid_69f27019e04b8\"><div class=\"wpb_column vc_column_container vc_col-sm-12 et_custom_uniqid_69f27019e0435\"><div class=\"vc_column-inner\"><div class=\"wpb_wrapper\">\n\t<div class=\"wpb_text_column wpb_content_element \" >\n\t\t<div class=\"wpb_wrapper\">\n\t\t\t<p class=\"p1\" style=\"text-align: center;\"><span class=\"s1\">Our <\/span><span class=\"s2\">special Valentine\u2019s Day TI SENTO sets<\/span><span class=\"s1\"> are the ultimate favorites among Estonian women!<\/span><\/p>\n<p class=\"p1\" style=\"text-align: center;\"><span class=\"s1\">Featuring stunning designs and swappable charms!<\/span><\/p>\n\n\t\t<\/div>\n\t<\/div>\n<\/div><\/div><\/div><\/div><div class=\"vc_row wpb_row vc_row-fluid et_custom_uniqid_69f27019e04b8\"><div class=\"wpb_column vc_column_container vc_col-sm-12 et_custom_uniqid_69f27019e0435\"><div class=\"vc_column-inner\"><div class=\"wpb_wrapper\"><div  class=\"wpb_widgetised_column wpb_content_element\">\n\t\t<div class=\"wpb_wrapper\">\n\t\t\t<h2 class=\"wpb_heading wpb_widgetised_column_heading\">filters<\/h2>\n\t\t\t\n\t\t<\/div>\n\t<\/div>\n<\/div><\/div><\/div><\/div><div class=\"vc_row wpb_row vc_row-fluid et_custom_uniqid_69f27019e04b8\"><div class=\"wpb_column vc_column_container vc_col-sm-12 vc_col-lg-offset-0 vc_col-lg-12 vc_col-md-offset-0 vc_col-md-12 vc_col-xs-12 et_custom_uniqid_new_67924f769137f\"><div class=\"vc_column-inner\"><div class=\"wpb_wrapper\"><div class=\"vc_separator wpb_content_element vc_separator_align_center vc_sep_width_100 vc_sep_pos_align_center align-align_center vc_separator-has-text\" ><span class=\"vc_sep_holder vc_sep_holder_l\"><span style=\"border-color:#ed84c6;\" class=\"vc_sep_line\"><\/span><\/span><h4>Ti Sento Sets<\/h4><span class=\"vc_sep_holder vc_sep_holder_r\"><span style=\"border-color:#ed84c6;\" class=\"vc_sep_line\"><\/span><\/span>\n<\/div>\n\t\t\t<div class=\"et-load-block lazy-loading et-ajax-element type-element\" data-type=\"element\" data-extra=\"\" data-element=\"etheme_products\">\n\t\t\t\t<!--googleoff: index-->\n\t\t\t\t<!--noindex-->\n\t\t\t\t<div class=\"et-loader no-lqip\"><svg class=\"loader-circular\" viewBox=\"25 25 50 50\" width=\"30\" height=\"30\"><circle class=\"loader-path\" cx=\"50\" cy=\"50\" r=\"20\" fill=\"none\" stroke-width=\"2\" stroke-miterlimit=\"10\"><\/circle><\/svg><\/div>\n\t\t\t\t<span class=\"hidden et-element-args\"><!--[if IE 6] --[et-ajax]--{\"ids\":\"\",\"columns\":\"4\",\"shop_link\":1,\"limit\":\"12\",\"taxonomies\":\"744\",\"brands\":\"\",\"product_tags\":\"\",\"type\":\"grid\",\"navigation\":\"off\",\"per_iteration\":\"\",\"style\":\"default\",\"show_counter\":\"\",\"show_stock\":\"\",\"show_category\":true,\"products\":\"\",\"title\":\"\",\"hide_out_stock\":\"yes\",\"large\":4,\"notebook\":3,\"tablet_land\":2,\"tablet_portrait\":2,\"mobile\":1,\"slider_autoplay\":false,\"slider_interval\":3000,\"slider_speed\":300,\"slider_loop\":false,\"slider_stop_on_hover\":false,\"pagination_type\":\"hide\",\"nav_color\":\"\",\"arrows_bg_color\":\"\",\"default_color\":\"#e1e1e1\",\"active_color\":\"#222\",\"hide_fo\":\"\",\"hide_buttons\":false,\"navigation_type\":\"arrow\",\"navigation_position_style\":\"arrows-hover\",\"navigation_style\":\"\",\"navigation_position\":\"middle\",\"hide_buttons_for\":\"\",\"orderby\":\"date\",\"no_spacing\":\"\",\"show_image\":true,\"image_position\":\"left\",\"order\":\"DESC\",\"product_view\":\"\",\"product_view_color\":\"\",\"product_img_hover\":\"\",\"product_img_size\":\"\",\"show_excerpt\":false,\"excerpt_length\":120,\"custom_template\":\"\",\"custom_template_list\":\"\",\"per_move\":1,\"autoheight\":false,\"ajax\":\"true\",\"ajax_loaded\":false,\"no_spacing_grid\":false,\"bordered_layout\":false,\"hover_shadow\":false,\"class\":\"\",\"css\":\"\",\"is_preview\":false,\"product_content_custom_elements\":false,\"product_content_elements\":\"\",\"product_add_to_cart_quantity\":false,\"elementor\":false}--[!et-ajax]-- ![endif]--><\/span>\n\t\t\t\t\n\t\t\t\t<!--\/noindex-->\n\t\t\t\t<!--googleon: index-->\n\t\t\t<\/div>\n\t\t<\/div><\/div><\/div><\/div><div class=\"vc_row wpb_row vc_row-fluid et_custom_uniqid_69f27019e04b8\"><div class=\"wpb_column vc_column_container vc_col-sm-12 et_custom_uniqid_69f27019e0435\"><div class=\"vc_column-inner\"><div class=\"wpb_wrapper\"><div class=\"vc_empty_space\"   style=\"height: 32px\"><span class=\"vc_empty_space_inner\"><\/span><\/div><\/div><\/div><\/div><\/div><div class=\"vc_row wpb_row vc_row-fluid et_custom_uniqid_69f27019e04b8\"><div class=\"wpb_column vc_column_container vc_col-sm-12 et_custom_uniqid_69f27019e0435\"><div class=\"vc_column-inner\"><div class=\"wpb_wrapper\">\n\t<div class=\"wpb_text_column wpb_content_element \" >\n\t\t<div class=\"wpb_wrapper\">\n\t\t\t<p class=\"p1\" style=\"text-align: center;\"><span class=\"s1\">Looking for more ideas? Explore our beautiful heart selection of <\/span><span class=\"s2\">Valentine\u2019s Day products<\/span><span class=\"s1\">\u2014from timeless necklaces to sparkling earrings, there\u2019s something for every taste and style.<\/span><\/p>\n\n\t\t<\/div>\n\t<\/div>\n<\/div><\/div><\/div><\/div><div class=\"vc_row wpb_row vc_row-fluid et_custom_uniqid_69f27019e04b8\"><div class=\"wpb_column vc_column_container vc_col-sm-12 et_custom_uniqid_69f27019e0435\"><div class=\"vc_column-inner\"><div class=\"wpb_wrapper\"><div class=\"vc_separator wpb_content_element vc_separator_align_center vc_sep_width_100 vc_sep_pos_align_center align-align_center vc_separator-has-text\" ><span class=\"vc_sep_holder vc_sep_holder_l\"><span style=\"border-color:#ed84c6;\" class=\"vc_sep_line\"><\/span><\/span><h4>All Products<\/h4><span class=\"vc_sep_holder vc_sep_holder_r\"><span style=\"border-color:#ed84c6;\" class=\"vc_sep_line\"><\/span><\/span>\n<\/div>\n\t\t\t<div class=\"et-load-block lazy-loading et-ajax-element type-element\" data-type=\"element\" data-extra=\"\" data-element=\"etheme_products\">\n\t\t\t\t<!--googleoff: index-->\n\t\t\t\t<!--noindex-->\n\t\t\t\t<div class=\"et-loader no-lqip\"><svg class=\"loader-circular\" viewBox=\"25 25 50 50\" width=\"30\" height=\"30\"><circle class=\"loader-path\" cx=\"50\" cy=\"50\" r=\"20\" fill=\"none\" stroke-width=\"2\" stroke-miterlimit=\"10\"><\/circle><\/svg><\/div>\n\t\t\t\t<span class=\"hidden et-element-args\"><!--[if IE 6] --[et-ajax]--{\"ids\":\"\",\"columns\":\"4\",\"shop_link\":1,\"limit\":\"180\",\"taxonomies\":\"942\",\"brands\":\"\",\"product_tags\":\"\",\"type\":\"grid\",\"navigation\":\"lazy\",\"per_iteration\":\"12\",\"style\":\"default\",\"show_counter\":\"\",\"show_stock\":\"\",\"show_category\":true,\"products\":\"\",\"title\":\"\",\"hide_out_stock\":\"yes\",\"large\":4,\"notebook\":3,\"tablet_land\":2,\"tablet_portrait\":2,\"mobile\":1,\"slider_autoplay\":false,\"slider_interval\":3000,\"slider_speed\":300,\"slider_loop\":false,\"slider_stop_on_hover\":false,\"pagination_type\":\"hide\",\"nav_color\":\"\",\"arrows_bg_color\":\"\",\"default_color\":\"#e1e1e1\",\"active_color\":\"#222\",\"hide_fo\":\"\",\"hide_buttons\":false,\"navigation_type\":\"arrow\",\"navigation_position_style\":\"arrows-hover\",\"navigation_style\":\"\",\"navigation_position\":\"middle\",\"hide_buttons_for\":\"\",\"orderby\":\"date\",\"no_spacing\":\"\",\"show_image\":true,\"image_position\":\"left\",\"order\":\"DESC\",\"product_view\":\"\",\"product_view_color\":\"\",\"product_img_hover\":\"\",\"product_img_size\":\"\",\"show_excerpt\":false,\"excerpt_length\":120,\"custom_template\":\"\",\"custom_template_list\":\"\",\"per_move\":1,\"autoheight\":false,\"ajax\":\"true\",\"ajax_loaded\":false,\"no_spacing_grid\":false,\"bordered_layout\":false,\"hover_shadow\":false,\"class\":\"\",\"css\":\"\",\"is_preview\":false,\"product_content_custom_elements\":false,\"product_content_elements\":\"\",\"product_add_to_cart_quantity\":false,\"elementor\":false}--[!et-ajax]-- ![endif]--><\/span>\n\t\t\t\t\n\t\t\t\t<!--\/noindex-->\n\t\t\t\t<!--googleon: index-->\n\t\t\t<\/div>\n\t\t<\/div><\/div><\/div><\/div>\n<\/section>","protected":false},"excerpt":{"rendered":"Valentinip\u00e4eva kingitused Temale Meie spetsiaalsed Valentinip\u00e4eva TI SENTO komplektid on Eesti naiste \u00fclimad lemmikud! Uhke disain ja vahetatavad sarmid! filtrid Ti Sento komplektid Otsid veel ideid? Tutvu meie kauni s\u00fcdamevalikuga s\u00f5brap\u00e4eva toodete valikuga - alates aegumatutest kaelakeedest kuni s\u00e4ravate...","protected":false},"author":6526,"featured_media":0,"parent":0,"menu_order":0,"comment_status":"closed","ping_status":"closed","template":"","meta":{"jetpack_post_was_ever_published":false,"footnotes":""},"class_list":["post-272468","page","type-page","status-publish","hentry"],"_links":{"self":[{"href":"https:\/\/glamuur.ee\/et\/wp-json\/wp\/v2\/pages\/272468","targetHints":{"allow":["GET"]}}],"collection":[{"href":"https:\/\/glamuur.ee\/et\/wp-json\/wp\/v2\/pages"}],"about":[{"href":"https:\/\/glamuur.ee\/et\/wp-json\/wp\/v2\/types\/page"}],"author":[{"embeddable":true,"href":"https:\/\/glamuur.ee\/et\/wp-json\/wp\/v2\/users\/6526"}],"replies":[{"embeddable":true,"href":"https:\/\/glamuur.ee\/et\/wp-json\/wp\/v2\/comments?post=272468"}],"version-history":[{"count":0,"href":"https:\/\/glamuur.ee\/et\/wp-json\/wp\/v2\/pages\/272468\/revisions"}],"wp:attachment":[{"href":"https:\/\/glamuur.ee\/et\/wp-json\/wp\/v2\/media?parent=272468"}],"curies":[{"name":"wp","href":"https:\/\/api.w.org\/{rel}","templated":true}]}}