{"id":260205,"date":"2024-04-02T12:53:08","date_gmt":"2024-04-02T09:53:08","guid":{"rendered":"https:\/\/glamuur.ee\/?page_id=260205"},"modified":"2024-04-02T12:54:23","modified_gmt":"2024-04-02T09:54:23","slug":"ehtede-hooldusjuhised","status":"publish","type":"page","link":"https:\/\/glamuur.ee\/et\/jewellery-care-instructions\/","title":{"rendered":"Ehete  hooldus- ja kasutusjuhend"},"content":{"rendered":"<p>T\u00e4name Teid, et olete leidnud midagi ilusat meie ehtekollektsioonidest.<br \/>\nAjaga v\u00f5ivad ehted kaotada oma s\u00e4ra ja m\u00e4\u00e4rduda, kuid \u00f5ige hooldamise tulemusena saab neid hoida ilusatena<\/p>\n<p>Ehted on valmistatud suure hoole ja armastusega ning samamoodi tuleb neid ka hoida.<\/p>\n<p class=\"cvGsUA direction-ltr align-justify para-style-body\"><span class=\"OYPEnA text-decoration-none text-strikethrough-none\">1.V\u00e4ga oluline on v\u00e4ltida ehete kokkupuudet parf\u00fc\u00fcmi, juukselaki, kloorivee ja kodukemikaalidega, mis v\u00f5ivad sisaldada ehteid kahjustavaid kemikaale.<\/span><\/p>\n<p class=\"cvGsUA direction-ltr align-justify para-style-body\"><span class=\"OYPEnA text-decoration-none text-strikethrough-none\">2.Ehted lisage alati p\u00e4rast meikimist, t\u00e4nu sellele kaitsete neid v\u00f5imalike kahjustuste eest.<\/span><\/p>\n<p class=\"cvGsUA direction-ltr align-justify para-style-body\"><span class=\"OYPEnA text-decoration-none text-strikethrough-none\">3. Soovitatav on ehted eemaldada tegeledes spordiga, majapidamis- ja aiat\u00f6\u00f6dega.<\/span><\/p>\n<p class=\"cvGsUA direction-ltr align-justify para-style-body\"><span class=\"OYPEnA text-decoration-none text-strikethrough-none\">4.Magama minnes v\u00f5tke ehted \u00e4ra. Ketid v\u00f5ivad viga saada ja katkeda, samuti v\u00f5ivad ripatsid keharaskuse all kahjustada saada. Katkenud keti l\u00fclid ei kuulu tasuta parandamisele.<\/span><\/p>\n<p class=\"cvGsUA direction-ltr align-justify para-style-body\"><span class=\"OYPEnA text-decoration-none text-strikethrough-none\">5.Niisked ruumid ei ole sobivad kohad ehete kandmiseks ja hoiustamiseks. \u00d5huniiskus on ehetemetalli oks\u00fcdeerimist soodustav tegur, mille tagaj\u00e4rjel v\u00f5ib see muuta oma v\u00e4rvitooni ja tuhmuda.<\/span><\/p>\n<p class=\"cvGsUA direction-ltr align-justify para-style-body\"><span class=\"OYPEnA text-decoration-none text-strikethrough-none\">6.Ehteid tuleb hoida eemal p\u00e4ikesevalgusest ja kuumusest.<\/span><\/p>\n<p class=\"cvGsUA direction-ltr align-justify para-style-body\"><span class=\"OYPEnA text-decoration-none text-strikethrough-none\">7.Kuld- ja h\u00f5bek\u00f5rvar\u00f5ngaste puhul tuleb aeg-ajalt kontrollida lukustust. Kuna tegemist on pehmete metallidega, siis igap\u00e4evase kandmise tagaj\u00e4rjel v\u00f5ivad lukud valesse asendisse paindudes enam mitte nii korralikult lukustada.<\/span><\/p>\n<p class=\"cvGsUA direction-ltr align-justify para-style-body\"><span class=\"OYPEnA text-decoration-none text-strikethrough-none\">8.Kaitske ehteid p\u00f5rutuse, kukkumiste ja l\u00f6\u00f6kide eest. V\u00e4lja kukkunud kivid ei kuulu tasuta parandamisele.<\/span><\/p>\n<p class=\"cvGsUA direction-ltr align-justify para-style-body\"><span class=\"OYPEnA text-decoration-none text-strikethrough-none\">9.Iga kord peale ehete kandmist p\u00fchkige \u00f5rna lapiga, eemaldades rasu ja higi.<\/span><\/p>\n<p class=\"cvGsUA direction-ltr align-justify para-style-body\"><span class=\"OYPEnA text-decoration-none text-strikethrough-none\">10.Ehteid tuleb hoida eraldi karbis, et v\u00e4ltida kriimustusi ja h\u00f5\u00f5rdumist.<\/span><\/p>\n<p class=\"cvGsUA direction-ltr align-justify para-style-body\"><span class=\"OYPEnA text-decoration-none text-strikethrough-none\">11.Tasuta parandamise v\u00f5i vahetamise alla ei kuulu ehete normaalse kulumisega v\u00f5i vale k\u00e4sitlemise t\u00f5ttu tekkinud kahjustused.<\/span><\/p>\n<p>12. Kivid ei kuulu garantii alla<\/p>\n<p class=\"cvGsUA direction-ltr align-justify para-style-body\"><span class=\"OYPEnA text-decoration-none text-strikethrough-none\">13.Riietumisel tasub alati j\u00e4rgida kuld reeglit - ehted viimasena.<\/span><\/p>\n<p>&nbsp;<\/p>","protected":false},"excerpt":{"rendered":"<p>Thank you for finding something beautiful from our jewellery collections. Over time jewellery may lose the shine or get soiled but with proper care they can be kept beautiful. Jewellery care can seem like a pain or an extra step, but you have to be&#8230;<\/p>","protected":false},"author":2,"featured_media":0,"parent":0,"menu_order":0,"comment_status":"closed","ping_status":"closed","template":"","meta":{"jetpack_post_was_ever_published":false,"footnotes":""},"class_list":["post-260205","page","type-page","status-publish","hentry"],"_links":{"self":[{"href":"https:\/\/glamuur.ee\/et\/wp-json\/wp\/v2\/pages\/260205","targetHints":{"allow":["GET"]}}],"collection":[{"href":"https:\/\/glamuur.ee\/et\/wp-json\/wp\/v2\/pages"}],"about":[{"href":"https:\/\/glamuur.ee\/et\/wp-json\/wp\/v2\/types\/page"}],"author":[{"embeddable":true,"href":"https:\/\/glamuur.ee\/et\/wp-json\/wp\/v2\/users\/2"}],"replies":[{"embeddable":true,"href":"https:\/\/glamuur.ee\/et\/wp-json\/wp\/v2\/comments?post=260205"}],"version-history":[{"count":0,"href":"https:\/\/glamuur.ee\/et\/wp-json\/wp\/v2\/pages\/260205\/revisions"}],"wp:attachment":[{"href":"https:\/\/glamuur.ee\/et\/wp-json\/wp\/v2\/media?parent=260205"}],"curies":[{"name":"wp","href":"https:\/\/api.w.org\/{rel}","templated":true}]}}