{"id":207753,"date":"2023-06-26T13:37:42","date_gmt":"2023-06-26T13:37:42","guid":{"rendered":"https:\/\/glamuur.ee\/?page_id=207753"},"modified":"2025-05-13T16:11:33","modified_gmt":"2025-05-13T13:11:33","slug":"kinkekaardi-tingimused","status":"publish","type":"page","link":"https:\/\/glamuur.ee\/et\/gift-card-conditions\/","title":{"rendered":"Kinkekaartide tingimused"},"content":{"rendered":"<h2>Kinkekaartide tingimused:<\/h2>\n<ul>\n<li>Kinkekaardid jagunevad e-kinkekaartideks ja tavalisteks kinkekaartideks. E-kinkekaardid saadame p\u00e4rast ostu sooritamist e-postiga ja neid saab kasutada ainult e-poes www.glamuur.ee. Kohapealt ostetud f\u00fc\u00fcsilisi kinkekaarte saab kasutada kohapeal m\u00fc\u00fcgisaalides aadressil Lootsi 3a, Tallinn<\/li>\n<li>Saadaval on 50, 100, 125, 150 ja 200-eurosed kinkekaardid. Kinkekaarte saab sobiva summa saamiseks kombineerida.<\/li>\n<li>Kinkekaart kehtib 6 kuud alates ostukuup\u00e4evast!<\/li>\n<li>Kinkekaart kehtib \u00fchekordse maksevahendina vastavalt kaardi(de) koguv\u00e4\u00e4rtusele.<\/li>\n<li>Kinkekaarte ei saa vahetada rahaks.<\/li>\n<li>Veebipoest ostetud kinkekaarte tagastada ei saa.<\/li>\n<li>Kinkekaartidele ei kehti p\u00fcsikliendi allahindlused, kampaaniad ja muud hinnasoodustused.<\/li>\n<\/ul>","protected":false},"excerpt":{"rendered":"<p>Terms of gift cards: Gift cards are divided into e-gift cards and regular gift cards. We send e-gift cards by e-mail after purchase and they can be used only in the e-shop www.glamuur.ee. Physical gift cards purchased locally can be used locally in the showrooms&#8230;<\/p>","protected":false},"author":2,"featured_media":0,"parent":0,"menu_order":0,"comment_status":"closed","ping_status":"closed","template":"","meta":{"jetpack_post_was_ever_published":false,"footnotes":""},"class_list":["post-207753","page","type-page","status-publish","hentry"],"_links":{"self":[{"href":"https:\/\/glamuur.ee\/et\/wp-json\/wp\/v2\/pages\/207753","targetHints":{"allow":["GET"]}}],"collection":[{"href":"https:\/\/glamuur.ee\/et\/wp-json\/wp\/v2\/pages"}],"about":[{"href":"https:\/\/glamuur.ee\/et\/wp-json\/wp\/v2\/types\/page"}],"author":[{"embeddable":true,"href":"https:\/\/glamuur.ee\/et\/wp-json\/wp\/v2\/users\/2"}],"replies":[{"embeddable":true,"href":"https:\/\/glamuur.ee\/et\/wp-json\/wp\/v2\/comments?post=207753"}],"version-history":[{"count":0,"href":"https:\/\/glamuur.ee\/et\/wp-json\/wp\/v2\/pages\/207753\/revisions"}],"wp:attachment":[{"href":"https:\/\/glamuur.ee\/et\/wp-json\/wp\/v2\/media?parent=207753"}],"curies":[{"name":"wp","href":"https:\/\/api.w.org\/{rel}","templated":true}]}}